{"id":149,"date":"2020-12-02T22:46:13","date_gmt":"2020-12-02T21:46:13","guid":{"rendered":"https:\/\/www.tesalys.fr\/?page_id=149"},"modified":"2026-04-13T14:08:19","modified_gmt":"2026-04-13T12:08:19","slug":"notas-legales","status":"publish","type":"page","link":"https:\/\/www.tesalys.fr\/es\/notas-legales\/","title":{"rendered":"Notas legales"},"content":{"rendered":"\n<p>Direcci\u00f3n principal: P.A. du Cass\u00e9 \u2013 8, rue du Cass\u00e9 | F-31 240 Saint-Jean (Toulouse) \u2013 Francia<br>info@tesalys.fr | Tel. : +33 5 62 10 18 91<br>NAF 2899 B \u2013 SIRET 750 475 527 00057 \u2013 N\u00famero de IVA intracomunitario: FR 42 750 475 527 \u2013 750 475 527 RCS Toulouse \u2013 SAS con un capital de \u20ac 189,978<br>Sede: 8 rue du Cass\u00e9 \u2013 Parc d\u2019activit\u00e9s du Cass\u00e9 \u2013 31 240 SAINT JEAN (Toulouse) \u2013 Francia | SIRET 750 475 527 00057<\/p>\n\n\n\n<p>Tesalys<br>Correo electr\u00f3nico: info@tesalys.fr<\/p>\n\n\n\n<p><strong>ANFITRI\u00f3N<\/strong><\/p>\n\n\n\n<p>Tesalys est\u00e1 alojado por SAS OVH, en un servidor compartido que se ejecuta en un sistema LAMP. Para obtener m\u00e1s informaci\u00f3n, consulte: http:\/\/www.ovh.net.<br>Para contactarlos, use la direcci\u00f3n de correo electr\u00f3nico: contact@ovh.com.<\/p>\n\n\n\n<p>Tesalys declina toda responsabilidad por cualquier interrupci\u00f3n del sitio de Tesalys y sus servicios.<\/p>\n\n\n\n<p>SAS OVH<br>Correo electr\u00f3nico: contact@ovh.com<\/p>\n\n\n\n<p><strong>DISE\u00d1ADOR \/ CREADOR<\/strong><\/p>\n\n\n\n<p>Digeek cre\u00f3 y desarroll\u00f3 todo el sitio web, el dise\u00f1o, los gr\u00e1ficos y las aplicaciones de Tesalys. Para obtener m\u00e1s informaci\u00f3n, consulte el sitio: http:\/\/www.digeek.fr<br>Para contactarlos, use la direcci\u00f3n de correo electr\u00f3nico: contact@digeek.fr.<\/p>\n\n\n\n<p>DIGEEK<br>Sede: 29 Boulevard de Strasbourg \u2013 31000 TOULOUSE \u2013 Francia<br>Tel\u00e9fono: 05 31 98 08 02<br>Correo electr\u00f3nico: contact@digeek.fr<br>Sitio web:&nbsp;<a href=\"https:\/\/www.digeek.fr\/\" target=\"_blank\" rel=\"noreferrer noopener\">www.digeek.fr<\/a><\/p>\n\n\n\n<p><strong>CONTENIDO Y DERECHOS DE AUTOR<\/strong><\/p>\n\n\n\n<p>De conformidad con los art\u00edculos L. 111-1 y L. 123-1 del C\u00f3digo de Propiedad Intelectual, todo el contenido de este sitio (textos, im\u00e1genes, videos y todos los medios en general), a menos que se indique expresamente lo contrario, est\u00e1 protegido por derechos de autor. Queda estrictamente prohibida la reproducci\u00f3n, incluso parcial, del contenido de las p\u00e1ginas de este sitio sin el previo consentimiento de Tesalys.<\/p>\n\n\n\n<p>\u00a9 Copyright 2015 Tesalys | Todos los derechos reservados.<\/p>\n\n\n\n<p><strong>CONDICIONES DE USO<\/strong><\/p>\n\n\n\n<p><em>ACEPTACI\u00d3N DE HECHO<\/em><\/p>\n\n\n\n<p>Al usar Tesalys, el usuario toma nota y acepta las condiciones enumeradas aqu\u00ed.<\/p>\n\n\n\n<p><em>ABUSO<\/em><\/p>\n\n\n\n<p>De conformidad con la ley n \u00b0 2004-575 del 21 de junio de 2004 para la confianza en la econom\u00eda digital, para informar contenido en disputa o si usted es v\u00edctima de uso fraudulento del sitio de Tesalys, comun\u00edquese con el administrador del sitio a la direcci\u00f3n de correo electr\u00f3nico: info@tesalys.fr<\/p>\n\n\n\n<p><em>RECOGIDA Y TRATAMIENTO DE DATOS PERSONALES<\/em><\/p>\n\n\n\n<p>Cualquier informaci\u00f3n recopilada por Tesalys nunca se comunica a terceros.<br>Excepto en casos especiales, esta informaci\u00f3n proviene del registro voluntario de una direcci\u00f3n de correo electr\u00f3nico proporcionada por el usuario, lo que le permite recibir documentaci\u00f3n o un bolet\u00edn informativo, solicitar su registro en el comit\u00e9 editorial del sitio o preguntar sobre un punto. cualquiera.<\/p>\n\n\n\n<p>En aplicaci\u00f3n de la ley n \u00b0 78-17 del 6 de enero de 1978 relativa al procesamiento de datos, archivos y libertades, el usuario de Internet tiene derecho a acceder, rectificar y eliminar la informaci\u00f3n personal que le concierne almacenada por Tesalys, que puede ejercer en cualquier momento con el administrador de Tesalys. Para tal solicitud, env\u00ede una carta a Tesalys o p\u00f3ngase en contacto con la direcci\u00f3n de correo electr\u00f3nico: info@tesalys.fr<\/p>\n\n\n\n<p><em>COOKIES<\/em><\/p>\n\n\n\n<p>Tesalys puede guardar cierta informaci\u00f3n personal y ciertos marcadores de cookies en la computadora personal del usuario sin que este \u00faltimo exprese sus deseos (\u00abcookies\u00bb o \u00abapplets JAVA\u00bb). A menos que se indique expl\u00edcitamente lo contrario [*], estos procesos t\u00e9cnicos no son esenciales para el correcto funcionamiento de Tesalys y, por supuesto, su uso puede desactivarse en el navegador utilizado por el usuario de Internet sin que se vea afectada su navegaci\u00f3n. El sitio no conserva ninguna de esta informaci\u00f3n una vez que el usuario ha cerrado la sesi\u00f3n.<\/p>\n\n\n\n<p>[*] Es \u00fatil especificar aqu\u00ed que el acceso a las diferentes \u00e1reas privadas del sitio puede requerir la aceptaci\u00f3n por parte del usuario de Internet del dep\u00f3sito de una cookie en su computadora personal por razones de seguridad.<\/p>\n\n\n\n<p><em>LIMITACI\u00d3N DE RESPONSABILIDAD<\/em><\/p>\n\n\n\n<p>Tesalys incluye informaci\u00f3n puesta a disposici\u00f3n por compa\u00f1\u00edas externas o enlaces de hipertexto a otros sitios u otras fuentes externas que no han sido desarrolladas por Tesalys. El comportamiento de los sitios de destino, que pueden ser maliciosos, no puede atribuirse a la responsabilidad de Tesalys. En t\u00e9rminos m\u00e1s generales, el contenido disponible en este sitio se proporciona con fines informativos. Depende del usuario utilizar esta informaci\u00f3n con cuidado. Tesalys no se hace responsable de la informaci\u00f3n, opiniones y recomendaciones formuladas por terceros.<\/p>\n\n\n\n<p>En la medida en que Tesalys no pueda controlar estos sitios o fuentes externas, Tesalys no se hace responsable de la provisi\u00f3n de estos sitios o fuentes externas y no puede asumir ninguna responsabilidad por el contenido, anuncios, productos, servicios o cualquier otro material disponible en o desde estos sitios o fuentes externas. Adem\u00e1s, Tesalys no se hace responsable de ning\u00fan da\u00f1o o p\u00e9rdida comprobada o presunta como resultado del uso o la confianza en el contenido, bienes o servicios disponibles en estos sitios o fuentes externas.<\/p>\n","protected":false},"excerpt":{"rendered":"<p>Direcci\u00f3n principal: P.A. du Cass\u00e9 \u2013 8, rue du Cass\u00e9 | F-31 240 Saint-Jean (Toulouse) \u2013 Franciainfo@tesalys.fr | Tel. : +33 5 62 10 18 91NAF 2899 B \u2013 SIRET 750 475 527 00057 \u2013 N\u00famero de IVA intracomunitario: FR 42 750 475 527 \u2013 750 475 527 RCS Toulouse \u2013 SAS con un capital [&hellip;]<\/p>\n","protected":false},"author":1,"featured_media":1221,"parent":0,"menu_order":6,"comment_status":"closed","ping_status":"closed","template":"","meta":{"_uag_custom_page_level_css":"","footnotes":""},"class_list":["post-149","page","type-page","status-publish","has-post-thumbnail","hentry"],"yoast_head":"<!-- This site is optimized with the Yoast SEO plugin v26.8 - https:\/\/yoast.com\/product\/yoast-seo-wordpress\/ -->\n<title>Notas legales - Tesalys<\/title>\n<meta name=\"robots\" content=\"index, follow, max-snippet:-1, max-image-preview:large, max-video-preview:-1\" \/>\n<link rel=\"canonical\" href=\"https:\/\/www.tesalys.fr\/es\/notas-legales\/\" \/>\n<meta property=\"og:locale\" content=\"es_ES\" \/>\n<meta property=\"og:type\" content=\"article\" \/>\n<meta property=\"og:title\" content=\"Notas legales - Tesalys\" \/>\n<meta property=\"og:description\" content=\"Direcci\u00f3n principal: P.A. du Cass\u00e9 \u2013 8, rue du Cass\u00e9 | F-31 240 Saint-Jean (Toulouse) \u2013 Franciainfo@tesalys.fr | Tel. : +33 5 62 10 18 91NAF 2899 B \u2013 SIRET 750 475 527 00057 \u2013 N\u00famero de IVA intracomunitario: FR 42 750 475 527 \u2013 750 475 527 RCS Toulouse \u2013 SAS con un capital [&hellip;]\" \/>\n<meta property=\"og:url\" content=\"https:\/\/www.tesalys.fr\/es\/notas-legales\/\" \/>\n<meta property=\"og:site_name\" content=\"Tesalys\" \/>\n<meta property=\"article:modified_time\" content=\"2026-04-13T12:08:19+00:00\" \/>\n<meta property=\"og:image\" content=\"https:\/\/www.tesalys.fr\/wp-content\/uploads\/2021\/02\/ambiances-44-scaled.jpg\" \/>\n\t<meta property=\"og:image:width\" content=\"2560\" \/>\n\t<meta property=\"og:image:height\" content=\"1709\" \/>\n\t<meta property=\"og:image:type\" content=\"image\/jpeg\" \/>\n<meta name=\"twitter:card\" content=\"summary_large_image\" \/>\n<meta name=\"twitter:label1\" content=\"Tiempo de lectura\" \/>\n\t<meta name=\"twitter:data1\" content=\"5 minutos\" \/>\n<script type=\"application\/ld+json\" class=\"yoast-schema-graph\">{\"@context\":\"https:\/\/schema.org\",\"@graph\":[{\"@type\":\"WebPage\",\"@id\":\"https:\/\/www.tesalys.fr\/es\/notas-legales\/\",\"url\":\"https:\/\/www.tesalys.fr\/es\/notas-legales\/\",\"name\":\"Notas legales - Tesalys\",\"isPartOf\":{\"@id\":\"https:\/\/www.tesalys.fr\/es\/#website\"},\"primaryImageOfPage\":{\"@id\":\"https:\/\/www.tesalys.fr\/es\/notas-legales\/#primaryimage\"},\"image\":{\"@id\":\"https:\/\/www.tesalys.fr\/es\/notas-legales\/#primaryimage\"},\"thumbnailUrl\":\"https:\/\/www.tesalys.fr\/wp-content\/uploads\/2021\/02\/ambiances-44-scaled.jpg\",\"datePublished\":\"2020-12-02T21:46:13+00:00\",\"dateModified\":\"2026-04-13T12:08:19+00:00\",\"inLanguage\":\"es\",\"potentialAction\":[{\"@type\":\"ReadAction\",\"target\":[\"https:\/\/www.tesalys.fr\/es\/notas-legales\/\"]}]},{\"@type\":\"ImageObject\",\"inLanguage\":\"es\",\"@id\":\"https:\/\/www.tesalys.fr\/es\/notas-legales\/#primaryimage\",\"url\":\"https:\/\/www.tesalys.fr\/wp-content\/uploads\/2021\/02\/ambiances-44-scaled.jpg\",\"contentUrl\":\"https:\/\/www.tesalys.fr\/wp-content\/uploads\/2021\/02\/ambiances-44-scaled.jpg\",\"width\":2560,\"height\":1709},{\"@type\":\"WebSite\",\"@id\":\"https:\/\/www.tesalys.fr\/es\/#website\",\"url\":\"https:\/\/www.tesalys.fr\/es\/\",\"name\":\"Tesalys\",\"description\":\"Soluciones de tratamiento para residuos de riesgo infeccioso\",\"publisher\":{\"@id\":\"https:\/\/www.tesalys.fr\/es\/#organization\"},\"potentialAction\":[{\"@type\":\"SearchAction\",\"target\":{\"@type\":\"EntryPoint\",\"urlTemplate\":\"https:\/\/www.tesalys.fr\/es\/?s={search_term_string}\"},\"query-input\":{\"@type\":\"PropertyValueSpecification\",\"valueRequired\":true,\"valueName\":\"search_term_string\"}}],\"inLanguage\":\"es\"},{\"@type\":\"Organization\",\"@id\":\"https:\/\/www.tesalys.fr\/es\/#organization\",\"name\":\"TESALYS\",\"url\":\"https:\/\/www.tesalys.fr\/es\/\",\"logo\":{\"@type\":\"ImageObject\",\"inLanguage\":\"es\",\"@id\":\"https:\/\/www.tesalys.fr\/es\/#\/schema\/logo\/image\/\",\"url\":\"https:\/\/www.tesalys.fr\/wp-content\/uploads\/2020\/12\/tesalys-logo-header.jpg\",\"contentUrl\":\"https:\/\/www.tesalys.fr\/wp-content\/uploads\/2020\/12\/tesalys-logo-header.jpg\",\"width\":200,\"height\":74,\"caption\":\"TESALYS\"},\"image\":{\"@id\":\"https:\/\/www.tesalys.fr\/es\/#\/schema\/logo\/image\/\"}}]}<\/script>\n<!-- \/ Yoast SEO plugin. -->","yoast_head_json":{"title":"Notas legales - Tesalys","robots":{"index":"index","follow":"follow","max-snippet":"max-snippet:-1","max-image-preview":"max-image-preview:large","max-video-preview":"max-video-preview:-1"},"canonical":"https:\/\/www.tesalys.fr\/es\/notas-legales\/","og_locale":"es_ES","og_type":"article","og_title":"Notas legales - Tesalys","og_description":"Direcci\u00f3n principal: P.A. du Cass\u00e9 \u2013 8, rue du Cass\u00e9 | F-31 240 Saint-Jean (Toulouse) \u2013 Franciainfo@tesalys.fr | Tel. : +33 5 62 10 18 91NAF 2899 B \u2013 SIRET 750 475 527 00057 \u2013 N\u00famero de IVA intracomunitario: FR 42 750 475 527 \u2013 750 475 527 RCS Toulouse \u2013 SAS con un capital [&hellip;]","og_url":"https:\/\/www.tesalys.fr\/es\/notas-legales\/","og_site_name":"Tesalys","article_modified_time":"2026-04-13T12:08:19+00:00","og_image":[{"width":2560,"height":1709,"url":"https:\/\/www.tesalys.fr\/wp-content\/uploads\/2021\/02\/ambiances-44-scaled.jpg","type":"image\/jpeg"}],"twitter_card":"summary_large_image","twitter_misc":{"Tiempo de lectura":"5 minutos"},"schema":{"@context":"https:\/\/schema.org","@graph":[{"@type":"WebPage","@id":"https:\/\/www.tesalys.fr\/es\/notas-legales\/","url":"https:\/\/www.tesalys.fr\/es\/notas-legales\/","name":"Notas legales - Tesalys","isPartOf":{"@id":"https:\/\/www.tesalys.fr\/es\/#website"},"primaryImageOfPage":{"@id":"https:\/\/www.tesalys.fr\/es\/notas-legales\/#primaryimage"},"image":{"@id":"https:\/\/www.tesalys.fr\/es\/notas-legales\/#primaryimage"},"thumbnailUrl":"https:\/\/www.tesalys.fr\/wp-content\/uploads\/2021\/02\/ambiances-44-scaled.jpg","datePublished":"2020-12-02T21:46:13+00:00","dateModified":"2026-04-13T12:08:19+00:00","inLanguage":"es","potentialAction":[{"@type":"ReadAction","target":["https:\/\/www.tesalys.fr\/es\/notas-legales\/"]}]},{"@type":"ImageObject","inLanguage":"es","@id":"https:\/\/www.tesalys.fr\/es\/notas-legales\/#primaryimage","url":"https:\/\/www.tesalys.fr\/wp-content\/uploads\/2021\/02\/ambiances-44-scaled.jpg","contentUrl":"https:\/\/www.tesalys.fr\/wp-content\/uploads\/2021\/02\/ambiances-44-scaled.jpg","width":2560,"height":1709},{"@type":"WebSite","@id":"https:\/\/www.tesalys.fr\/es\/#website","url":"https:\/\/www.tesalys.fr\/es\/","name":"Tesalys","description":"Soluciones de tratamiento para residuos de riesgo infeccioso","publisher":{"@id":"https:\/\/www.tesalys.fr\/es\/#organization"},"potentialAction":[{"@type":"SearchAction","target":{"@type":"EntryPoint","urlTemplate":"https:\/\/www.tesalys.fr\/es\/?s={search_term_string}"},"query-input":{"@type":"PropertyValueSpecification","valueRequired":true,"valueName":"search_term_string"}}],"inLanguage":"es"},{"@type":"Organization","@id":"https:\/\/www.tesalys.fr\/es\/#organization","name":"TESALYS","url":"https:\/\/www.tesalys.fr\/es\/","logo":{"@type":"ImageObject","inLanguage":"es","@id":"https:\/\/www.tesalys.fr\/es\/#\/schema\/logo\/image\/","url":"https:\/\/www.tesalys.fr\/wp-content\/uploads\/2020\/12\/tesalys-logo-header.jpg","contentUrl":"https:\/\/www.tesalys.fr\/wp-content\/uploads\/2020\/12\/tesalys-logo-header.jpg","width":200,"height":74,"caption":"TESALYS"},"image":{"@id":"https:\/\/www.tesalys.fr\/es\/#\/schema\/logo\/image\/"}}]}},"uagb_featured_image_src":{"full":["https:\/\/www.tesalys.fr\/wp-content\/uploads\/2021\/02\/ambiances-44-scaled.jpg",2560,1709,false],"thumbnail":["https:\/\/www.tesalys.fr\/wp-content\/uploads\/2021\/02\/ambiances-44-scaled-150x150.jpg",150,150,true],"medium":["https:\/\/www.tesalys.fr\/wp-content\/uploads\/2021\/02\/ambiances-44-scaled-300x200.jpg",300,200,true],"medium_large":["https:\/\/www.tesalys.fr\/wp-content\/uploads\/2021\/02\/ambiances-44-scaled-768x513.jpg",768,513,true],"large":["https:\/\/www.tesalys.fr\/wp-content\/uploads\/2021\/02\/ambiances-44-scaled-1024x684.jpg",1024,684,true],"1536x1536":["https:\/\/www.tesalys.fr\/wp-content\/uploads\/2021\/02\/ambiances-44-scaled-1536x1025.jpg",1536,1025,true],"2048x2048":["https:\/\/www.tesalys.fr\/wp-content\/uploads\/2021\/02\/ambiances-44-scaled-2048x1367.jpg",2048,1367,true],"home-actu":["https:\/\/www.tesalys.fr\/wp-content\/uploads\/2021\/02\/ambiances-44-scaled-455x280.jpg",455,280,true],"home-carousel":["https:\/\/www.tesalys.fr\/wp-content\/uploads\/2021\/02\/ambiances-44-scaled-1920x550.jpg",1920,550,true],"home-avantage":["https:\/\/www.tesalys.fr\/wp-content\/uploads\/2021\/02\/ambiances-44-scaled-140x93.jpg",140,93,true],"home-destinataire":["https:\/\/www.tesalys.fr\/wp-content\/uploads\/2021\/02\/ambiances-44-scaled-110x73.jpg",110,73,true],"produit-title":["https:\/\/www.tesalys.fr\/wp-content\/uploads\/2021\/02\/ambiances-44-scaled-450x300.jpg",450,300,true],"produit-title-800x800":["https:\/\/www.tesalys.fr\/wp-content\/uploads\/2021\/02\/ambiances-44-scaled-800x800.jpg",800,800,true],"produit-repeatable":["https:\/\/www.tesalys.fr\/wp-content\/uploads\/2021\/02\/ambiances-44-scaled-800x600.jpg",800,600,true]},"uagb_author_info":{"display_name":"digeek","author_link":"https:\/\/www.tesalys.fr\/es\/author\/digeek\/"},"uagb_comment_info":0,"uagb_excerpt":"Direcci\u00f3n principal: P.A. du Cass\u00e9 \u2013 8, rue du Cass\u00e9 | F-31 240 Saint-Jean (Toulouse) \u2013 Franciainfo@tesalys.fr | Tel. : +33 5 62 10 18 91NAF 2899 B \u2013 SIRET 750 475 527 00057 \u2013 N\u00famero de IVA intracomunitario: FR 42 750 475 527 \u2013 750 475 527 RCS Toulouse \u2013 SAS con un capital&hellip;","_links":{"self":[{"href":"https:\/\/www.tesalys.fr\/es\/wp-json\/wp\/v2\/pages\/149","targetHints":{"allow":["GET"]}}],"collection":[{"href":"https:\/\/www.tesalys.fr\/es\/wp-json\/wp\/v2\/pages"}],"about":[{"href":"https:\/\/www.tesalys.fr\/es\/wp-json\/wp\/v2\/types\/page"}],"author":[{"embeddable":true,"href":"https:\/\/www.tesalys.fr\/es\/wp-json\/wp\/v2\/users\/1"}],"replies":[{"embeddable":true,"href":"https:\/\/www.tesalys.fr\/es\/wp-json\/wp\/v2\/comments?post=149"}],"version-history":[{"count":2,"href":"https:\/\/www.tesalys.fr\/es\/wp-json\/wp\/v2\/pages\/149\/revisions"}],"predecessor-version":[{"id":4907,"href":"https:\/\/www.tesalys.fr\/es\/wp-json\/wp\/v2\/pages\/149\/revisions\/4907"}],"wp:featuredmedia":[{"embeddable":true,"href":"https:\/\/www.tesalys.fr\/es\/wp-json\/wp\/v2\/media\/1221"}],"wp:attachment":[{"href":"https:\/\/www.tesalys.fr\/es\/wp-json\/wp\/v2\/media?parent=149"}],"curies":[{"name":"wp","href":"https:\/\/api.w.org\/{rel}","templated":true}]}}