{"id":227,"date":"2020-12-02T14:50:33","date_gmt":"2020-12-02T13:50:33","guid":{"rendered":"https:\/\/www.tesalys.fr\/?page_id=227"},"modified":"2026-04-13T10:24:45","modified_gmt":"2026-04-13T08:24:45","slug":"steriplus","status":"publish","type":"page","link":"https:\/\/www.tesalys.fr\/es\/steriplus\/","title":{"rendered":"Steriplus"},"content":{"rendered":"\n<div class=\"wp-block-columns is-layout-flex wp-container-core-columns-is-layout-1 wp-block-columns-is-layout-flex\">\n<div class=\"wp-block-column is-layout-flow wp-block-column-is-layout-flow\">\n<figure class=\"wp-block-embed is-type-video is-provider-youtube wp-block-embed-youtube wp-embed-aspect-16-9 wp-has-aspect-ratio\"><div class=\"wp-block-embed__wrapper\">\n<iframe title=\"Tesalys Steriplus System TM (2016 English version)\" width=\"1140\" height=\"641\" src=\"https:\/\/www.youtube.com\/embed\/ahPvNNrzIMk?feature=oembed\" frameborder=\"0\" allow=\"accelerometer; autoplay; clipboard-write; encrypted-media; gyroscope; picture-in-picture\" allowfullscreen><\/iframe>\n<\/div><\/figure>\n<\/div>\n\n\n\n<div class=\"wp-block-column is-layout-flow wp-block-column-is-layout-flow\">\n<p><strong>El sistema STERIPLUS<sup>TM<\/sup>&nbsp;<\/strong>es un dispositivo de tratamiento previo para la desinfecci\u00f3n de los residuos de actividades sanitarias con riesgo infeccioso, tal como se define en la norma NF X30-503-1 (denominado anteriormente \u00abesterilizador\u00bb).<\/p>\n\n\n\n<p>Se trata de un esterilizador (autoclave) con un triturador integrado, que tritura previamente los residuos y realiza un ciclo de autoclave con vapor a 135&nbsp;\u00b0C.<\/p>\n\n\n\n<p><strong>Una vez tratados en el STERIPLUS<sup>TM<\/sup>, los residuos infecciosos se convierten en residuos asimilados a los residuos dom\u00e9sticos<\/strong>, y pueden eliminarse como cualquier otro residuo industrial ordinario o residuo dom\u00e9stico.<\/p>\n\n\n\n<p><strong>Se ha prestado especial atenci\u00f3n a los temas medioambientales: adem\u00e1s del tratamiento del aire y de los efluentes producidos por el aparato, el aparato consume muy poca electricidad y agua gracias a los dispositivos de recuperaci\u00f3n de energ\u00eda.<\/strong><\/p>\n\n\n\n<div class=\"wp-block-buttons is-horizontal is-content-justification-center is-layout-flex wp-container-core-buttons-is-layout-1 wp-block-buttons-is-layout-flex\">\n<div class=\"wp-block-button\"><a class=\"wp-block-button__link has-blanc-color has-orange-background-color has-text-color has-background wp-element-button\" href=\"https:\/\/www.tesalys.fr\/wp-content\/uploads\/2026\/04\/T02-003-Gamma_Steriplus_ES_WEB.pdf\" style=\"border-radius:10px\" target=\"_blank\" rel=\"noreferrer noopener\">Descarga el folleto<\/a><\/div>\n<\/div>\n<\/div>\n<\/div>\n\n\n\n<p class=\"has-text-align-center\"><strong><span style=\"color:#f0810f\" class=\"tadv-color\">El sistema Tesalys STERIPLUS<sup>TM<\/sup>&nbsp;realiza todos los pasos en un sistema cerrado, <\/span><\/strong><br><strong><span style=\"color:#f0810f\" class=\"tadv-color\">lo que garantiza la seguridad total para los operarios <\/span><\/strong><br><strong><span style=\"color:#f0810f\" class=\"tadv-color\">y el medio ambiente.<\/span><\/strong><\/p>\n\n\n\n<p class=\"has-text-align-center\">La eficacia de los sistemas STERIPLUS<sup>TM<\/sup>&nbsp;ha sido probada en varios aspectos:<\/p>\n\n\n\n<div class=\"wp-block-columns is-layout-flex wp-container-core-columns-is-layout-4 wp-block-columns-is-layout-flex\">\n<div class=\"wp-block-column is-layout-flow wp-block-column-is-layout-flow\">\n<div class=\"wp-block-columns is-layout-flex wp-container-core-columns-is-layout-2 wp-block-columns-is-layout-flex\">\n<div class=\"wp-block-column is-layout-flow wp-block-column-is-layout-flow\"><div class=\"wp-block-image is-style-default\">\n<figure class=\"aligncenter size-large\"><img decoding=\"async\" width=\"118\" height=\"119\" src=\"https:\/\/www.tesalys.fr\/wp-content\/uploads\/2021\/02\/Plan-de-travail-1-100.jpg\" alt=\"\" class=\"wp-image-1471\" srcset=\"https:\/\/www.tesalys.fr\/wp-content\/uploads\/2021\/02\/Plan-de-travail-1-100.jpg 118w, https:\/\/www.tesalys.fr\/wp-content\/uploads\/2021\/02\/Plan-de-travail-1-100-110x110.jpg 110w\" sizes=\"(max-width: 118px) 100vw, 118px\" \/><\/figure><\/div>\n\n\n<p class=\"has-text-align-center\"><strong>Eficacia microbiol\u00f3gica<\/strong> del ciclo de descontaminaci\u00f3n: <strong>reducci\u00f3n de hasta 8 log<sub>10<\/sub>.<\/strong><\/p>\n<\/div>\n\n\n\n<div class=\"wp-block-column is-layout-flow wp-block-column-is-layout-flow\"><div class=\"wp-block-image is-style-default\">\n<figure class=\"aligncenter size-large\"><img decoding=\"async\" width=\"114\" height=\"119\" src=\"https:\/\/www.tesalys.fr\/wp-content\/uploads\/2021\/02\/Plan-de-travail-2-100.jpg\" alt=\"\" class=\"wp-image-1474\" srcset=\"https:\/\/www.tesalys.fr\/wp-content\/uploads\/2021\/02\/Plan-de-travail-2-100.jpg 114w, https:\/\/www.tesalys.fr\/wp-content\/uploads\/2021\/02\/Plan-de-travail-2-100-105x110.jpg 105w\" sizes=\"(max-width: 114px) 100vw, 114px\" \/><\/figure><\/div>\n\n\n<p class=\"has-text-align-center\"><strong>Reviviscencia de los residuos tratados<\/strong>: an\u00e1lisis de no recontaminaci\u00f3n tras 28 d\u00edas de incubaci\u00f3n.<\/p>\n<\/div>\n<\/div>\n<\/div>\n\n\n\n<div class=\"wp-block-column is-layout-flow wp-block-column-is-layout-flow\">\n<div class=\"wp-block-columns is-layout-flex wp-container-core-columns-is-layout-3 wp-block-columns-is-layout-flex\">\n<div class=\"wp-block-column is-layout-flow wp-block-column-is-layout-flow\"><div class=\"wp-block-image is-style-default\">\n<figure class=\"aligncenter size-large\"><img decoding=\"async\" width=\"112\" height=\"114\" src=\"https:\/\/www.tesalys.fr\/wp-content\/uploads\/2021\/02\/Plan-de-travail-4-100.jpg\" alt=\"\" class=\"wp-image-1480\" srcset=\"https:\/\/www.tesalys.fr\/wp-content\/uploads\/2021\/02\/Plan-de-travail-4-100.jpg 112w, https:\/\/www.tesalys.fr\/wp-content\/uploads\/2021\/02\/Plan-de-travail-4-100-108x110.jpg 108w\" sizes=\"(max-width: 112px) 100vw, 112px\" \/><\/figure><\/div>\n\n\n<p class=\"has-text-align-center\"><strong>Transformaci\u00f3n f\u00edsica del residuo<\/strong> (eficacia de trituraci\u00f3n): cortado en trozos de entre 8 y 10&nbsp;mm.<\/p>\n<\/div>\n\n\n\n<div class=\"wp-block-column is-layout-flow wp-block-column-is-layout-flow\"><div class=\"wp-block-image is-style-default\">\n<figure class=\"aligncenter size-large is-resized\"><img decoding=\"async\" width=\"122\" height=\"120\" src=\"https:\/\/www.tesalys.fr\/wp-content\/uploads\/2021\/02\/Plan-de-travail-3-100.jpg\" alt=\"\" class=\"wp-image-1477\" style=\"width:119px;height:117px\" srcset=\"https:\/\/www.tesalys.fr\/wp-content\/uploads\/2021\/02\/Plan-de-travail-3-100.jpg 122w, https:\/\/www.tesalys.fr\/wp-content\/uploads\/2021\/02\/Plan-de-travail-3-100-110x108.jpg 110w\" sizes=\"(max-width: 122px) 100vw, 122px\" \/><\/figure><\/div>\n\n\n<p class=\"has-text-align-center\"><strong>Eficiencia ambiental<\/strong>: tratamiento del aire que sale de la unidad mediante un filtro microbiol\u00f3gico, tratamiento a 135&nbsp;\u00b0C de los efluentes l\u00edquidos que salen de la unidad.<\/p>\n<\/div>\n<\/div>\n<\/div>\n<\/div>\n\n\n\n<section class=\"wp-block-uagb-section uagb-section__wrap uagb-section__background-color uagb-block-7725a35e\"><div class=\"uagb-section__overlay\"><\/div><div class=\"uagb-section__inner-wrap\">\n<p>El STERIPLUS<sup>TM<\/sup>&nbsp;ha sido especialmente dise\u00f1ado para instalarse lo m\u00e1s cerca posible de la fuente de producci\u00f3n de residuos con riesgo de infecci\u00f3n, de forma que se reduzcan los riesgos asociados a su almacenamiento, transporte y eliminaci\u00f3n. Las principales caracter\u00edsticas del STERIPLUS<sup>TM<\/sup>&nbsp;son&nbsp;:<\/p>\n\n\n\n<div class=\"wp-block-columns is-layout-flex wp-container-core-columns-is-layout-6 wp-block-columns-is-layout-flex\">\n<div class=\"wp-block-column is-layout-flow wp-block-column-is-layout-flow\" style=\"flex-basis:100%\">\n<div class=\"wp-block-columns is-layout-flex wp-container-core-columns-is-layout-5 wp-block-columns-is-layout-flex\">\n<div class=\"wp-block-column is-layout-flow wp-block-column-is-layout-flow\">\n<figure class=\"wp-block-image size-large is-style-default\"><img decoding=\"async\" width=\"2560\" height=\"1711\" src=\"https:\/\/www.tesalys.fr\/wp-content\/uploads\/2021\/02\/171011_Forex_tuyaux-scaled.jpg\" alt=\"\" class=\"wp-image-1574\" srcset=\"https:\/\/www.tesalys.fr\/wp-content\/uploads\/2021\/02\/171011_Forex_tuyaux-scaled.jpg 2560w, https:\/\/www.tesalys.fr\/wp-content\/uploads\/2021\/02\/171011_Forex_tuyaux-scaled-300x201.jpg 300w, https:\/\/www.tesalys.fr\/wp-content\/uploads\/2021\/02\/171011_Forex_tuyaux-scaled-1024x684.jpg 1024w, https:\/\/www.tesalys.fr\/wp-content\/uploads\/2021\/02\/171011_Forex_tuyaux-scaled-768x513.jpg 768w, https:\/\/www.tesalys.fr\/wp-content\/uploads\/2021\/02\/171011_Forex_tuyaux-scaled-1536x1027.jpg 1536w, https:\/\/www.tesalys.fr\/wp-content\/uploads\/2021\/02\/171011_Forex_tuyaux-scaled-2048x1369.jpg 2048w, https:\/\/www.tesalys.fr\/wp-content\/uploads\/2021\/02\/171011_Forex_tuyaux-scaled-140x94.jpg 140w, https:\/\/www.tesalys.fr\/wp-content\/uploads\/2021\/02\/171011_Forex_tuyaux-scaled-110x74.jpg 110w, https:\/\/www.tesalys.fr\/wp-content\/uploads\/2021\/02\/171011_Forex_tuyaux-scaled-450x301.jpg 450w\" sizes=\"(max-width: 2560px) 100vw, 2560px\" \/><\/figure>\n<\/div>\n\n\n\n<div class=\"wp-block-column is-layout-flow wp-block-column-is-layout-flow\">\n<ul class=\"wp-block-list\">\n<li><strong>1 \u2013 Reducci\u00f3n en 6 log<sub>10\u00a0<\/sub><\/strong>de la contaminaci\u00f3n mediante un ciclo de autoclave por vapor a 135\u00a0\u00b0C (reducci\u00f3n en 8\u00a0log10 de las esporas bacterianas)<\/li>\n\n\n\n<li><strong>2 \u2013 C\u00e1mara de introducci\u00f3n de residuos<\/strong>\u00a0: descontaminaci\u00f3n autom\u00e1tica por vapor entre ciclos<\/li>\n\n\n\n<li><strong>3 \u2013 Sistema de alimentaci\u00f3n del triturador<\/strong>\u00a0: Completamente estanco y autom\u00e1tico, con detecci\u00f3n del nivel de residuos.<\/li>\n\n\n\n<li><strong>4 \u2013 Triturador TESASHRED<sup>tm<\/sup>\u00a0<\/strong>: sistema de trituraci\u00f3n \u00fanico en su clase. Transforma los residuos en trozos no identificables de 8 a 10\u00a0mm.<\/li>\n\n\n\n<li><strong>5 \u2013 Reducci\u00f3n de residuos s\u00f3lidos\u00a0<\/strong>hasta un 80% en volumen y hasta un 50% en peso.<\/li>\n\n\n\n<li><strong>6 \u2013 Residuos l\u00edquidos y efluentes\u00a0<\/strong>descontaminados antes de liberarlos en el desag\u00fce.<\/li>\n\n\n\n<li><strong>7 \u2013 Filtrado del aire expulsado\u00a0<\/strong>mediante un filtro de 2\u00a0\u00b5m<\/li>\n\n\n\n<li><strong>8 \u2013 Descalcificador, bomba elevadora de agua y compresor de aire\u00a0<\/strong>incluidos<\/li>\n\n\n\n<li><strong>9 \u2013 Sistema de filtrado previo del agua entrante.<\/strong><\/li>\n\n\n\n<li><strong>10 \u2013 Ventilaci\u00f3n del cuadro el\u00e9ctrico.\u00a0<\/strong><\/li>\n\n\n\n<li><strong>11 \u2013 Trazabilidad completa del ciclo\u00a0<\/strong>mediante impresora integrada<\/li>\n<\/ul>\n<\/div>\n<\/div>\n<\/div>\n<\/div>\n<\/div><\/section>\n","protected":false},"excerpt":{"rendered":"<p>El sistema STERIPLUSTM&nbsp;es un dispositivo de tratamiento previo para la desinfecci\u00f3n de los residuos de actividades sanitarias con riesgo infeccioso, tal como se define en la norma NF X30-503-1 (denominado anteriormente \u00abesterilizador\u00bb). Se trata de un esterilizador (autoclave) con un triturador integrado, que tritura previamente los residuos y realiza un ciclo de autoclave con vapor [&hellip;]<\/p>\n","protected":false},"author":1,"featured_media":1570,"parent":0,"menu_order":0,"comment_status":"closed","ping_status":"closed","template":"","meta":{"_uag_custom_page_level_css":"","footnotes":""},"class_list":["post-227","page","type-page","status-publish","has-post-thumbnail","hentry"],"yoast_head":"<!-- This site is optimized with the Yoast SEO plugin v26.8 - https:\/\/yoast.com\/product\/yoast-seo-wordpress\/ -->\n<title>Steriplus - Tesalys<\/title>\n<meta name=\"robots\" content=\"index, follow, max-snippet:-1, max-image-preview:large, max-video-preview:-1\" \/>\n<link rel=\"canonical\" href=\"https:\/\/www.tesalys.fr\/es\/steriplus\/\" \/>\n<meta property=\"og:locale\" content=\"es_ES\" \/>\n<meta property=\"og:type\" content=\"article\" \/>\n<meta property=\"og:title\" content=\"Steriplus - Tesalys\" \/>\n<meta property=\"og:description\" content=\"El sistema STERIPLUSTM&nbsp;es un dispositivo de tratamiento previo para la desinfecci\u00f3n de los residuos de actividades sanitarias con riesgo infeccioso, tal como se define en la norma NF X30-503-1 (denominado anteriormente \u00abesterilizador\u00bb). Se trata de un esterilizador (autoclave) con un triturador integrado, que tritura previamente los residuos y realiza un ciclo de autoclave con vapor [&hellip;]\" \/>\n<meta property=\"og:url\" content=\"https:\/\/www.tesalys.fr\/es\/steriplus\/\" \/>\n<meta property=\"og:site_name\" content=\"Tesalys\" \/>\n<meta property=\"article:modified_time\" content=\"2026-04-13T08:24:45+00:00\" \/>\n<meta property=\"og:image\" content=\"https:\/\/www.tesalys.fr\/wp-content\/uploads\/2021\/02\/171011_Forex_sang-scaled-e1619024631785.jpg\" \/>\n\t<meta property=\"og:image:width\" content=\"2560\" \/>\n\t<meta property=\"og:image:height\" content=\"1711\" \/>\n\t<meta property=\"og:image:type\" content=\"image\/jpeg\" \/>\n<meta name=\"twitter:card\" content=\"summary_large_image\" \/>\n<meta name=\"twitter:label1\" content=\"Tiempo de lectura\" \/>\n\t<meta name=\"twitter:data1\" content=\"5 minutos\" \/>\n<script type=\"application\/ld+json\" class=\"yoast-schema-graph\">{\"@context\":\"https:\/\/schema.org\",\"@graph\":[{\"@type\":\"WebPage\",\"@id\":\"https:\/\/www.tesalys.fr\/es\/steriplus\/\",\"url\":\"https:\/\/www.tesalys.fr\/es\/steriplus\/\",\"name\":\"Steriplus - Tesalys\",\"isPartOf\":{\"@id\":\"https:\/\/www.tesalys.fr\/es\/#website\"},\"primaryImageOfPage\":{\"@id\":\"https:\/\/www.tesalys.fr\/es\/steriplus\/#primaryimage\"},\"image\":{\"@id\":\"https:\/\/www.tesalys.fr\/es\/steriplus\/#primaryimage\"},\"thumbnailUrl\":\"https:\/\/www.tesalys.fr\/wp-content\/uploads\/2021\/02\/171011_Forex_sang-scaled-e1619024631785.jpg\",\"datePublished\":\"2020-12-02T13:50:33+00:00\",\"dateModified\":\"2026-04-13T08:24:45+00:00\",\"inLanguage\":\"es\",\"potentialAction\":[{\"@type\":\"ReadAction\",\"target\":[\"https:\/\/www.tesalys.fr\/es\/steriplus\/\"]}]},{\"@type\":\"ImageObject\",\"inLanguage\":\"es\",\"@id\":\"https:\/\/www.tesalys.fr\/es\/steriplus\/#primaryimage\",\"url\":\"https:\/\/www.tesalys.fr\/wp-content\/uploads\/2021\/02\/171011_Forex_sang-scaled-e1619024631785.jpg\",\"contentUrl\":\"https:\/\/www.tesalys.fr\/wp-content\/uploads\/2021\/02\/171011_Forex_sang-scaled-e1619024631785.jpg\",\"width\":2560,\"height\":1711},{\"@type\":\"WebSite\",\"@id\":\"https:\/\/www.tesalys.fr\/es\/#website\",\"url\":\"https:\/\/www.tesalys.fr\/es\/\",\"name\":\"Tesalys\",\"description\":\"Soluciones de tratamiento para residuos de riesgo infeccioso\",\"publisher\":{\"@id\":\"https:\/\/www.tesalys.fr\/es\/#organization\"},\"potentialAction\":[{\"@type\":\"SearchAction\",\"target\":{\"@type\":\"EntryPoint\",\"urlTemplate\":\"https:\/\/www.tesalys.fr\/es\/?s={search_term_string}\"},\"query-input\":{\"@type\":\"PropertyValueSpecification\",\"valueRequired\":true,\"valueName\":\"search_term_string\"}}],\"inLanguage\":\"es\"},{\"@type\":\"Organization\",\"@id\":\"https:\/\/www.tesalys.fr\/es\/#organization\",\"name\":\"TESALYS\",\"url\":\"https:\/\/www.tesalys.fr\/es\/\",\"logo\":{\"@type\":\"ImageObject\",\"inLanguage\":\"es\",\"@id\":\"https:\/\/www.tesalys.fr\/es\/#\/schema\/logo\/image\/\",\"url\":\"https:\/\/www.tesalys.fr\/wp-content\/uploads\/2020\/12\/tesalys-logo-header.jpg\",\"contentUrl\":\"https:\/\/www.tesalys.fr\/wp-content\/uploads\/2020\/12\/tesalys-logo-header.jpg\",\"width\":200,\"height\":74,\"caption\":\"TESALYS\"},\"image\":{\"@id\":\"https:\/\/www.tesalys.fr\/es\/#\/schema\/logo\/image\/\"}}]}<\/script>\n<!-- \/ Yoast SEO plugin. -->","yoast_head_json":{"title":"Steriplus - Tesalys","robots":{"index":"index","follow":"follow","max-snippet":"max-snippet:-1","max-image-preview":"max-image-preview:large","max-video-preview":"max-video-preview:-1"},"canonical":"https:\/\/www.tesalys.fr\/es\/steriplus\/","og_locale":"es_ES","og_type":"article","og_title":"Steriplus - Tesalys","og_description":"El sistema STERIPLUSTM&nbsp;es un dispositivo de tratamiento previo para la desinfecci\u00f3n de los residuos de actividades sanitarias con riesgo infeccioso, tal como se define en la norma NF X30-503-1 (denominado anteriormente \u00abesterilizador\u00bb). Se trata de un esterilizador (autoclave) con un triturador integrado, que tritura previamente los residuos y realiza un ciclo de autoclave con vapor [&hellip;]","og_url":"https:\/\/www.tesalys.fr\/es\/steriplus\/","og_site_name":"Tesalys","article_modified_time":"2026-04-13T08:24:45+00:00","og_image":[{"width":2560,"height":1711,"url":"https:\/\/www.tesalys.fr\/wp-content\/uploads\/2021\/02\/171011_Forex_sang-scaled-e1619024631785.jpg","type":"image\/jpeg"}],"twitter_card":"summary_large_image","twitter_misc":{"Tiempo de lectura":"5 minutos"},"schema":{"@context":"https:\/\/schema.org","@graph":[{"@type":"WebPage","@id":"https:\/\/www.tesalys.fr\/es\/steriplus\/","url":"https:\/\/www.tesalys.fr\/es\/steriplus\/","name":"Steriplus - Tesalys","isPartOf":{"@id":"https:\/\/www.tesalys.fr\/es\/#website"},"primaryImageOfPage":{"@id":"https:\/\/www.tesalys.fr\/es\/steriplus\/#primaryimage"},"image":{"@id":"https:\/\/www.tesalys.fr\/es\/steriplus\/#primaryimage"},"thumbnailUrl":"https:\/\/www.tesalys.fr\/wp-content\/uploads\/2021\/02\/171011_Forex_sang-scaled-e1619024631785.jpg","datePublished":"2020-12-02T13:50:33+00:00","dateModified":"2026-04-13T08:24:45+00:00","inLanguage":"es","potentialAction":[{"@type":"ReadAction","target":["https:\/\/www.tesalys.fr\/es\/steriplus\/"]}]},{"@type":"ImageObject","inLanguage":"es","@id":"https:\/\/www.tesalys.fr\/es\/steriplus\/#primaryimage","url":"https:\/\/www.tesalys.fr\/wp-content\/uploads\/2021\/02\/171011_Forex_sang-scaled-e1619024631785.jpg","contentUrl":"https:\/\/www.tesalys.fr\/wp-content\/uploads\/2021\/02\/171011_Forex_sang-scaled-e1619024631785.jpg","width":2560,"height":1711},{"@type":"WebSite","@id":"https:\/\/www.tesalys.fr\/es\/#website","url":"https:\/\/www.tesalys.fr\/es\/","name":"Tesalys","description":"Soluciones de tratamiento para residuos de riesgo infeccioso","publisher":{"@id":"https:\/\/www.tesalys.fr\/es\/#organization"},"potentialAction":[{"@type":"SearchAction","target":{"@type":"EntryPoint","urlTemplate":"https:\/\/www.tesalys.fr\/es\/?s={search_term_string}"},"query-input":{"@type":"PropertyValueSpecification","valueRequired":true,"valueName":"search_term_string"}}],"inLanguage":"es"},{"@type":"Organization","@id":"https:\/\/www.tesalys.fr\/es\/#organization","name":"TESALYS","url":"https:\/\/www.tesalys.fr\/es\/","logo":{"@type":"ImageObject","inLanguage":"es","@id":"https:\/\/www.tesalys.fr\/es\/#\/schema\/logo\/image\/","url":"https:\/\/www.tesalys.fr\/wp-content\/uploads\/2020\/12\/tesalys-logo-header.jpg","contentUrl":"https:\/\/www.tesalys.fr\/wp-content\/uploads\/2020\/12\/tesalys-logo-header.jpg","width":200,"height":74,"caption":"TESALYS"},"image":{"@id":"https:\/\/www.tesalys.fr\/es\/#\/schema\/logo\/image\/"}}]}},"uagb_featured_image_src":{"full":["https:\/\/www.tesalys.fr\/wp-content\/uploads\/2021\/02\/171011_Forex_sang-scaled-e1619024631785.jpg",2560,1711,false],"thumbnail":["https:\/\/www.tesalys.fr\/wp-content\/uploads\/2021\/02\/171011_Forex_sang-scaled-150x150.jpg",150,150,true],"medium":["https:\/\/www.tesalys.fr\/wp-content\/uploads\/2021\/02\/171011_Forex_sang-scaled-300x201.jpg",300,201,true],"medium_large":["https:\/\/www.tesalys.fr\/wp-content\/uploads\/2021\/02\/171011_Forex_sang-scaled-768x513.jpg",768,513,true],"large":["https:\/\/www.tesalys.fr\/wp-content\/uploads\/2021\/02\/171011_Forex_sang-scaled-1024x684.jpg",1024,684,true],"1536x1536":["https:\/\/www.tesalys.fr\/wp-content\/uploads\/2021\/02\/171011_Forex_sang-scaled-1536x1027.jpg",1536,1027,true],"2048x2048":["https:\/\/www.tesalys.fr\/wp-content\/uploads\/2021\/02\/171011_Forex_sang-scaled-2048x1369.jpg",2048,1369,true],"home-actu":["https:\/\/www.tesalys.fr\/wp-content\/uploads\/2021\/02\/171011_Forex_sang-scaled-455x280.jpg",455,280,true],"home-carousel":["https:\/\/www.tesalys.fr\/wp-content\/uploads\/2021\/02\/171011_Forex_sang-scaled-1920x550.jpg",1920,550,true],"home-avantage":["https:\/\/www.tesalys.fr\/wp-content\/uploads\/2021\/02\/171011_Forex_sang-scaled-140x94.jpg",140,94,true],"home-destinataire":["https:\/\/www.tesalys.fr\/wp-content\/uploads\/2021\/02\/171011_Forex_sang-scaled-110x74.jpg",110,74,true],"produit-title":["https:\/\/www.tesalys.fr\/wp-content\/uploads\/2021\/02\/171011_Forex_sang-scaled-450x301.jpg",450,301,true],"produit-title-800x800":["https:\/\/www.tesalys.fr\/wp-content\/uploads\/2021\/02\/171011_Forex_sang-scaled-800x800.jpg",800,800,true],"produit-repeatable":["https:\/\/www.tesalys.fr\/wp-content\/uploads\/2021\/02\/171011_Forex_sang-scaled-800x600.jpg",800,600,true]},"uagb_author_info":{"display_name":"digeek","author_link":"https:\/\/www.tesalys.fr\/es\/author\/digeek\/"},"uagb_comment_info":0,"uagb_excerpt":"El sistema STERIPLUSTM&nbsp;es un dispositivo de tratamiento previo para la desinfecci\u00f3n de los residuos de actividades sanitarias con riesgo infeccioso, tal como se define en la norma NF X30-503-1 (denominado anteriormente \u00abesterilizador\u00bb). Se trata de un esterilizador (autoclave) con un triturador integrado, que tritura previamente los residuos y realiza un ciclo de autoclave con vapor&hellip;","_links":{"self":[{"href":"https:\/\/www.tesalys.fr\/es\/wp-json\/wp\/v2\/pages\/227","targetHints":{"allow":["GET"]}}],"collection":[{"href":"https:\/\/www.tesalys.fr\/es\/wp-json\/wp\/v2\/pages"}],"about":[{"href":"https:\/\/www.tesalys.fr\/es\/wp-json\/wp\/v2\/types\/page"}],"author":[{"embeddable":true,"href":"https:\/\/www.tesalys.fr\/es\/wp-json\/wp\/v2\/users\/1"}],"replies":[{"embeddable":true,"href":"https:\/\/www.tesalys.fr\/es\/wp-json\/wp\/v2\/comments?post=227"}],"version-history":[{"count":1,"href":"https:\/\/www.tesalys.fr\/es\/wp-json\/wp\/v2\/pages\/227\/revisions"}],"predecessor-version":[{"id":4841,"href":"https:\/\/www.tesalys.fr\/es\/wp-json\/wp\/v2\/pages\/227\/revisions\/4841"}],"wp:featuredmedia":[{"embeddable":true,"href":"https:\/\/www.tesalys.fr\/es\/wp-json\/wp\/v2\/media\/1570"}],"wp:attachment":[{"href":"https:\/\/www.tesalys.fr\/es\/wp-json\/wp\/v2\/media?parent=227"}],"curies":[{"name":"wp","href":"https:\/\/api.w.org\/{rel}","templated":true}]}}