{"id":326,"date":"2020-12-10T16:49:32","date_gmt":"2020-12-10T15:49:32","guid":{"rendered":"https:\/\/www.tesalys.fr\/?page_id=326"},"modified":"2022-09-13T09:55:01","modified_gmt":"2022-09-13T07:55:01","slug":"qse","status":"publish","type":"page","link":"https:\/\/www.tesalys.fr\/es\/qse\/","title":{"rendered":"Calidad, Seguridad, Medio ambiente"},"content":{"rendered":"\n<h2 class=\"has-text-align-center wp-block-heading\">Tecnolog\u00eda libre de emisiones<\/h2>\n\n\n\n<p>En este contexto, Tesalys se compromete a ofrecer una tecnolog\u00eda sin emisiones contaminantes (ni furanos ni dioxinas), alternativa a la incineraci\u00f3n, y de bajo consumo de agua y electricidad.<\/p>\n\n\n\n<figure class=\"wp-block-embed is-type-video is-provider-youtube wp-block-embed-youtube wp-embed-aspect-16-9 wp-has-aspect-ratio\"><div class=\"wp-block-embed__wrapper\">\n<script>document.addEventListener('DOMContentLoaded', function() {(tarteaucitron.job = tarteaucitron.job || []).push('youtube');});<\/script><div class=\"youtube_player\" videoID=\"oDb3x5PTEJI\" width=\"100%\" height=\"100%\" style=\"height:50vw\" theme=\"light\" rel=\"0\" controls=\"1\" showinfo=\"1\" autoplay=\"0\"><\/div>\n<\/div><\/figure>\n\n\n\n<p>Las ventajas de nuestra tecnolog\u00eda in situ:<\/p>\n\n\n\n<ul class=\"wp-block-list\"><li>La <strong>tecnolog\u00eda sin emisiones contaminantes<\/strong> (ni furanos ni dioxinas), puede sustituir a la incineraci\u00f3n.<\/li><li><strong>Reducci\u00f3n del consumo de agua y electricidad<\/strong><\/li><li><strong>Reducci\u00f3n de la \u00abhuella de residuos\u00bb<\/strong>: los residuos s\u00f3lidos se han reducido un 80% en volumen y un 50% en peso.<\/li><li><strong>Efluentes l\u00edquidos \u00ablimpios\u00bb<\/strong>: descontaminaci\u00f3n t\u00e9rmica antes de su vertido al desag\u00fce.<\/li><li><strong>Aire \u00ablimpio\u00bb<\/strong>: filtraci\u00f3n del aire exhalado mediante un filtro microbiol\u00f3gico de 0,2 \u00b5m.<\/li><li>Ahorro de energ\u00eda gracias al sistema integrado de recuperaci\u00f3n de calor.<\/li><li><strong>No se utilizan productos qu\u00edmicos, s\u00f3lo agua<\/strong>.<\/li><\/ul>\n\n\n\n<h2 class=\"has-text-align-center wp-block-heading\">Soluciones que cumplen con las normas y reglamentos<\/h2>\n\n\n\n<div class=\"wp-block-columns is-layout-flex wp-container-core-columns-is-layout-1 wp-block-columns-is-layout-flex\">\n<div class=\"wp-block-column is-layout-flow wp-block-column-is-layout-flow\">\n<p>Todos los equipos Tesalys: <strong>STERIPLUS<strong><sup>TM<\/sup><\/strong> 20, STERIPLUS<strong><sup>TM<\/sup><\/strong> 40, STERIPLUS<strong><sup>TM<\/sup><\/strong> 80, STERISHRED<strong><sup>\u00ae<\/sup><\/strong>250, STERISHRED<strong><sup>\u00ae<\/sup><\/strong>700<\/strong> cumplen con las siguientes normas y reglamentos:<\/p>\n\n\n\n<ul class=\"has-orange-color has-text-color wp-block-list\"><li><strong>NF-X30-503-1<\/strong><\/li><li><strong>Directiva Europea 2006\/42\/EC<\/strong> (Marcado CE de seguridad de m\u00e1quinas)<\/li><li><strong>Directiva Europea 2014\/68\/EU<\/strong> (marcado CE de equipos a presi\u00f3n) \u2013 Certificado por T\u00dcV S\u00dcD<\/li><li><strong>Normas EN ISO 17665-1 y EN 554<\/strong> relativas a la validaci\u00f3n de ciclos de esterilizaci\u00f3n por vapor<\/li><li>Recomendaciones de STAATT (EE.UU.) relativas a la validaci\u00f3n de tecnolog\u00edas de tratamiento de residuos hospitalarios<\/li><li><strong>Fabricaci\u00f3n bajo ISO 9001 Quality Assurance<\/strong> \u2013 Certificado por T\u00dcV Rheinland<\/li><\/ul>\n<\/div>\n\n\n\n<div class=\"wp-block-column is-layout-flow wp-block-column-is-layout-flow\">\n<div class=\"wp-block-uagb-image uagb-block-a6a1bc8c wp-block-uagb-image--layout-default wp-block-uagb-image--effect-static wp-block-uagb-image--align-none\"><figure class=\"wp-block-uagb-image__figure\"><img decoding=\"async\" srcset=\"https:\/\/www.tesalys.fr\/wp-content\/uploads\/2021\/08\/ambiances-27-production.jpg \" src=\"https:\/\/www.tesalys.fr\/wp-content\/uploads\/2021\/08\/ambiances-27-production.jpg\" alt=\"\" class=\"uag-image-3159\" title=\"\"\/><\/figure><\/div>\n<\/div>\n<\/div>\n","protected":false},"excerpt":{"rendered":"<p>Tecnolog\u00eda libre de emisiones En este contexto, Tesalys se compromete a ofrecer una tecnolog\u00eda sin emisiones contaminantes (ni furanos ni dioxinas), alternativa a la incineraci\u00f3n, y de bajo consumo de agua y electricidad. Las ventajas de nuestra tecnolog\u00eda in situ: La tecnolog\u00eda sin emisiones contaminantes (ni furanos ni dioxinas), puede sustituir a la incineraci\u00f3n. Reducci\u00f3n [&hellip;]<\/p>\n","protected":false},"author":1,"featured_media":1228,"parent":0,"menu_order":0,"comment_status":"closed","ping_status":"closed","template":"","meta":{"_uag_custom_page_level_css":"","footnotes":""},"class_list":["post-326","page","type-page","status-publish","has-post-thumbnail","hentry"],"yoast_head":"<!-- This site is optimized with the Yoast SEO plugin v26.8 - https:\/\/yoast.com\/product\/yoast-seo-wordpress\/ -->\n<title>Calidad, Seguridad, Medio ambiente - Tesalys<\/title>\n<meta name=\"robots\" content=\"index, follow, max-snippet:-1, max-image-preview:large, max-video-preview:-1\" \/>\n<link rel=\"canonical\" href=\"https:\/\/www.tesalys.fr\/es\/qse\/\" \/>\n<meta property=\"og:locale\" content=\"es_ES\" \/>\n<meta property=\"og:type\" content=\"article\" \/>\n<meta property=\"og:title\" content=\"Calidad, Seguridad, Medio ambiente - Tesalys\" \/>\n<meta property=\"og:description\" content=\"Tecnolog\u00eda libre de emisiones En este contexto, Tesalys se compromete a ofrecer una tecnolog\u00eda sin emisiones contaminantes (ni furanos ni dioxinas), alternativa a la incineraci\u00f3n, y de bajo consumo de agua y electricidad. Las ventajas de nuestra tecnolog\u00eda in situ: La tecnolog\u00eda sin emisiones contaminantes (ni furanos ni dioxinas), puede sustituir a la incineraci\u00f3n. Reducci\u00f3n [&hellip;]\" \/>\n<meta property=\"og:url\" content=\"https:\/\/www.tesalys.fr\/es\/qse\/\" \/>\n<meta property=\"og:site_name\" content=\"Tesalys\" \/>\n<meta property=\"article:modified_time\" content=\"2022-09-13T07:55:01+00:00\" \/>\n<meta property=\"og:image\" content=\"https:\/\/www.tesalys.fr\/wp-content\/uploads\/2021\/02\/DSC5859_bleu-scaled.jpg\" \/>\n\t<meta property=\"og:image:width\" content=\"2560\" \/>\n\t<meta property=\"og:image:height\" content=\"1710\" \/>\n\t<meta property=\"og:image:type\" content=\"image\/jpeg\" \/>\n<meta name=\"twitter:card\" content=\"summary_large_image\" \/>\n<meta name=\"twitter:label1\" content=\"Tiempo de lectura\" \/>\n\t<meta name=\"twitter:data1\" content=\"2 minutos\" \/>\n<script type=\"application\/ld+json\" class=\"yoast-schema-graph\">{\"@context\":\"https:\/\/schema.org\",\"@graph\":[{\"@type\":\"WebPage\",\"@id\":\"https:\/\/www.tesalys.fr\/es\/qse\/\",\"url\":\"https:\/\/www.tesalys.fr\/es\/qse\/\",\"name\":\"Calidad, Seguridad, Medio ambiente - Tesalys\",\"isPartOf\":{\"@id\":\"https:\/\/www.tesalys.fr\/es\/#website\"},\"primaryImageOfPage\":{\"@id\":\"https:\/\/www.tesalys.fr\/es\/qse\/#primaryimage\"},\"image\":{\"@id\":\"https:\/\/www.tesalys.fr\/es\/qse\/#primaryimage\"},\"thumbnailUrl\":\"https:\/\/www.tesalys.fr\/wp-content\/uploads\/2021\/02\/DSC5859_bleu-scaled.jpg\",\"datePublished\":\"2020-12-10T15:49:32+00:00\",\"dateModified\":\"2022-09-13T07:55:01+00:00\",\"inLanguage\":\"es\",\"potentialAction\":[{\"@type\":\"ReadAction\",\"target\":[\"https:\/\/www.tesalys.fr\/es\/qse\/\"]}]},{\"@type\":\"ImageObject\",\"inLanguage\":\"es\",\"@id\":\"https:\/\/www.tesalys.fr\/es\/qse\/#primaryimage\",\"url\":\"https:\/\/www.tesalys.fr\/wp-content\/uploads\/2021\/02\/DSC5859_bleu-scaled.jpg\",\"contentUrl\":\"https:\/\/www.tesalys.fr\/wp-content\/uploads\/2021\/02\/DSC5859_bleu-scaled.jpg\",\"width\":2560,\"height\":1710,\"caption\":\"R\u00e9duction des d\u00e9chets\"},{\"@type\":\"WebSite\",\"@id\":\"https:\/\/www.tesalys.fr\/es\/#website\",\"url\":\"https:\/\/www.tesalys.fr\/es\/\",\"name\":\"Tesalys\",\"description\":\"Soluciones de tratamiento para residuos de riesgo infeccioso\",\"publisher\":{\"@id\":\"https:\/\/www.tesalys.fr\/es\/#organization\"},\"potentialAction\":[{\"@type\":\"SearchAction\",\"target\":{\"@type\":\"EntryPoint\",\"urlTemplate\":\"https:\/\/www.tesalys.fr\/es\/?s={search_term_string}\"},\"query-input\":{\"@type\":\"PropertyValueSpecification\",\"valueRequired\":true,\"valueName\":\"search_term_string\"}}],\"inLanguage\":\"es\"},{\"@type\":\"Organization\",\"@id\":\"https:\/\/www.tesalys.fr\/es\/#organization\",\"name\":\"TESALYS\",\"url\":\"https:\/\/www.tesalys.fr\/es\/\",\"logo\":{\"@type\":\"ImageObject\",\"inLanguage\":\"es\",\"@id\":\"https:\/\/www.tesalys.fr\/es\/#\/schema\/logo\/image\/\",\"url\":\"https:\/\/www.tesalys.fr\/wp-content\/uploads\/2020\/12\/tesalys-logo-header.jpg\",\"contentUrl\":\"https:\/\/www.tesalys.fr\/wp-content\/uploads\/2020\/12\/tesalys-logo-header.jpg\",\"width\":200,\"height\":74,\"caption\":\"TESALYS\"},\"image\":{\"@id\":\"https:\/\/www.tesalys.fr\/es\/#\/schema\/logo\/image\/\"}}]}<\/script>\n<!-- \/ Yoast SEO plugin. -->","yoast_head_json":{"title":"Calidad, Seguridad, Medio ambiente - Tesalys","robots":{"index":"index","follow":"follow","max-snippet":"max-snippet:-1","max-image-preview":"max-image-preview:large","max-video-preview":"max-video-preview:-1"},"canonical":"https:\/\/www.tesalys.fr\/es\/qse\/","og_locale":"es_ES","og_type":"article","og_title":"Calidad, Seguridad, Medio ambiente - Tesalys","og_description":"Tecnolog\u00eda libre de emisiones En este contexto, Tesalys se compromete a ofrecer una tecnolog\u00eda sin emisiones contaminantes (ni furanos ni dioxinas), alternativa a la incineraci\u00f3n, y de bajo consumo de agua y electricidad. Las ventajas de nuestra tecnolog\u00eda in situ: La tecnolog\u00eda sin emisiones contaminantes (ni furanos ni dioxinas), puede sustituir a la incineraci\u00f3n. Reducci\u00f3n [&hellip;]","og_url":"https:\/\/www.tesalys.fr\/es\/qse\/","og_site_name":"Tesalys","article_modified_time":"2022-09-13T07:55:01+00:00","og_image":[{"width":2560,"height":1710,"url":"https:\/\/www.tesalys.fr\/wp-content\/uploads\/2021\/02\/DSC5859_bleu-scaled.jpg","type":"image\/jpeg"}],"twitter_card":"summary_large_image","twitter_misc":{"Tiempo de lectura":"2 minutos"},"schema":{"@context":"https:\/\/schema.org","@graph":[{"@type":"WebPage","@id":"https:\/\/www.tesalys.fr\/es\/qse\/","url":"https:\/\/www.tesalys.fr\/es\/qse\/","name":"Calidad, Seguridad, Medio ambiente - Tesalys","isPartOf":{"@id":"https:\/\/www.tesalys.fr\/es\/#website"},"primaryImageOfPage":{"@id":"https:\/\/www.tesalys.fr\/es\/qse\/#primaryimage"},"image":{"@id":"https:\/\/www.tesalys.fr\/es\/qse\/#primaryimage"},"thumbnailUrl":"https:\/\/www.tesalys.fr\/wp-content\/uploads\/2021\/02\/DSC5859_bleu-scaled.jpg","datePublished":"2020-12-10T15:49:32+00:00","dateModified":"2022-09-13T07:55:01+00:00","inLanguage":"es","potentialAction":[{"@type":"ReadAction","target":["https:\/\/www.tesalys.fr\/es\/qse\/"]}]},{"@type":"ImageObject","inLanguage":"es","@id":"https:\/\/www.tesalys.fr\/es\/qse\/#primaryimage","url":"https:\/\/www.tesalys.fr\/wp-content\/uploads\/2021\/02\/DSC5859_bleu-scaled.jpg","contentUrl":"https:\/\/www.tesalys.fr\/wp-content\/uploads\/2021\/02\/DSC5859_bleu-scaled.jpg","width":2560,"height":1710,"caption":"R\u00e9duction des d\u00e9chets"},{"@type":"WebSite","@id":"https:\/\/www.tesalys.fr\/es\/#website","url":"https:\/\/www.tesalys.fr\/es\/","name":"Tesalys","description":"Soluciones de tratamiento para residuos de riesgo infeccioso","publisher":{"@id":"https:\/\/www.tesalys.fr\/es\/#organization"},"potentialAction":[{"@type":"SearchAction","target":{"@type":"EntryPoint","urlTemplate":"https:\/\/www.tesalys.fr\/es\/?s={search_term_string}"},"query-input":{"@type":"PropertyValueSpecification","valueRequired":true,"valueName":"search_term_string"}}],"inLanguage":"es"},{"@type":"Organization","@id":"https:\/\/www.tesalys.fr\/es\/#organization","name":"TESALYS","url":"https:\/\/www.tesalys.fr\/es\/","logo":{"@type":"ImageObject","inLanguage":"es","@id":"https:\/\/www.tesalys.fr\/es\/#\/schema\/logo\/image\/","url":"https:\/\/www.tesalys.fr\/wp-content\/uploads\/2020\/12\/tesalys-logo-header.jpg","contentUrl":"https:\/\/www.tesalys.fr\/wp-content\/uploads\/2020\/12\/tesalys-logo-header.jpg","width":200,"height":74,"caption":"TESALYS"},"image":{"@id":"https:\/\/www.tesalys.fr\/es\/#\/schema\/logo\/image\/"}}]}},"uagb_featured_image_src":{"full":["https:\/\/www.tesalys.fr\/wp-content\/uploads\/2021\/02\/DSC5859_bleu-scaled.jpg",2560,1710,false],"thumbnail":["https:\/\/www.tesalys.fr\/wp-content\/uploads\/2021\/02\/DSC5859_bleu-scaled-150x150.jpg",150,150,true],"medium":["https:\/\/www.tesalys.fr\/wp-content\/uploads\/2021\/02\/DSC5859_bleu-scaled-300x200.jpg",300,200,true],"medium_large":["https:\/\/www.tesalys.fr\/wp-content\/uploads\/2021\/02\/DSC5859_bleu-scaled-768x513.jpg",768,513,true],"large":["https:\/\/www.tesalys.fr\/wp-content\/uploads\/2021\/02\/DSC5859_bleu-scaled-1024x684.jpg",1024,684,true],"1536x1536":["https:\/\/www.tesalys.fr\/wp-content\/uploads\/2021\/02\/DSC5859_bleu-scaled-1536x1026.jpg",1536,1026,true],"2048x2048":["https:\/\/www.tesalys.fr\/wp-content\/uploads\/2021\/02\/DSC5859_bleu-scaled-2048x1368.jpg",2048,1368,true],"home-actu":["https:\/\/www.tesalys.fr\/wp-content\/uploads\/2021\/02\/DSC5859_bleu-scaled-455x280.jpg",455,280,true],"home-carousel":["https:\/\/www.tesalys.fr\/wp-content\/uploads\/2021\/02\/DSC5859_bleu-scaled-1920x550.jpg",1920,550,true],"home-avantage":["https:\/\/www.tesalys.fr\/wp-content\/uploads\/2021\/02\/DSC5859_bleu-scaled-140x94.jpg",140,94,true],"home-destinataire":["https:\/\/www.tesalys.fr\/wp-content\/uploads\/2021\/02\/DSC5859_bleu-scaled-110x73.jpg",110,73,true],"produit-title":["https:\/\/www.tesalys.fr\/wp-content\/uploads\/2021\/02\/DSC5859_bleu-scaled-450x301.jpg",450,301,true],"produit-title-800x800":["https:\/\/www.tesalys.fr\/wp-content\/uploads\/2021\/02\/DSC5859_bleu-scaled-800x800.jpg",800,800,true],"produit-repeatable":["https:\/\/www.tesalys.fr\/wp-content\/uploads\/2021\/02\/DSC5859_bleu-scaled-800x600.jpg",800,600,true]},"uagb_author_info":{"display_name":"digeek","author_link":"https:\/\/www.tesalys.fr\/es\/author\/digeek\/"},"uagb_comment_info":0,"uagb_excerpt":"Tecnolog\u00eda libre de emisiones En este contexto, Tesalys se compromete a ofrecer una tecnolog\u00eda sin emisiones contaminantes (ni furanos ni dioxinas), alternativa a la incineraci\u00f3n, y de bajo consumo de agua y electricidad. Las ventajas de nuestra tecnolog\u00eda in situ: La tecnolog\u00eda sin emisiones contaminantes (ni furanos ni dioxinas), puede sustituir a la incineraci\u00f3n. Reducci\u00f3n&hellip;","_links":{"self":[{"href":"https:\/\/www.tesalys.fr\/es\/wp-json\/wp\/v2\/pages\/326","targetHints":{"allow":["GET"]}}],"collection":[{"href":"https:\/\/www.tesalys.fr\/es\/wp-json\/wp\/v2\/pages"}],"about":[{"href":"https:\/\/www.tesalys.fr\/es\/wp-json\/wp\/v2\/types\/page"}],"author":[{"embeddable":true,"href":"https:\/\/www.tesalys.fr\/es\/wp-json\/wp\/v2\/users\/1"}],"replies":[{"embeddable":true,"href":"https:\/\/www.tesalys.fr\/es\/wp-json\/wp\/v2\/comments?post=326"}],"version-history":[{"count":0,"href":"https:\/\/www.tesalys.fr\/es\/wp-json\/wp\/v2\/pages\/326\/revisions"}],"wp:featuredmedia":[{"embeddable":true,"href":"https:\/\/www.tesalys.fr\/es\/wp-json\/wp\/v2\/media\/1228"}],"wp:attachment":[{"href":"https:\/\/www.tesalys.fr\/es\/wp-json\/wp\/v2\/media?parent=326"}],"curies":[{"name":"wp","href":"https:\/\/api.w.org\/{rel}","templated":true}]}}