{"id":340,"date":"2020-12-10T17:22:09","date_gmt":"2020-12-10T16:22:09","guid":{"rendered":"https:\/\/www.tesalys.fr\/?page_id=340"},"modified":"2021-02-24T11:06:31","modified_gmt":"2021-02-24T10:06:31","slug":"centros-medicos","status":"publish","type":"page","link":"https:\/\/www.tesalys.fr\/es\/centros-medicos\/","title":{"rendered":"Centros m\u00e9dicos"},"content":{"rendered":"\n<div style=\"height:50px\" aria-hidden=\"true\" class=\"wp-block-spacer\"><\/div>\n\n\n\n<h1 class=\"has-text-align-center wp-block-heading\">Residuos sanitarios y residuos de actividades sanitarias con riesgo infeccioso<\/h1>\n\n\n\n<p>Las instituciones y peque\u00f1as unidades de atenci\u00f3n sanitaria generan residuos de actividades de atenci\u00f3n sanitaria que pueden ser de diversa naturaleza:<\/p>\n\n\n\n<ul class=\"wp-block-list\"><li>Residuos<ul><li>Con riesgo infeccioso<\/li><li>Radiactivos<\/li><li>Qu\u00edmicos\/t\u00f3xicos<\/li><\/ul><\/li><li>Residuos no peligrosos asimilados a los residuos dom\u00e9sticos<\/li><li>Partes anat\u00f3micas<\/li><\/ul>\n\n\n\n<p>Cada instituci\u00f3n debe establecer un procedimiento de tratamiento para los diferentes tipos de residuos generados. Por lo tanto, es importante clasificar los residuos una vez realizado un tratamiento o un procedimiento m\u00e9dico o t\u00e9cnico.<\/p>\n\n\n\n<p>En particular, la implantaci\u00f3n de un sistema de clasificaci\u00f3n y eliminaci\u00f3n de residuos de actividades sanitarias con riesgo infeccioso es esencial para la prevenci\u00f3n de las infecciones nosocomiales (infecciones asociadas a la atenci\u00f3n sanitaria en los centros de salud).<\/p>\n\n\n\n<p>La generaci\u00f3n de residuos de actividades sanitarias con riesgo infeccioso var\u00eda en los centros m\u00e9dicos y en las peque\u00f1as unidades de atenci\u00f3n sanitaria, y depende del n\u00famero de pacientes tratados, as\u00ed como de la calidad de la clasificaci\u00f3n en el centro.<\/p>\n\n\n\n<p>En general, los residuos procedentes de la atenci\u00f3n sanitaria de estos establecimientos se envasan en bolsas (esterilizables en autoclave o no), contenedores de cart\u00f3n para residuos de actividades sanitarias con riesgo infeccioso o bidones.<\/p>\n\n\n\n<p><strong>La clasificaci\u00f3n y el tratamiento satisfactorios de los residuos en estos centros son esenciales. En estos centros, la cantidad generada de residuos de actividades sanitarias con riesgo infeccioso es de baja a moderada, y existe una tendencia a minimizar el riesgo que representan estos residuos. Sin embargo, debe controlarse el riesgo biol\u00f3gico no solo para el personal y el medio ambiente, sino tambi\u00e9n para evitar la contaminaci\u00f3n cruzada y las infecciones nosocomiales.<\/strong><\/p>\n\n\n\n<p>Dado que estos centros pueden estar ubicados en zonas alejadas de las zonas urbanas, aisladas o de dif\u00edcil acceso, es importante que cada centro cuente con un sistema de tratamiento de residuos de actividades sanitarias con riesgo infeccioso sencillo y eficaz.<\/p>\n\n\n\n<div class=\"wp-block-columns is-layout-flex wp-container-core-columns-is-layout-1 wp-block-columns-is-layout-flex\">\n<div class=\"wp-block-column is-layout-flow wp-block-column-is-layout-flow\" style=\"flex-basis:100%\">\n<div style=\"height:50px\" aria-hidden=\"true\" class=\"wp-block-spacer\"><\/div>\n\n\n\n<h1 class=\"has-text-align-center wp-block-heading\">\u00bfQu\u00e9 residuos generan los centros m\u00e9dicos y las peque\u00f1as unidades de atenci\u00f3n sanitaria?<\/h1>\n<\/div>\n<\/div>\n\n\n\n<p>Los residuos infecciosos de los centros m\u00e9dicos y otras peque\u00f1as unidades de atenci\u00f3n sanitaria pueden ser de naturaleza muy diversa:<\/p>\n\n\n\n<div class=\"wp-block-columns is-layout-flex wp-container-core-columns-is-layout-2 wp-block-columns-is-layout-flex\">\n<div class=\"wp-block-column is-layout-flow wp-block-column-is-layout-flow\">\n<div class=\"wp-block-image\"><figure class=\"aligncenter size-large\"><img decoding=\"async\" width=\"2560\" height=\"1920\" src=\"https:\/\/www.tesalys.fr\/wp-content\/uploads\/2021\/02\/doctor-holding-a-blood-test-tube-XZV8G64-1-scaled.jpg\" alt=\"\" class=\"wp-image-929\" srcset=\"https:\/\/www.tesalys.fr\/wp-content\/uploads\/2021\/02\/doctor-holding-a-blood-test-tube-XZV8G64-1-scaled.jpg 2560w, https:\/\/www.tesalys.fr\/wp-content\/uploads\/2021\/02\/doctor-holding-a-blood-test-tube-XZV8G64-1-scaled-300x225.jpg 300w, https:\/\/www.tesalys.fr\/wp-content\/uploads\/2021\/02\/doctor-holding-a-blood-test-tube-XZV8G64-1-scaled-1024x768.jpg 1024w, https:\/\/www.tesalys.fr\/wp-content\/uploads\/2021\/02\/doctor-holding-a-blood-test-tube-XZV8G64-1-scaled-768x576.jpg 768w, https:\/\/www.tesalys.fr\/wp-content\/uploads\/2021\/02\/doctor-holding-a-blood-test-tube-XZV8G64-1-scaled-1536x1152.jpg 1536w, https:\/\/www.tesalys.fr\/wp-content\/uploads\/2021\/02\/doctor-holding-a-blood-test-tube-XZV8G64-1-scaled-2048x1536.jpg 2048w, https:\/\/www.tesalys.fr\/wp-content\/uploads\/2021\/02\/doctor-holding-a-blood-test-tube-XZV8G64-1-scaled-140x105.jpg 140w, https:\/\/www.tesalys.fr\/wp-content\/uploads\/2021\/02\/doctor-holding-a-blood-test-tube-XZV8G64-1-scaled-110x83.jpg 110w, https:\/\/www.tesalys.fr\/wp-content\/uploads\/2021\/02\/doctor-holding-a-blood-test-tube-XZV8G64-1-scaled-450x338.jpg 450w, https:\/\/www.tesalys.fr\/wp-content\/uploads\/2021\/02\/doctor-holding-a-blood-test-tube-XZV8G64-1-scaled-800x600.jpg 800w\" sizes=\"(max-width: 2560px) 100vw, 2560px\" \/><\/figure><\/div>\n<\/div>\n\n\n\n<div class=\"wp-block-column is-layout-flow wp-block-column-is-layout-flow\">\n<ul class=\"wp-block-list\"><li>Material desechable usado (campos de operaci\u00f3n, gasas, compresas, vendas, etc.)<\/li><li>Equipos de protecci\u00f3n individual: guantes, chaquetas, chaquetillas, monos, gafas, m\u00e1scaras, cofias, cubrezapatos\u2026<\/li><li>Residuos de actividades sanitarias con riesgo infeccioso punzantes, cortantes o afilados: agujas, jeringas, hojas de bistur\u00ed, vidrio\u2026<\/li><li>Sets de cuidados desechables (incluidos algunos instrumentos peque\u00f1os de pl\u00e1stico o metal)<\/li><li>Instrumentaci\u00f3n quir\u00fargica de un solo uso<\/li><li>Consumibles de laboratorio de pl\u00e1stico o vidrio (placas de Petri, tubos de ensayo, tubos de muestreo, pipetas\u2026)<\/li><li>Residuos de hemodi\u00e1lisis<\/li><li>Residuos infecciosos l\u00edquidos o que contengan l\u00edquidos<\/li><\/ul>\n<\/div>\n<\/div>\n\n\n\n<div class=\"wp-block-columns is-layout-flex wp-container-core-columns-is-layout-3 wp-block-columns-is-layout-flex\">\n<div class=\"wp-block-column is-layout-flow wp-block-column-is-layout-flow\" style=\"flex-basis:100%\"><\/div>\n<\/div>\n\n\n\n<div class=\"wp-block-columns is-layout-flex wp-container-core-columns-is-layout-4 wp-block-columns-is-layout-flex\">\n<div class=\"wp-block-column is-layout-flow wp-block-column-is-layout-flow\">\n<h3 class=\"wp-block-heading\">Especificidades de los residuos de actividades sanitarias con riesgo infeccioso de los centros m\u00e9dicos y los peque\u00f1os establecimientos de salud<\/h3>\n\n\n\n<p>En general, los residuos procedentes de la atenci\u00f3n sanitaria de estos establecimientos se envasan en bolsas (esterilizables en autoclave o no), contenedores de cart\u00f3n para residuos de actividades sanitarias con riesgo infeccioso o bidones.<\/p>\n\n\n\n<p>La clasificaci\u00f3n y el tratamiento satisfactorios de los residuos en estos centros son esenciales. En estos centros, la cantidad generada de residuos de actividades sanitarias con riesgo infeccioso es de baja a moderada, y existe una tendencia a minimizar el riesgo que representan estos residuos. Sin embargo, debe controlarse el riesgo biol\u00f3gico no solo para el personal y el medio ambiente, sino tambi\u00e9n para evitar la contaminaci\u00f3n cruzada y las infecciones nosocomiales.<\/p>\n\n\n\n<p>Dado que estos centros pueden estar ubicados en zonas alejadas de las zonas urbanas, aisladas o de dif\u00edcil acceso, es importante que cada centro cuente con un sistema de tratamiento de residuos de actividades sanitarias con riesgo infeccioso sencillo y eficaz.<\/p>\n<\/div>\n\n\n\n<div class=\"wp-block-column is-layout-flow wp-block-column-is-layout-flow\">\n<h3 class=\"wp-block-heading\">Ventajas de STERIPLUS<sup>TM<\/sup><\/h3>\n\n\n\n<ul class=\"wp-block-list\"><li>Tratamiento de residuos de actividades sanitarias con riesgo infeccioso s\u00f3lidos y l\u00edquidos<\/li><li>Trituraci\u00f3n y descontaminaci\u00f3n en el mismo aparato<\/li><li>Transformaci\u00f3n f\u00edsica de residuos s\u00f3lidos (trituraci\u00f3n)<\/li><li>Tecnolog\u00eda de descontaminaci\u00f3n por autoclave (esterilizaci\u00f3n por vapor a 135 \u00b0C)<\/li><li>Penetraci\u00f3n del vapor en el n\u00facleo de los residuos de actividades sanitarias con riesgo infeccioso gracias a la trituraci\u00f3n previa<\/li><li>Ciclo de tratamiento completo de 30 minutos<\/li><li>Reducci\u00f3n significativa del peso\/volumen de los residuos que deben eliminarse<\/li><li>F\u00e1cil instalaci\u00f3n dentro del establecimiento.<\/li><\/ul>\n<\/div>\n<\/div>\n\n\n\n<div class=\"wp-block-group\"><div class=\"wp-block-group__inner-container is-layout-flow wp-block-group-is-layout-flow\">\n<h1 class=\"has-text-align-center wp-block-heading\">Ejemplos de uso<\/h1>\n<\/div><\/div>\n\n\n\n<hr class=\"wp-block-separator\"\/>\n\n\n\n<div class=\"wp-block-columns is-layout-flex wp-container-core-columns-is-layout-5 wp-block-columns-is-layout-flex\">\n<div class=\"wp-block-column is-layout-flow wp-block-column-is-layout-flow\">\n<p><strong><span style=\"color:#f0810f\" class=\"tadv-color\">Centro m\u00e9dico de la Seguridad Social en el Magreb<\/span><\/strong><\/p>\n\n\n\n<ul class=\"wp-block-list\"><li><strong><strong>Tipo de residuo tratado<\/strong>:<\/strong>\u00a0Peque\u00f1as cantidades de residuos sanitarios (jeringas, compresas\u2026)<\/li><li><strong>Ventagas:\u00a0<\/strong>el tratamiento in situ evita el almacenamiento y el transporte.<\/li><\/ul>\n<\/div>\n\n\n\n<div class=\"wp-block-column is-layout-flow wp-block-column-is-layout-flow\">\n<p class=\"has-text-color\" style=\"color:#f0810f\"><strong>Asilo de ancianos en Francia<\/strong><\/p>\n\n\n\n<ul class=\"wp-block-list\"><li><strong><strong>Tipo de residuo tratado<\/strong>:<\/strong>\u00a0Producci\u00f3n de 3 cajas de residuos de actividades sanitarias con riesgo infeccioso al d\u00eda.<\/li><li><strong>Ventagas:\u00a0<\/strong>el tratamiento in situ evita el almacenamiento y el transporte.<\/li><\/ul>\n<\/div>\n<\/div>\n\n\n\n<div class=\"wp-block-group\"><div class=\"wp-block-group__inner-container is-layout-flow wp-block-group-is-layout-flow\">\n<p class=\"has-text-align-center\"><\/p>\n<\/div><\/div>\n","protected":false},"excerpt":{"rendered":"<p>Residuos sanitarios y residuos de actividades sanitarias con riesgo infeccioso Las instituciones y peque\u00f1as unidades de atenci\u00f3n sanitaria generan residuos de actividades de atenci\u00f3n sanitaria que pueden ser de diversa naturaleza: Residuos Con riesgo infeccioso Radiactivos Qu\u00edmicos\/t\u00f3xicos Residuos no peligrosos asimilados a los residuos dom\u00e9sticos Partes anat\u00f3micas Cada instituci\u00f3n debe establecer un procedimiento de tratamiento [&hellip;]<\/p>\n","protected":false},"author":1,"featured_media":904,"parent":0,"menu_order":0,"comment_status":"closed","ping_status":"closed","template":"","meta":{"_uag_custom_page_level_css":"","footnotes":""},"class_list":["post-340","page","type-page","status-publish","has-post-thumbnail","hentry"],"yoast_head":"<!-- This site is optimized with the Yoast SEO plugin v26.8 - https:\/\/yoast.com\/product\/yoast-seo-wordpress\/ -->\n<title>Centros m\u00e9dicos - Tesalys<\/title>\n<meta name=\"robots\" content=\"index, follow, max-snippet:-1, max-image-preview:large, max-video-preview:-1\" \/>\n<link rel=\"canonical\" href=\"https:\/\/www.tesalys.fr\/es\/centros-medicos\/\" \/>\n<meta property=\"og:locale\" content=\"es_ES\" \/>\n<meta property=\"og:type\" content=\"article\" \/>\n<meta property=\"og:title\" content=\"Centros m\u00e9dicos - Tesalys\" \/>\n<meta property=\"og:description\" content=\"Residuos sanitarios y residuos de actividades sanitarias con riesgo infeccioso Las instituciones y peque\u00f1as unidades de atenci\u00f3n sanitaria generan residuos de actividades de atenci\u00f3n sanitaria que pueden ser de diversa naturaleza: Residuos Con riesgo infeccioso Radiactivos Qu\u00edmicos\/t\u00f3xicos Residuos no peligrosos asimilados a los residuos dom\u00e9sticos Partes anat\u00f3micas Cada instituci\u00f3n debe establecer un procedimiento de tratamiento [&hellip;]\" \/>\n<meta property=\"og:url\" content=\"https:\/\/www.tesalys.fr\/es\/centros-medicos\/\" \/>\n<meta property=\"og:site_name\" content=\"Tesalys\" \/>\n<meta property=\"article:modified_time\" content=\"2021-02-24T10:06:31+00:00\" \/>\n<meta property=\"og:image\" content=\"https:\/\/www.tesalys.fr\/wp-content\/uploads\/2021\/02\/syringes-pills-and-medical-blue-shielding-bandage-TZ9PTSU-scaled.jpg\" \/>\n\t<meta property=\"og:image:width\" content=\"2560\" \/>\n\t<meta property=\"og:image:height\" content=\"1709\" \/>\n\t<meta property=\"og:image:type\" content=\"image\/jpeg\" \/>\n<meta name=\"twitter:card\" content=\"summary_large_image\" \/>\n<meta name=\"twitter:label1\" content=\"Tiempo de lectura\" \/>\n\t<meta name=\"twitter:data1\" content=\"4 minutos\" \/>\n<script type=\"application\/ld+json\" class=\"yoast-schema-graph\">{\"@context\":\"https:\/\/schema.org\",\"@graph\":[{\"@type\":\"WebPage\",\"@id\":\"https:\/\/www.tesalys.fr\/es\/centros-medicos\/\",\"url\":\"https:\/\/www.tesalys.fr\/es\/centros-medicos\/\",\"name\":\"Centros m\u00e9dicos - Tesalys\",\"isPartOf\":{\"@id\":\"https:\/\/www.tesalys.fr\/es\/#website\"},\"primaryImageOfPage\":{\"@id\":\"https:\/\/www.tesalys.fr\/es\/centros-medicos\/#primaryimage\"},\"image\":{\"@id\":\"https:\/\/www.tesalys.fr\/es\/centros-medicos\/#primaryimage\"},\"thumbnailUrl\":\"https:\/\/www.tesalys.fr\/wp-content\/uploads\/2021\/02\/syringes-pills-and-medical-blue-shielding-bandage-TZ9PTSU-scaled.jpg\",\"datePublished\":\"2020-12-10T16:22:09+00:00\",\"dateModified\":\"2021-02-24T10:06:31+00:00\",\"inLanguage\":\"es\",\"potentialAction\":[{\"@type\":\"ReadAction\",\"target\":[\"https:\/\/www.tesalys.fr\/es\/centros-medicos\/\"]}]},{\"@type\":\"ImageObject\",\"inLanguage\":\"es\",\"@id\":\"https:\/\/www.tesalys.fr\/es\/centros-medicos\/#primaryimage\",\"url\":\"https:\/\/www.tesalys.fr\/wp-content\/uploads\/2021\/02\/syringes-pills-and-medical-blue-shielding-bandage-TZ9PTSU-scaled.jpg\",\"contentUrl\":\"https:\/\/www.tesalys.fr\/wp-content\/uploads\/2021\/02\/syringes-pills-and-medical-blue-shielding-bandage-TZ9PTSU-scaled.jpg\",\"width\":2560,\"height\":1709,\"caption\":\"Syringes, pills and medical blue shielding bandage on a blue background with copy space\"},{\"@type\":\"WebSite\",\"@id\":\"https:\/\/www.tesalys.fr\/es\/#website\",\"url\":\"https:\/\/www.tesalys.fr\/es\/\",\"name\":\"Tesalys\",\"description\":\"Soluciones de tratamiento para residuos de riesgo infeccioso\",\"publisher\":{\"@id\":\"https:\/\/www.tesalys.fr\/es\/#organization\"},\"potentialAction\":[{\"@type\":\"SearchAction\",\"target\":{\"@type\":\"EntryPoint\",\"urlTemplate\":\"https:\/\/www.tesalys.fr\/es\/?s={search_term_string}\"},\"query-input\":{\"@type\":\"PropertyValueSpecification\",\"valueRequired\":true,\"valueName\":\"search_term_string\"}}],\"inLanguage\":\"es\"},{\"@type\":\"Organization\",\"@id\":\"https:\/\/www.tesalys.fr\/es\/#organization\",\"name\":\"TESALYS\",\"url\":\"https:\/\/www.tesalys.fr\/es\/\",\"logo\":{\"@type\":\"ImageObject\",\"inLanguage\":\"es\",\"@id\":\"https:\/\/www.tesalys.fr\/es\/#\/schema\/logo\/image\/\",\"url\":\"https:\/\/www.tesalys.fr\/wp-content\/uploads\/2020\/12\/tesalys-logo-header.jpg\",\"contentUrl\":\"https:\/\/www.tesalys.fr\/wp-content\/uploads\/2020\/12\/tesalys-logo-header.jpg\",\"width\":200,\"height\":74,\"caption\":\"TESALYS\"},\"image\":{\"@id\":\"https:\/\/www.tesalys.fr\/es\/#\/schema\/logo\/image\/\"}}]}<\/script>\n<!-- \/ Yoast SEO plugin. -->","yoast_head_json":{"title":"Centros m\u00e9dicos - Tesalys","robots":{"index":"index","follow":"follow","max-snippet":"max-snippet:-1","max-image-preview":"max-image-preview:large","max-video-preview":"max-video-preview:-1"},"canonical":"https:\/\/www.tesalys.fr\/es\/centros-medicos\/","og_locale":"es_ES","og_type":"article","og_title":"Centros m\u00e9dicos - Tesalys","og_description":"Residuos sanitarios y residuos de actividades sanitarias con riesgo infeccioso Las instituciones y peque\u00f1as unidades de atenci\u00f3n sanitaria generan residuos de actividades de atenci\u00f3n sanitaria que pueden ser de diversa naturaleza: Residuos Con riesgo infeccioso Radiactivos Qu\u00edmicos\/t\u00f3xicos Residuos no peligrosos asimilados a los residuos dom\u00e9sticos Partes anat\u00f3micas Cada instituci\u00f3n debe establecer un procedimiento de tratamiento [&hellip;]","og_url":"https:\/\/www.tesalys.fr\/es\/centros-medicos\/","og_site_name":"Tesalys","article_modified_time":"2021-02-24T10:06:31+00:00","og_image":[{"width":2560,"height":1709,"url":"https:\/\/www.tesalys.fr\/wp-content\/uploads\/2021\/02\/syringes-pills-and-medical-blue-shielding-bandage-TZ9PTSU-scaled.jpg","type":"image\/jpeg"}],"twitter_card":"summary_large_image","twitter_misc":{"Tiempo de lectura":"4 minutos"},"schema":{"@context":"https:\/\/schema.org","@graph":[{"@type":"WebPage","@id":"https:\/\/www.tesalys.fr\/es\/centros-medicos\/","url":"https:\/\/www.tesalys.fr\/es\/centros-medicos\/","name":"Centros m\u00e9dicos - Tesalys","isPartOf":{"@id":"https:\/\/www.tesalys.fr\/es\/#website"},"primaryImageOfPage":{"@id":"https:\/\/www.tesalys.fr\/es\/centros-medicos\/#primaryimage"},"image":{"@id":"https:\/\/www.tesalys.fr\/es\/centros-medicos\/#primaryimage"},"thumbnailUrl":"https:\/\/www.tesalys.fr\/wp-content\/uploads\/2021\/02\/syringes-pills-and-medical-blue-shielding-bandage-TZ9PTSU-scaled.jpg","datePublished":"2020-12-10T16:22:09+00:00","dateModified":"2021-02-24T10:06:31+00:00","inLanguage":"es","potentialAction":[{"@type":"ReadAction","target":["https:\/\/www.tesalys.fr\/es\/centros-medicos\/"]}]},{"@type":"ImageObject","inLanguage":"es","@id":"https:\/\/www.tesalys.fr\/es\/centros-medicos\/#primaryimage","url":"https:\/\/www.tesalys.fr\/wp-content\/uploads\/2021\/02\/syringes-pills-and-medical-blue-shielding-bandage-TZ9PTSU-scaled.jpg","contentUrl":"https:\/\/www.tesalys.fr\/wp-content\/uploads\/2021\/02\/syringes-pills-and-medical-blue-shielding-bandage-TZ9PTSU-scaled.jpg","width":2560,"height":1709,"caption":"Syringes, pills and medical blue shielding bandage on a blue background with copy space"},{"@type":"WebSite","@id":"https:\/\/www.tesalys.fr\/es\/#website","url":"https:\/\/www.tesalys.fr\/es\/","name":"Tesalys","description":"Soluciones de tratamiento para residuos de riesgo infeccioso","publisher":{"@id":"https:\/\/www.tesalys.fr\/es\/#organization"},"potentialAction":[{"@type":"SearchAction","target":{"@type":"EntryPoint","urlTemplate":"https:\/\/www.tesalys.fr\/es\/?s={search_term_string}"},"query-input":{"@type":"PropertyValueSpecification","valueRequired":true,"valueName":"search_term_string"}}],"inLanguage":"es"},{"@type":"Organization","@id":"https:\/\/www.tesalys.fr\/es\/#organization","name":"TESALYS","url":"https:\/\/www.tesalys.fr\/es\/","logo":{"@type":"ImageObject","inLanguage":"es","@id":"https:\/\/www.tesalys.fr\/es\/#\/schema\/logo\/image\/","url":"https:\/\/www.tesalys.fr\/wp-content\/uploads\/2020\/12\/tesalys-logo-header.jpg","contentUrl":"https:\/\/www.tesalys.fr\/wp-content\/uploads\/2020\/12\/tesalys-logo-header.jpg","width":200,"height":74,"caption":"TESALYS"},"image":{"@id":"https:\/\/www.tesalys.fr\/es\/#\/schema\/logo\/image\/"}}]}},"uagb_featured_image_src":{"full":["https:\/\/www.tesalys.fr\/wp-content\/uploads\/2021\/02\/syringes-pills-and-medical-blue-shielding-bandage-TZ9PTSU-scaled.jpg",2560,1709,false],"thumbnail":["https:\/\/www.tesalys.fr\/wp-content\/uploads\/2021\/02\/syringes-pills-and-medical-blue-shielding-bandage-TZ9PTSU-scaled-150x150.jpg",150,150,true],"medium":["https:\/\/www.tesalys.fr\/wp-content\/uploads\/2021\/02\/syringes-pills-and-medical-blue-shielding-bandage-TZ9PTSU-scaled-300x200.jpg",300,200,true],"medium_large":["https:\/\/www.tesalys.fr\/wp-content\/uploads\/2021\/02\/syringes-pills-and-medical-blue-shielding-bandage-TZ9PTSU-scaled-768x513.jpg",768,513,true],"large":["https:\/\/www.tesalys.fr\/wp-content\/uploads\/2021\/02\/syringes-pills-and-medical-blue-shielding-bandage-TZ9PTSU-scaled-1024x684.jpg",1024,684,true],"1536x1536":["https:\/\/www.tesalys.fr\/wp-content\/uploads\/2021\/02\/syringes-pills-and-medical-blue-shielding-bandage-TZ9PTSU-scaled-1536x1025.jpg",1536,1025,true],"2048x2048":["https:\/\/www.tesalys.fr\/wp-content\/uploads\/2021\/02\/syringes-pills-and-medical-blue-shielding-bandage-TZ9PTSU-scaled-2048x1367.jpg",2048,1367,true],"home-actu":["https:\/\/www.tesalys.fr\/wp-content\/uploads\/2021\/02\/syringes-pills-and-medical-blue-shielding-bandage-TZ9PTSU-scaled-455x280.jpg",455,280,true],"home-carousel":["https:\/\/www.tesalys.fr\/wp-content\/uploads\/2021\/02\/syringes-pills-and-medical-blue-shielding-bandage-TZ9PTSU-scaled-1920x550.jpg",1920,550,true],"home-avantage":["https:\/\/www.tesalys.fr\/wp-content\/uploads\/2021\/02\/syringes-pills-and-medical-blue-shielding-bandage-TZ9PTSU-scaled-140x93.jpg",140,93,true],"home-destinataire":["https:\/\/www.tesalys.fr\/wp-content\/uploads\/2021\/02\/syringes-pills-and-medical-blue-shielding-bandage-TZ9PTSU-scaled-110x73.jpg",110,73,true],"produit-title":["https:\/\/www.tesalys.fr\/wp-content\/uploads\/2021\/02\/syringes-pills-and-medical-blue-shielding-bandage-TZ9PTSU-scaled-450x300.jpg",450,300,true],"produit-title-800x800":["https:\/\/www.tesalys.fr\/wp-content\/uploads\/2021\/02\/syringes-pills-and-medical-blue-shielding-bandage-TZ9PTSU-scaled-800x800.jpg",800,800,true],"produit-repeatable":["https:\/\/www.tesalys.fr\/wp-content\/uploads\/2021\/02\/syringes-pills-and-medical-blue-shielding-bandage-TZ9PTSU-scaled-800x600.jpg",800,600,true]},"uagb_author_info":{"display_name":"digeek","author_link":"https:\/\/www.tesalys.fr\/es\/author\/digeek\/"},"uagb_comment_info":0,"uagb_excerpt":"Residuos sanitarios y residuos de actividades sanitarias con riesgo infeccioso Las instituciones y peque\u00f1as unidades de atenci\u00f3n sanitaria generan residuos de actividades de atenci\u00f3n sanitaria que pueden ser de diversa naturaleza: Residuos Con riesgo infeccioso Radiactivos Qu\u00edmicos\/t\u00f3xicos Residuos no peligrosos asimilados a los residuos dom\u00e9sticos Partes anat\u00f3micas Cada instituci\u00f3n debe establecer un procedimiento de tratamiento&hellip;","_links":{"self":[{"href":"https:\/\/www.tesalys.fr\/es\/wp-json\/wp\/v2\/pages\/340","targetHints":{"allow":["GET"]}}],"collection":[{"href":"https:\/\/www.tesalys.fr\/es\/wp-json\/wp\/v2\/pages"}],"about":[{"href":"https:\/\/www.tesalys.fr\/es\/wp-json\/wp\/v2\/types\/page"}],"author":[{"embeddable":true,"href":"https:\/\/www.tesalys.fr\/es\/wp-json\/wp\/v2\/users\/1"}],"replies":[{"embeddable":true,"href":"https:\/\/www.tesalys.fr\/es\/wp-json\/wp\/v2\/comments?post=340"}],"version-history":[{"count":0,"href":"https:\/\/www.tesalys.fr\/es\/wp-json\/wp\/v2\/pages\/340\/revisions"}],"wp:featuredmedia":[{"embeddable":true,"href":"https:\/\/www.tesalys.fr\/es\/wp-json\/wp\/v2\/media\/904"}],"wp:attachment":[{"href":"https:\/\/www.tesalys.fr\/es\/wp-json\/wp\/v2\/media?parent=340"}],"curies":[{"name":"wp","href":"https:\/\/api.w.org\/{rel}","templated":true}]}}