{"id":348,"date":"2020-12-10T17:23:42","date_gmt":"2020-12-10T16:23:42","guid":{"rendered":"https:\/\/www.tesalys.fr\/?page_id=348"},"modified":"2021-02-23T20:26:30","modified_gmt":"2021-02-23T19:26:30","slug":"hospitales-clinicas","status":"publish","type":"page","link":"https:\/\/www.tesalys.fr\/es\/hospitales-clinicas\/","title":{"rendered":"Hospitales \/ cl\u00ednicas"},"content":{"rendered":"\n<div style=\"height:50px\" aria-hidden=\"true\" class=\"wp-block-spacer\"><\/div>\n\n\n\n<h1 class=\"has-text-align-center wp-block-heading\">Residuos sanitarios y residuos de actividades sanitarias con riesgo infeccioso<\/h1>\n\n\n\n<p>Los centros hospitalarios generan diversos tipos de residuos sanitarios:<\/p>\n\n\n\n<ul class=\"wp-block-list\"><li>Residuos<ul><li>Con riesgo infeccioso<\/li><li>Radiactivos<\/li><li>Qu\u00edmicos\/t\u00f3xicos (DRCT)<\/li><\/ul><\/li><li>Residuos no peligrosos asimilados a los residuos dom\u00e9sticos<\/li><li>Partes anat\u00f3micas<\/li><\/ul>\n\n\n\n<p>Cada hospital o cl\u00ednica debe establecer un procedimiento de tratamiento para los diferentes tipos de residuos generados. <strong>Por lo tanto, es importante clasificar los residuos una vez realizado un tratamiento o un procedimiento m\u00e9dico o t\u00e9cnico.<\/strong><\/p>\n\n\n\n<p>En particular, la implantaci\u00f3n de un sistema de clasificaci\u00f3n y eliminaci\u00f3n de residuos de actividades sanitarias con riesgo infeccioso es esencial para la prevenci\u00f3n de las infecciones nosocomiales (infecciones asociadas a la atenci\u00f3n sanitaria en los centros de salud).<\/p>\n\n\n\n<p>La producci\u00f3n de residuos de actividades sanitarias con riesgo infeccioso var\u00eda en hospitales y cl\u00ednicas, y depende del n\u00famero de camas de hospital, el n\u00famero de procedimientos quir\u00fargicos.<\/p>\n\n\n\n<div style=\"height:50px\" aria-hidden=\"true\" class=\"wp-block-spacer\"><\/div>\n\n\n\n<h1 class=\"has-text-align-center wp-block-heading\">\u00bfQu\u00e9 residuos se generan en hospitales y cl\u00ednicas?<\/h1>\n\n\n\n<p>Los residuos infecciosos de las instituciones sanitarias proceden de diferentes servicios hospitalarios (salas de hospitalizaci\u00f3n, departamento de enfermedades infecciosas, quir\u00f3fano, sala de recuperaci\u00f3n, cuidados intensivos, laboratorios, consultas, cirug\u00eda ambulatoria, maternidad, centros de rehabilitaci\u00f3n\u2026).<br>Los hospitales generan residuos de actividades sanitarias con riesgo infeccioso de naturaleza muy diversa:<\/p>\n\n\n\n<div class=\"wp-block-columns is-layout-flex wp-container-core-columns-is-layout-1 wp-block-columns-is-layout-flex\">\n<div class=\"wp-block-column is-layout-flow wp-block-column-is-layout-flow\">\n<figure class=\"wp-block-image size-large\"><img decoding=\"async\" width=\"2560\" height=\"1707\" src=\"https:\/\/www.tesalys.fr\/wp-content\/uploads\/2021\/02\/surgery-PK94ANL-scaled.jpg\" alt=\"DASRI Cliniques\" class=\"wp-image-1324\" srcset=\"https:\/\/www.tesalys.fr\/wp-content\/uploads\/2021\/02\/surgery-PK94ANL-scaled.jpg 2560w, https:\/\/www.tesalys.fr\/wp-content\/uploads\/2021\/02\/surgery-PK94ANL-scaled-300x200.jpg 300w, https:\/\/www.tesalys.fr\/wp-content\/uploads\/2021\/02\/surgery-PK94ANL-scaled-1024x683.jpg 1024w, https:\/\/www.tesalys.fr\/wp-content\/uploads\/2021\/02\/surgery-PK94ANL-scaled-768x512.jpg 768w, https:\/\/www.tesalys.fr\/wp-content\/uploads\/2021\/02\/surgery-PK94ANL-scaled-1536x1024.jpg 1536w, https:\/\/www.tesalys.fr\/wp-content\/uploads\/2021\/02\/surgery-PK94ANL-scaled-2048x1366.jpg 2048w, https:\/\/www.tesalys.fr\/wp-content\/uploads\/2021\/02\/surgery-PK94ANL-scaled-140x93.jpg 140w, https:\/\/www.tesalys.fr\/wp-content\/uploads\/2021\/02\/surgery-PK94ANL-scaled-110x73.jpg 110w, https:\/\/www.tesalys.fr\/wp-content\/uploads\/2021\/02\/surgery-PK94ANL-scaled-450x300.jpg 450w\" sizes=\"(max-width: 2560px) 100vw, 2560px\" \/><\/figure>\n<\/div>\n\n\n\n<div class=\"wp-block-column is-layout-flow wp-block-column-is-layout-flow\">\n<ul class=\"wp-block-list\" id=\"block-f392db3f-a6fb-4e51-869b-8c603bcbc8ce\"><li><strong>Material desechable usado<\/strong> (campos de operaci\u00f3n, gasas, compresas, vendas, etc.)<\/li><li>Equipos de <strong>protecci\u00f3n individual<\/strong>: guantes, chaquetas, chaquetillas, monos, gafas, m\u00e1scaras, cofias, cubrezapatos\u2026<\/li><li><strong>Residuos de actividades sanitarias con riesgo infeccioso punzantes, cortantes o afilados<\/strong>: agujas, jeringas, hojas de bistur\u00ed, vidrio\u2026<\/li><li><strong>Sets de cuidados desechables<\/strong> (incluidos algunos instrumentos peque\u00f1os de pl\u00e1stico o metal)<\/li><li>Instrumentaci\u00f3n <strong>quir\u00fargica de un solo uso<\/strong><\/li><li><strong>Consumibles<\/strong> de laboratorio de pl\u00e1stico o vidrio (placas de Petri, tubos de ensayo, tubos de muestreo, pipetas\u2026)<\/li><li>Residuos de hemodi\u00e1lisis<\/li><li><strong>Residuos infecciosos l\u00edquidos o que contengan l\u00edquidos<\/strong><\/li><\/ul>\n<\/div>\n<\/div>\n\n\n\n<div class=\"wp-block-columns is-layout-flex wp-container-core-columns-is-layout-2 wp-block-columns-is-layout-flex\">\n<div class=\"wp-block-column is-layout-flow wp-block-column-is-layout-flow\">\n<h3 class=\"wp-block-heading\">Especificidades de los residuos de actividades sanitarias con riesgo infeccioso en los hospitales<\/h3>\n\n\n\n<p>En general, los residuos procedentes de actividades de atenci\u00f3n sanitaria en los hospitales se envasan en bolsas (esterilizables en autoclave o no), contenedores de cart\u00f3n para residuos de actividades sanitarias con riesgo infeccioso o bidones.<\/p>\n\n\n\n<p>La clasificaci\u00f3n y el tratamiento satisfactorios de los residuos en hospitales y cl\u00ednicas son esenciales. En estos establecimientos, la cantidad de residuos de actividades sanitarias con riesgo infeccioso generada y la diversidad de las personas que acuden al establecimiento (pacientes, personal sanitario, visitantes) obliga a controlar el riesgo biol\u00f3gico no solo para el personal y el medio ambiente, sino tambi\u00e9n para evitar la contaminaci\u00f3n cruzada y las infecciones nosocomiales.<\/p>\n<\/div>\n\n\n\n<div class=\"wp-block-column is-layout-flow wp-block-column-is-layout-flow\">\n<h3 class=\"wp-block-heading\">Ventajas de STERIPLUS<sup>TM<\/sup><\/h3>\n\n\n\n<ul class=\"wp-block-list\"><li>Tratamiento de residuos de actividades sanitarias con riesgo infeccioso s\u00f3lidos y l\u00edquidos<\/li><li>Trituraci\u00f3n y descontaminaci\u00f3n en el mismo aparato<\/li><li>Trituraci\u00f3n y descontaminaci\u00f3n en el mismo aparato<\/li><li>Tecnolog\u00eda de descontaminaci\u00f3n por autoclave (esterilizaci\u00f3n por vapor a 135 \u00b0C)<\/li><li>Penetraci\u00f3n del vapor en el n\u00facleo de los residuos de actividades sanitarias con riesgo infeccioso gracias a la trituraci\u00f3n previa<\/li><li>Ciclo de tratamiento completo de 30 minutos.<\/li><li>Reducci\u00f3n significativa del peso\/volumen de los residuos que deben eliminarse<\/li><li>F\u00e1cil instalaci\u00f3n en el establecimiento<\/li><\/ul>\n<\/div>\n<\/div>\n\n\n\n<div style=\"height:50px\" aria-hidden=\"true\" class=\"wp-block-spacer\"><\/div>\n\n\n\n<h1 class=\"has-text-align-center wp-block-heading\">Ejemplos de uso<\/h1>\n\n\n\n<hr class=\"wp-block-separator is-style-wide\"\/>\n\n\n\n<div class=\"wp-block-columns is-layout-flex wp-container-core-columns-is-layout-3 wp-block-columns-is-layout-flex\">\n<div class=\"wp-block-column is-layout-flow wp-block-column-is-layout-flow\">\n<p><strong><span style=\"color:#f0810f\" class=\"tadv-color\">Cl\u00ednica privada con 600 camas en Francia<\/span><\/strong><\/p>\n\n\n\n<ul class=\"wp-block-list\"><li><strong><strong>Tipo de residuo tratado:<\/strong><\/strong>\u00a0Residuos de actividades sanitarias con riesgo infeccioso del servicio ambulatorio<\/li><li><strong>Ventagas:\u00a0<\/strong>Los residuos infecciosos del servicio se tratan directamente en planta, con lo que se eliminan los riesgos de almacenamiento y transporte interno.<\/li><\/ul>\n\n\n\n<p><strong><span style=\"color:#f0810f\" class=\"tadv-color\">Hospital general de una ciudad de 250.000 habitantes en el Magreb<\/span><\/strong><\/p>\n\n\n\n<ul class=\"wp-block-list\"><li><strong><strong>Tipo de residuo tratado:<\/strong><\/strong>\u00a0Residuos de actividades sanitarias con riesgo infeccioso de diversas fuentes (quir\u00f3fano, maternidad, hemodi\u00e1lisis\u2026)<\/li><li><strong>Ventagas:\u00a0<\/strong>STERIPLUS<sup>TM<\/sup>\u00a0sustituye a un antiguo incinerador que no cumpl\u00eda las normas medioambientales.<\/li><\/ul>\n<\/div>\n\n\n\n<div class=\"wp-block-column is-layout-flow wp-block-column-is-layout-flow\">\n<p><strong><span style=\"color:#f0810f\" class=\"tadv-color\">Hospitales gestionados por una ONG en \u00c1frica y Oriente Medio<\/span><\/strong><\/p>\n\n\n\n<ul class=\"wp-block-list\"><li><strong><strong>Tipo de residuo tratado:<\/strong><\/strong>\u00a0Residuos de actividades sanitarias con riesgo infeccioso de diversas fuentes (quir\u00f3fano, maternidad, hemodi\u00e1lisis\u2026)<\/li><li><strong>Ventagas:\u00a0<\/strong>STERIPLUS<sup>TM<\/sup>\u00a0es una soluci\u00f3n f\u00e1cil de aplicar e instalar para la gesti\u00f3n de residuos infecciosos in situ.<\/li><\/ul>\n<\/div>\n<\/div>\n","protected":false},"excerpt":{"rendered":"<p>Residuos sanitarios y residuos de actividades sanitarias con riesgo infeccioso Los centros hospitalarios generan diversos tipos de residuos sanitarios: Residuos Con riesgo infeccioso Radiactivos Qu\u00edmicos\/t\u00f3xicos (DRCT) Residuos no peligrosos asimilados a los residuos dom\u00e9sticos Partes anat\u00f3micas Cada hospital o cl\u00ednica debe establecer un procedimiento de tratamiento para los diferentes tipos de residuos generados. Por lo [&hellip;]<\/p>\n","protected":false},"author":1,"featured_media":1995,"parent":0,"menu_order":0,"comment_status":"closed","ping_status":"closed","template":"","meta":{"_uag_custom_page_level_css":"","footnotes":""},"class_list":["post-348","page","type-page","status-publish","has-post-thumbnail","hentry"],"yoast_head":"<!-- This site is optimized with the Yoast SEO plugin v26.8 - https:\/\/yoast.com\/product\/yoast-seo-wordpress\/ -->\n<title>Hospitales \/ cl\u00ednicas - Tesalys<\/title>\n<meta name=\"robots\" content=\"index, follow, max-snippet:-1, max-image-preview:large, max-video-preview:-1\" \/>\n<link rel=\"canonical\" href=\"https:\/\/www.tesalys.fr\/es\/hospitales-clinicas\/\" \/>\n<meta property=\"og:locale\" content=\"es_ES\" \/>\n<meta property=\"og:type\" content=\"article\" \/>\n<meta property=\"og:title\" content=\"Hospitales \/ cl\u00ednicas - Tesalys\" \/>\n<meta property=\"og:description\" content=\"Residuos sanitarios y residuos de actividades sanitarias con riesgo infeccioso Los centros hospitalarios generan diversos tipos de residuos sanitarios: Residuos Con riesgo infeccioso Radiactivos Qu\u00edmicos\/t\u00f3xicos (DRCT) Residuos no peligrosos asimilados a los residuos dom\u00e9sticos Partes anat\u00f3micas Cada hospital o cl\u00ednica debe establecer un procedimiento de tratamiento para los diferentes tipos de residuos generados. Por lo [&hellip;]\" \/>\n<meta property=\"og:url\" content=\"https:\/\/www.tesalys.fr\/es\/hospitales-clinicas\/\" \/>\n<meta property=\"og:site_name\" content=\"Tesalys\" \/>\n<meta property=\"article:modified_time\" content=\"2021-02-23T19:26:30+00:00\" \/>\n<meta property=\"og:image\" content=\"https:\/\/www.tesalys.fr\/wp-content\/uploads\/2021\/02\/surgeon-in-operating-room-at-hospital-PH2XD8K-scaled.jpg\" \/>\n\t<meta property=\"og:image:width\" content=\"2560\" \/>\n\t<meta property=\"og:image:height\" content=\"1707\" \/>\n\t<meta property=\"og:image:type\" content=\"image\/jpeg\" \/>\n<meta name=\"twitter:card\" content=\"summary_large_image\" \/>\n<meta name=\"twitter:label1\" content=\"Tiempo de lectura\" \/>\n\t<meta name=\"twitter:data1\" content=\"3 minutos\" \/>\n<script type=\"application\/ld+json\" class=\"yoast-schema-graph\">{\"@context\":\"https:\/\/schema.org\",\"@graph\":[{\"@type\":\"WebPage\",\"@id\":\"https:\/\/www.tesalys.fr\/es\/hospitales-clinicas\/\",\"url\":\"https:\/\/www.tesalys.fr\/es\/hospitales-clinicas\/\",\"name\":\"Hospitales \/ cl\u00ednicas - Tesalys\",\"isPartOf\":{\"@id\":\"https:\/\/www.tesalys.fr\/es\/#website\"},\"primaryImageOfPage\":{\"@id\":\"https:\/\/www.tesalys.fr\/es\/hospitales-clinicas\/#primaryimage\"},\"image\":{\"@id\":\"https:\/\/www.tesalys.fr\/es\/hospitales-clinicas\/#primaryimage\"},\"thumbnailUrl\":\"https:\/\/www.tesalys.fr\/wp-content\/uploads\/2021\/02\/surgeon-in-operating-room-at-hospital-PH2XD8K-scaled.jpg\",\"datePublished\":\"2020-12-10T16:23:42+00:00\",\"dateModified\":\"2021-02-23T19:26:30+00:00\",\"inLanguage\":\"es\",\"potentialAction\":[{\"@type\":\"ReadAction\",\"target\":[\"https:\/\/www.tesalys.fr\/es\/hospitales-clinicas\/\"]}]},{\"@type\":\"ImageObject\",\"inLanguage\":\"es\",\"@id\":\"https:\/\/www.tesalys.fr\/es\/hospitales-clinicas\/#primaryimage\",\"url\":\"https:\/\/www.tesalys.fr\/wp-content\/uploads\/2021\/02\/surgeon-in-operating-room-at-hospital-PH2XD8K-scaled.jpg\",\"contentUrl\":\"https:\/\/www.tesalys.fr\/wp-content\/uploads\/2021\/02\/surgeon-in-operating-room-at-hospital-PH2XD8K-scaled.jpg\",\"width\":2560,\"height\":1707,\"caption\":\"surgery, medicine and people concept - surgeon wearing medical gloves in operating room at hospital\"},{\"@type\":\"WebSite\",\"@id\":\"https:\/\/www.tesalys.fr\/es\/#website\",\"url\":\"https:\/\/www.tesalys.fr\/es\/\",\"name\":\"Tesalys\",\"description\":\"Soluciones de tratamiento para residuos de riesgo infeccioso\",\"publisher\":{\"@id\":\"https:\/\/www.tesalys.fr\/es\/#organization\"},\"potentialAction\":[{\"@type\":\"SearchAction\",\"target\":{\"@type\":\"EntryPoint\",\"urlTemplate\":\"https:\/\/www.tesalys.fr\/es\/?s={search_term_string}\"},\"query-input\":{\"@type\":\"PropertyValueSpecification\",\"valueRequired\":true,\"valueName\":\"search_term_string\"}}],\"inLanguage\":\"es\"},{\"@type\":\"Organization\",\"@id\":\"https:\/\/www.tesalys.fr\/es\/#organization\",\"name\":\"TESALYS\",\"url\":\"https:\/\/www.tesalys.fr\/es\/\",\"logo\":{\"@type\":\"ImageObject\",\"inLanguage\":\"es\",\"@id\":\"https:\/\/www.tesalys.fr\/es\/#\/schema\/logo\/image\/\",\"url\":\"https:\/\/www.tesalys.fr\/wp-content\/uploads\/2020\/12\/tesalys-logo-header.jpg\",\"contentUrl\":\"https:\/\/www.tesalys.fr\/wp-content\/uploads\/2020\/12\/tesalys-logo-header.jpg\",\"width\":200,\"height\":74,\"caption\":\"TESALYS\"},\"image\":{\"@id\":\"https:\/\/www.tesalys.fr\/es\/#\/schema\/logo\/image\/\"}}]}<\/script>\n<!-- \/ Yoast SEO plugin. -->","yoast_head_json":{"title":"Hospitales \/ cl\u00ednicas - Tesalys","robots":{"index":"index","follow":"follow","max-snippet":"max-snippet:-1","max-image-preview":"max-image-preview:large","max-video-preview":"max-video-preview:-1"},"canonical":"https:\/\/www.tesalys.fr\/es\/hospitales-clinicas\/","og_locale":"es_ES","og_type":"article","og_title":"Hospitales \/ cl\u00ednicas - Tesalys","og_description":"Residuos sanitarios y residuos de actividades sanitarias con riesgo infeccioso Los centros hospitalarios generan diversos tipos de residuos sanitarios: Residuos Con riesgo infeccioso Radiactivos Qu\u00edmicos\/t\u00f3xicos (DRCT) Residuos no peligrosos asimilados a los residuos dom\u00e9sticos Partes anat\u00f3micas Cada hospital o cl\u00ednica debe establecer un procedimiento de tratamiento para los diferentes tipos de residuos generados. Por lo [&hellip;]","og_url":"https:\/\/www.tesalys.fr\/es\/hospitales-clinicas\/","og_site_name":"Tesalys","article_modified_time":"2021-02-23T19:26:30+00:00","og_image":[{"width":2560,"height":1707,"url":"https:\/\/www.tesalys.fr\/wp-content\/uploads\/2021\/02\/surgeon-in-operating-room-at-hospital-PH2XD8K-scaled.jpg","type":"image\/jpeg"}],"twitter_card":"summary_large_image","twitter_misc":{"Tiempo de lectura":"3 minutos"},"schema":{"@context":"https:\/\/schema.org","@graph":[{"@type":"WebPage","@id":"https:\/\/www.tesalys.fr\/es\/hospitales-clinicas\/","url":"https:\/\/www.tesalys.fr\/es\/hospitales-clinicas\/","name":"Hospitales \/ cl\u00ednicas - Tesalys","isPartOf":{"@id":"https:\/\/www.tesalys.fr\/es\/#website"},"primaryImageOfPage":{"@id":"https:\/\/www.tesalys.fr\/es\/hospitales-clinicas\/#primaryimage"},"image":{"@id":"https:\/\/www.tesalys.fr\/es\/hospitales-clinicas\/#primaryimage"},"thumbnailUrl":"https:\/\/www.tesalys.fr\/wp-content\/uploads\/2021\/02\/surgeon-in-operating-room-at-hospital-PH2XD8K-scaled.jpg","datePublished":"2020-12-10T16:23:42+00:00","dateModified":"2021-02-23T19:26:30+00:00","inLanguage":"es","potentialAction":[{"@type":"ReadAction","target":["https:\/\/www.tesalys.fr\/es\/hospitales-clinicas\/"]}]},{"@type":"ImageObject","inLanguage":"es","@id":"https:\/\/www.tesalys.fr\/es\/hospitales-clinicas\/#primaryimage","url":"https:\/\/www.tesalys.fr\/wp-content\/uploads\/2021\/02\/surgeon-in-operating-room-at-hospital-PH2XD8K-scaled.jpg","contentUrl":"https:\/\/www.tesalys.fr\/wp-content\/uploads\/2021\/02\/surgeon-in-operating-room-at-hospital-PH2XD8K-scaled.jpg","width":2560,"height":1707,"caption":"surgery, medicine and people concept - surgeon wearing medical gloves in operating room at hospital"},{"@type":"WebSite","@id":"https:\/\/www.tesalys.fr\/es\/#website","url":"https:\/\/www.tesalys.fr\/es\/","name":"Tesalys","description":"Soluciones de tratamiento para residuos de riesgo infeccioso","publisher":{"@id":"https:\/\/www.tesalys.fr\/es\/#organization"},"potentialAction":[{"@type":"SearchAction","target":{"@type":"EntryPoint","urlTemplate":"https:\/\/www.tesalys.fr\/es\/?s={search_term_string}"},"query-input":{"@type":"PropertyValueSpecification","valueRequired":true,"valueName":"search_term_string"}}],"inLanguage":"es"},{"@type":"Organization","@id":"https:\/\/www.tesalys.fr\/es\/#organization","name":"TESALYS","url":"https:\/\/www.tesalys.fr\/es\/","logo":{"@type":"ImageObject","inLanguage":"es","@id":"https:\/\/www.tesalys.fr\/es\/#\/schema\/logo\/image\/","url":"https:\/\/www.tesalys.fr\/wp-content\/uploads\/2020\/12\/tesalys-logo-header.jpg","contentUrl":"https:\/\/www.tesalys.fr\/wp-content\/uploads\/2020\/12\/tesalys-logo-header.jpg","width":200,"height":74,"caption":"TESALYS"},"image":{"@id":"https:\/\/www.tesalys.fr\/es\/#\/schema\/logo\/image\/"}}]}},"uagb_featured_image_src":{"full":["https:\/\/www.tesalys.fr\/wp-content\/uploads\/2021\/02\/surgeon-in-operating-room-at-hospital-PH2XD8K-scaled.jpg",2560,1707,false],"thumbnail":["https:\/\/www.tesalys.fr\/wp-content\/uploads\/2021\/02\/surgeon-in-operating-room-at-hospital-PH2XD8K-scaled-150x150.jpg",150,150,true],"medium":["https:\/\/www.tesalys.fr\/wp-content\/uploads\/2021\/02\/surgeon-in-operating-room-at-hospital-PH2XD8K-scaled-300x200.jpg",300,200,true],"medium_large":["https:\/\/www.tesalys.fr\/wp-content\/uploads\/2021\/02\/surgeon-in-operating-room-at-hospital-PH2XD8K-scaled-768x512.jpg",768,512,true],"large":["https:\/\/www.tesalys.fr\/wp-content\/uploads\/2021\/02\/surgeon-in-operating-room-at-hospital-PH2XD8K-scaled-1024x683.jpg",1024,683,true],"1536x1536":["https:\/\/www.tesalys.fr\/wp-content\/uploads\/2021\/02\/surgeon-in-operating-room-at-hospital-PH2XD8K-scaled-1536x1024.jpg",1536,1024,true],"2048x2048":["https:\/\/www.tesalys.fr\/wp-content\/uploads\/2021\/02\/surgeon-in-operating-room-at-hospital-PH2XD8K-scaled-2048x1366.jpg",2048,1366,true],"home-actu":["https:\/\/www.tesalys.fr\/wp-content\/uploads\/2021\/02\/surgeon-in-operating-room-at-hospital-PH2XD8K-scaled-455x280.jpg",455,280,true],"home-carousel":["https:\/\/www.tesalys.fr\/wp-content\/uploads\/2021\/02\/surgeon-in-operating-room-at-hospital-PH2XD8K-scaled-1920x550.jpg",1920,550,true],"home-avantage":["https:\/\/www.tesalys.fr\/wp-content\/uploads\/2021\/02\/surgeon-in-operating-room-at-hospital-PH2XD8K-scaled-140x93.jpg",140,93,true],"home-destinataire":["https:\/\/www.tesalys.fr\/wp-content\/uploads\/2021\/02\/surgeon-in-operating-room-at-hospital-PH2XD8K-scaled-110x73.jpg",110,73,true],"produit-title":["https:\/\/www.tesalys.fr\/wp-content\/uploads\/2021\/02\/surgeon-in-operating-room-at-hospital-PH2XD8K-scaled-450x300.jpg",450,300,true],"produit-title-800x800":["https:\/\/www.tesalys.fr\/wp-content\/uploads\/2021\/02\/surgeon-in-operating-room-at-hospital-PH2XD8K-scaled-800x800.jpg",800,800,true],"produit-repeatable":["https:\/\/www.tesalys.fr\/wp-content\/uploads\/2021\/02\/surgeon-in-operating-room-at-hospital-PH2XD8K-scaled-800x600.jpg",800,600,true]},"uagb_author_info":{"display_name":"digeek","author_link":"https:\/\/www.tesalys.fr\/es\/author\/digeek\/"},"uagb_comment_info":0,"uagb_excerpt":"Residuos sanitarios y residuos de actividades sanitarias con riesgo infeccioso Los centros hospitalarios generan diversos tipos de residuos sanitarios: Residuos Con riesgo infeccioso Radiactivos Qu\u00edmicos\/t\u00f3xicos (DRCT) Residuos no peligrosos asimilados a los residuos dom\u00e9sticos Partes anat\u00f3micas Cada hospital o cl\u00ednica debe establecer un procedimiento de tratamiento para los diferentes tipos de residuos generados. Por lo&hellip;","_links":{"self":[{"href":"https:\/\/www.tesalys.fr\/es\/wp-json\/wp\/v2\/pages\/348","targetHints":{"allow":["GET"]}}],"collection":[{"href":"https:\/\/www.tesalys.fr\/es\/wp-json\/wp\/v2\/pages"}],"about":[{"href":"https:\/\/www.tesalys.fr\/es\/wp-json\/wp\/v2\/types\/page"}],"author":[{"embeddable":true,"href":"https:\/\/www.tesalys.fr\/es\/wp-json\/wp\/v2\/users\/1"}],"replies":[{"embeddable":true,"href":"https:\/\/www.tesalys.fr\/es\/wp-json\/wp\/v2\/comments?post=348"}],"version-history":[{"count":0,"href":"https:\/\/www.tesalys.fr\/es\/wp-json\/wp\/v2\/pages\/348\/revisions"}],"wp:featuredmedia":[{"embeddable":true,"href":"https:\/\/www.tesalys.fr\/es\/wp-json\/wp\/v2\/media\/1995"}],"wp:attachment":[{"href":"https:\/\/www.tesalys.fr\/es\/wp-json\/wp\/v2\/media?parent=348"}],"curies":[{"name":"wp","href":"https:\/\/api.w.org\/{rel}","templated":true}]}}