{"id":352,"date":"2020-12-10T17:24:30","date_gmt":"2020-12-10T16:24:30","guid":{"rendered":"https:\/\/www.tesalys.fr\/?page_id=352"},"modified":"2021-02-26T12:47:46","modified_gmt":"2021-02-26T11:47:46","slug":"laboratorio","status":"publish","type":"page","link":"https:\/\/www.tesalys.fr\/es\/laboratorio\/","title":{"rendered":"Laboratorios\/ Investigaci\u00f3n"},"content":{"rendered":"\n<p><\/p>\n\n\n\n<div style=\"height:50px\" aria-hidden=\"true\" class=\"wp-block-spacer\"><\/div>\n\n\n\n<h1 class=\"has-text-align-center wp-block-heading\">Residuos de actividades sanitarias con riesgo infeccioso altamente contaminados<\/h1>\n\n\n\n<p>Las actividades de investigaci\u00f3n y an\u00e1lisis producen residuos <strong>con un riesgo infeccioso particularmente alto debido<\/strong> a la presencia de elementos pat\u00f3genos, a veces en altas concentraciones.<\/p>\n\n\n\n<p>Algunas instalaciones tambi\u00e9n pueden producir desechos biocontaminados que contengan o puedan contener microorganismos altamente pat\u00f3genos, tales como:<\/p>\n\n\n\n<ul class=\"wp-block-list\"><li>Microorganismos de las clases II, III o IV (niveles de bioseguridad 2, 3 y 4)<\/li><li>Agentes transmisibles no convencionales (ATNC) \u2014 priones<\/li><li>Organismos modificados gen\u00e9ticamente (OGM)<\/li><\/ul>\n\n\n\n<div style=\"height:50px\" aria-hidden=\"true\" class=\"wp-block-spacer\"><\/div>\n\n\n\n<h1 class=\"has-text-align-center wp-block-heading\">\u00bfQu\u00e9 residuos de an\u00e1lisis, investigaci\u00f3n o producci\u00f3n?<\/h1>\n\n\n\n<p>En las actividades anal\u00edticas, de investigaci\u00f3n o de producci\u00f3n, los residuos con riesgo infeccioso se denominan m\u00e1s com\u00fanmente \u00abresiduos de actividades sanitarias con riesgo infeccioso y asimilados\u00bb.<\/p>\n\n\n\n<p>Los residuos biol\u00f3gicamente contaminados procedentes de actividades de an\u00e1lisis, investigaci\u00f3n o producci\u00f3n est\u00e1n compuestos por una gran cantidad de material de un solo uso que debe destruirse:<\/p>\n\n\n\n<div class=\"wp-block-columns is-layout-flex wp-container-core-columns-is-layout-2 wp-block-columns-is-layout-flex\">\n<div class=\"wp-block-column is-layout-flow wp-block-column-is-layout-flow\">\n<figure class=\"wp-block-image size-large\"><img decoding=\"async\" width=\"2560\" height=\"1707\" src=\"https:\/\/www.tesalys.fr\/wp-content\/uploads\/2021\/02\/science-research-in-laboratory-PECSDBQ-scaled.jpg\" alt=\"DASRI Labo\" class=\"wp-image-1285\" srcset=\"https:\/\/www.tesalys.fr\/wp-content\/uploads\/2021\/02\/science-research-in-laboratory-PECSDBQ-scaled.jpg 2560w, https:\/\/www.tesalys.fr\/wp-content\/uploads\/2021\/02\/science-research-in-laboratory-PECSDBQ-scaled-300x200.jpg 300w, https:\/\/www.tesalys.fr\/wp-content\/uploads\/2021\/02\/science-research-in-laboratory-PECSDBQ-scaled-1024x683.jpg 1024w, https:\/\/www.tesalys.fr\/wp-content\/uploads\/2021\/02\/science-research-in-laboratory-PECSDBQ-scaled-768x512.jpg 768w, https:\/\/www.tesalys.fr\/wp-content\/uploads\/2021\/02\/science-research-in-laboratory-PECSDBQ-scaled-1536x1024.jpg 1536w, https:\/\/www.tesalys.fr\/wp-content\/uploads\/2021\/02\/science-research-in-laboratory-PECSDBQ-scaled-2048x1366.jpg 2048w, https:\/\/www.tesalys.fr\/wp-content\/uploads\/2021\/02\/science-research-in-laboratory-PECSDBQ-scaled-140x93.jpg 140w, https:\/\/www.tesalys.fr\/wp-content\/uploads\/2021\/02\/science-research-in-laboratory-PECSDBQ-scaled-110x73.jpg 110w, https:\/\/www.tesalys.fr\/wp-content\/uploads\/2021\/02\/science-research-in-laboratory-PECSDBQ-scaled-450x300.jpg 450w\" sizes=\"(max-width: 2560px) 100vw, 2560px\" \/><\/figure>\n<\/div>\n\n\n\n<div class=\"wp-block-column is-layout-flow wp-block-column-is-layout-flow\">\n<ul class=\"wp-block-list\" id=\"block-b4951427-1dde-4edc-b098-4c9c12e55467\"><li><strong>Consumibles de laboratorio <\/strong>de pl\u00e1stico o vidrio (placas de Petri, tubos de ensayo, tubos de muestreo, pipetas\u2026)<\/li><li><strong>Material desechable <\/strong>contaminado (equipos de protecci\u00f3n individual, chaquetillas, monos, gafas, m\u00e1scaras, cofias, cubrezapatos\u2026)<\/li><li><strong>Residuos punzantes\/cortantes\/afilado<\/strong>s: agujas, jeringas, cuchillas, vidrio\u2026<\/li><li>Filtros<\/li><li>Equipos de producci\u00f3n biofarmac\u00e9utica<\/li><li><strong>Instrumentaci\u00f3n quir\u00fargica<\/strong><\/li><li>Residuos de actividades sanitarias con riesgo infeccioso l\u00edquidos<\/li><li><strong>Residuos anat\u00f3micos, cad\u00e1veres de animales y productos derivados<\/strong> (seg\u00fan la normativa local)<\/li><li>Residuos de lotes de producci\u00f3n o de I+D en dispositivos m\u00e9dicos<\/li><\/ul>\n\n\n\n<div class=\"wp-block-columns is-layout-flex wp-container-core-columns-is-layout-1 wp-block-columns-is-layout-flex\">\n<div class=\"wp-block-column is-layout-flow wp-block-column-is-layout-flow\"><\/div>\n<\/div>\n<\/div>\n<\/div>\n\n\n\n<div class=\"wp-block-columns is-layout-flex wp-container-core-columns-is-layout-3 wp-block-columns-is-layout-flex\">\n<div class=\"wp-block-column is-layout-flow wp-block-column-is-layout-flow\">\n<div style=\"height:50px\" aria-hidden=\"true\" class=\"wp-block-spacer\"><\/div>\n\n\n\n<h4 class=\"wp-block-heading\">Especificidad de los residuos de actividades sanitarias con riesgo infeccioso de laboratorio\/investigaci\u00f3n<\/h4>\n\n\n\n<p>En estos establecimientos existen <strong>residuos de actividades sanitarias con riesgo infeccioso<\/strong> l\u00edquidos como sangre, medios de cultivo, gelosa y residuos de m\u00e1quinas de an\u00e1lisis automatizadas.<\/p>\n\n\n\n<p>En general, los residuos de laboratorio se envasan en bolsas (esterilizables en autoclave o no), contenedores de cart\u00f3n para residuos de actividades sanitarias con riesgo infeccioso o bidones.<\/p>\n<\/div>\n\n\n\n<div class=\"wp-block-column is-layout-flow wp-block-column-is-layout-flow\">\n<figure class=\"wp-block-image size-large\"><img decoding=\"async\" width=\"2560\" height=\"1707\" src=\"https:\/\/www.tesalys.fr\/wp-content\/uploads\/2021\/02\/laboratory-worker-in-coverall-suit-is-adjusting-mi-LF7UESP-scaled.jpg\" alt=\"DASRI Laboratoires\" class=\"wp-image-1294\" srcset=\"https:\/\/www.tesalys.fr\/wp-content\/uploads\/2021\/02\/laboratory-worker-in-coverall-suit-is-adjusting-mi-LF7UESP-scaled.jpg 2560w, https:\/\/www.tesalys.fr\/wp-content\/uploads\/2021\/02\/laboratory-worker-in-coverall-suit-is-adjusting-mi-LF7UESP-scaled-300x200.jpg 300w, https:\/\/www.tesalys.fr\/wp-content\/uploads\/2021\/02\/laboratory-worker-in-coverall-suit-is-adjusting-mi-LF7UESP-scaled-1024x683.jpg 1024w, https:\/\/www.tesalys.fr\/wp-content\/uploads\/2021\/02\/laboratory-worker-in-coverall-suit-is-adjusting-mi-LF7UESP-scaled-768x512.jpg 768w, https:\/\/www.tesalys.fr\/wp-content\/uploads\/2021\/02\/laboratory-worker-in-coverall-suit-is-adjusting-mi-LF7UESP-scaled-1536x1024.jpg 1536w, https:\/\/www.tesalys.fr\/wp-content\/uploads\/2021\/02\/laboratory-worker-in-coverall-suit-is-adjusting-mi-LF7UESP-scaled-2048x1366.jpg 2048w, https:\/\/www.tesalys.fr\/wp-content\/uploads\/2021\/02\/laboratory-worker-in-coverall-suit-is-adjusting-mi-LF7UESP-scaled-140x93.jpg 140w, https:\/\/www.tesalys.fr\/wp-content\/uploads\/2021\/02\/laboratory-worker-in-coverall-suit-is-adjusting-mi-LF7UESP-scaled-110x73.jpg 110w, https:\/\/www.tesalys.fr\/wp-content\/uploads\/2021\/02\/laboratory-worker-in-coverall-suit-is-adjusting-mi-LF7UESP-scaled-450x300.jpg 450w\" sizes=\"(max-width: 2560px) 100vw, 2560px\" \/><\/figure>\n<\/div>\n<\/div>\n\n\n\n<div class=\"wp-block-columns is-layout-flex wp-container-core-columns-is-layout-4 wp-block-columns-is-layout-flex\">\n<div class=\"wp-block-column is-layout-flow wp-block-column-is-layout-flow\">\n<h2 class=\"wp-block-heading\">Inactivaci\u00f3n previa<\/h2>\n\n\n\n<p>En muchos pa\u00edses, la legislaci\u00f3n, los reglamentos o las recomendaciones locales para la eliminaci\u00f3n de los residuos de actividades sanitarias con riesgo infeccioso procedentes de actividades de an\u00e1lisis, investigaci\u00f3n o producci\u00f3n, exigen a menudo una manipulaci\u00f3n previa.<\/p>\n\n\n\n<p>En estos casos, los residuos se descontaminan previamente en un autoclave esterilizador. El proceso de esterilizaci\u00f3n en autoclave reduce la carga microbiana de entrada; no obstante, dado que los residuos de actividades sanitarias con riesgo infeccioso suelen envasarse en contenedores cerrados herm\u00e9ticamente que no permiten la correcta penetraci\u00f3n del vapor, no se garantiza su descontaminaci\u00f3n.<\/p>\n\n\n\n<p><strong>Puede utilizarse el sistema Tesalys STERIPLUS<sup>TM<\/sup>&nbsp;en lugar de los esterilizadores convencionales para destruir\/inactivar los residuos de laboratorio. La trituraci\u00f3n integrada en STERIPLUS<sup>TM<\/sup>&nbsp;garantiza la perfecta penetraci\u00f3n del vapor en el n\u00facleo del residuo y, por tanto, una mayor neutralizaci\u00f3n del riesgo biol\u00f3gico.<\/strong><\/p>\n<\/div>\n\n\n\n<div class=\"wp-block-column is-layout-flow wp-block-column-is-layout-flow\">\n<h2 class=\"wp-block-heading\">Ventajas de STERIPLUS<sup>TM<\/sup>&nbsp;&nbsp;:<\/h2>\n\n\n\n<ul class=\"wp-block-list\"><li>Tratamiento de residuos de actividades sanitarias con riesgo infeccioso s\u00f3lidos y l\u00edquidos<\/li><li><strong>Trituraci\u00f3n y descontaminaci\u00f3n en el mismo aparato<\/strong><\/li><li>Transformaci\u00f3n f\u00edsica de residuos s\u00f3lidos (trituraci\u00f3n)<\/li><li>Tecnolog\u00eda de descontaminaci\u00f3n por autoclave (esterilizaci\u00f3n por vapor a 135 \u00b0C)<\/li><li>Penetraci\u00f3n del vapor en el n\u00facleo de los residuos de actividades sanitarias con riesgo infeccioso gracias a la trituraci\u00f3n previa<\/li><li><strong>Ciclo de tratamiento completo de 30 minutos<\/strong><\/li><li>Reducci\u00f3n significativa del peso\/volumen de los residuos que deben eliminarse<\/li><li>F\u00e1cil instalaci\u00f3n en el establecimiento<\/li><\/ul>\n<\/div>\n<\/div>\n\n\n\n<h1 class=\"has-text-align-center wp-block-heading\">Ejemplos de uso<\/h1>\n\n\n\n<hr class=\"wp-block-separator is-style-wide\"\/>\n\n\n\n<div class=\"wp-block-columns is-layout-flex wp-container-core-columns-is-layout-5 wp-block-columns-is-layout-flex\">\n<div class=\"wp-block-column is-layout-flow wp-block-column-is-layout-flow\">\n<p><strong><span style=\"color:#f0810f\" class=\"tadv-color\">Laboratorio p\u00fablico de investigaci\u00f3n en Francia (INSERM-CNRS) que manipula organismos modificados gen\u00e9ticamente.<\/span><\/strong><\/p>\n\n\n\n<ul class=\"wp-block-list\"><li><strong>Tipo de residuos tratados:<\/strong>&nbsp;material de laboratorio desechable (pipetas, placas de Petri, etc.), peque\u00f1os instrumentos quir\u00fargicos.<\/li><li><strong>Ventajas:<\/strong>&nbsp;la trituraci\u00f3n reduce el volumen de los residuos de actividades sanitarias con riesgo infeccioso en un 65%, la esterilizaci\u00f3n a 135&nbsp;\u00b0C neutraliza el riesgo de los organismos modificados gen\u00e9ticamente con arreglo a las recomendaciones del Consejo Superior de Biotecnolog\u00eda de Francia.<\/li><\/ul>\n\n\n\n<p class=\"has-text-color\" style=\"color:#f0810f\"><strong>Laboratorio m\u00f3vil P3 para la lucha contra el \u00e9bola en \u00c1frica<\/strong><\/p>\n\n\n\n<ul class=\"wp-block-list\"><li><strong>Tipo de residuo tratado&nbsp;:<\/strong>&nbsp;muestras de pacientes potencialmente contaminados, material desechable de diagn\u00f3stico y an\u00e1lisis.<\/li><li><strong>Ventajas&nbsp;:<\/strong>&nbsp;el sistema STERIPLUS<sup>TM<\/sup>, compacto y f\u00e1cil de instalar, puede instalarse en un contenedor para el tratamiento in situ de material altamente pat\u00f3geno.<\/li><\/ul>\n<\/div>\n\n\n\n<div class=\"wp-block-column is-layout-flow wp-block-column-is-layout-flow\">\n<p><strong><span style=\"color:#f0810f\" class=\"tadv-color\">Fabricante de vacunas veterinarias de Europa del Este<\/span><\/strong><\/p>\n\n\n\n<ul class=\"wp-block-list\"><li><strong>Tipo de residuo tratado&nbsp;:<\/strong>&nbsp;botellas \u00abroller\u00bb para cultivo celular.<\/li><li><strong>Ventajas :<\/strong>&nbsp;el sistema integrado de trituraci\u00f3n y esterilizaci\u00f3n permite procesar grandes cantidades de botellas en el mismo taller de producci\u00f3n<\/li><\/ul>\n\n\n\n<p class=\"has-text-color\" style=\"color:#f0810f\"><strong>Fabricante europeo de dispositivos m\u00e9dicos para el diagn\u00f3stico sangu\u00edneo<\/strong><\/p>\n\n\n\n<ul class=\"wp-block-list\"><li><strong>Uso&nbsp;:<\/strong>&nbsp;destrucci\u00f3n de herramientas de fabricaci\u00f3n contaminadas y de lotes no conformes..<\/li><li><strong>Ventajas&nbsp;:<\/strong>&nbsp;la destrucci\u00f3n in situ por trituraci\u00f3n y autoclave garantiza la descontaminaci\u00f3n, as\u00ed como la confidencialidad y la protecci\u00f3n de la propiedad intelectual de los materiales de desecho o de las herramientas de producci\u00f3n patentadas.<\/li><\/ul>\n<\/div>\n<\/div>\n","protected":false},"excerpt":{"rendered":"<p>Residuos de actividades sanitarias con riesgo infeccioso altamente contaminados Las actividades de investigaci\u00f3n y an\u00e1lisis producen residuos con un riesgo infeccioso particularmente alto debido a la presencia de elementos pat\u00f3genos, a veces en altas concentraciones. Algunas instalaciones tambi\u00e9n pueden producir desechos biocontaminados que contengan o puedan contener microorganismos altamente pat\u00f3genos, tales como: Microorganismos de las [&hellip;]<\/p>\n","protected":false},"author":1,"featured_media":1282,"parent":0,"menu_order":0,"comment_status":"closed","ping_status":"closed","template":"","meta":{"_uag_custom_page_level_css":"","footnotes":""},"class_list":["post-352","page","type-page","status-publish","has-post-thumbnail","hentry"],"yoast_head":"<!-- This site is optimized with the Yoast SEO plugin v26.8 - https:\/\/yoast.com\/product\/yoast-seo-wordpress\/ -->\n<title>Laboratorios\/ Investigaci\u00f3n - Tesalys<\/title>\n<meta name=\"robots\" content=\"index, follow, max-snippet:-1, max-image-preview:large, max-video-preview:-1\" \/>\n<link rel=\"canonical\" href=\"https:\/\/www.tesalys.fr\/es\/laboratorio\/\" \/>\n<meta property=\"og:locale\" content=\"es_ES\" \/>\n<meta property=\"og:type\" content=\"article\" \/>\n<meta property=\"og:title\" content=\"Laboratorios\/ Investigaci\u00f3n - Tesalys\" \/>\n<meta property=\"og:description\" content=\"Residuos de actividades sanitarias con riesgo infeccioso altamente contaminados Las actividades de investigaci\u00f3n y an\u00e1lisis producen residuos con un riesgo infeccioso particularmente alto debido a la presencia de elementos pat\u00f3genos, a veces en altas concentraciones. Algunas instalaciones tambi\u00e9n pueden producir desechos biocontaminados que contengan o puedan contener microorganismos altamente pat\u00f3genos, tales como: Microorganismos de las [&hellip;]\" \/>\n<meta property=\"og:url\" content=\"https:\/\/www.tesalys.fr\/es\/laboratorio\/\" \/>\n<meta property=\"og:site_name\" content=\"Tesalys\" \/>\n<meta property=\"article:modified_time\" content=\"2021-02-26T11:47:46+00:00\" \/>\n<meta property=\"og:image\" content=\"https:\/\/www.tesalys.fr\/wp-content\/uploads\/2021\/02\/medical-laboratory-specialist-with-a-test-tube-ZXHKJ6B-scaled.jpg\" \/>\n\t<meta property=\"og:image:width\" content=\"2560\" \/>\n\t<meta property=\"og:image:height\" content=\"1920\" \/>\n\t<meta property=\"og:image:type\" content=\"image\/jpeg\" \/>\n<meta name=\"twitter:card\" content=\"summary_large_image\" \/>\n<meta name=\"twitter:label1\" content=\"Tiempo de lectura\" \/>\n\t<meta name=\"twitter:data1\" content=\"4 minutos\" \/>\n<script type=\"application\/ld+json\" class=\"yoast-schema-graph\">{\"@context\":\"https:\/\/schema.org\",\"@graph\":[{\"@type\":\"WebPage\",\"@id\":\"https:\/\/www.tesalys.fr\/es\/laboratorio\/\",\"url\":\"https:\/\/www.tesalys.fr\/es\/laboratorio\/\",\"name\":\"Laboratorios\/ Investigaci\u00f3n - Tesalys\",\"isPartOf\":{\"@id\":\"https:\/\/www.tesalys.fr\/es\/#website\"},\"primaryImageOfPage\":{\"@id\":\"https:\/\/www.tesalys.fr\/es\/laboratorio\/#primaryimage\"},\"image\":{\"@id\":\"https:\/\/www.tesalys.fr\/es\/laboratorio\/#primaryimage\"},\"thumbnailUrl\":\"https:\/\/www.tesalys.fr\/wp-content\/uploads\/2021\/02\/medical-laboratory-specialist-with-a-test-tube-ZXHKJ6B-scaled.jpg\",\"datePublished\":\"2020-12-10T16:24:30+00:00\",\"dateModified\":\"2021-02-26T11:47:46+00:00\",\"inLanguage\":\"es\",\"potentialAction\":[{\"@type\":\"ReadAction\",\"target\":[\"https:\/\/www.tesalys.fr\/es\/laboratorio\/\"]}]},{\"@type\":\"ImageObject\",\"inLanguage\":\"es\",\"@id\":\"https:\/\/www.tesalys.fr\/es\/laboratorio\/#primaryimage\",\"url\":\"https:\/\/www.tesalys.fr\/wp-content\/uploads\/2021\/02\/medical-laboratory-specialist-with-a-test-tube-ZXHKJ6B-scaled.jpg\",\"contentUrl\":\"https:\/\/www.tesalys.fr\/wp-content\/uploads\/2021\/02\/medical-laboratory-specialist-with-a-test-tube-ZXHKJ6B-scaled.jpg\",\"width\":2560,\"height\":1920,\"caption\":\"Medical laboratory specialist wering protective gear with a blood test tube\"},{\"@type\":\"WebSite\",\"@id\":\"https:\/\/www.tesalys.fr\/es\/#website\",\"url\":\"https:\/\/www.tesalys.fr\/es\/\",\"name\":\"Tesalys\",\"description\":\"Soluciones de tratamiento para residuos de riesgo infeccioso\",\"publisher\":{\"@id\":\"https:\/\/www.tesalys.fr\/es\/#organization\"},\"potentialAction\":[{\"@type\":\"SearchAction\",\"target\":{\"@type\":\"EntryPoint\",\"urlTemplate\":\"https:\/\/www.tesalys.fr\/es\/?s={search_term_string}\"},\"query-input\":{\"@type\":\"PropertyValueSpecification\",\"valueRequired\":true,\"valueName\":\"search_term_string\"}}],\"inLanguage\":\"es\"},{\"@type\":\"Organization\",\"@id\":\"https:\/\/www.tesalys.fr\/es\/#organization\",\"name\":\"TESALYS\",\"url\":\"https:\/\/www.tesalys.fr\/es\/\",\"logo\":{\"@type\":\"ImageObject\",\"inLanguage\":\"es\",\"@id\":\"https:\/\/www.tesalys.fr\/es\/#\/schema\/logo\/image\/\",\"url\":\"https:\/\/www.tesalys.fr\/wp-content\/uploads\/2020\/12\/tesalys-logo-header.jpg\",\"contentUrl\":\"https:\/\/www.tesalys.fr\/wp-content\/uploads\/2020\/12\/tesalys-logo-header.jpg\",\"width\":200,\"height\":74,\"caption\":\"TESALYS\"},\"image\":{\"@id\":\"https:\/\/www.tesalys.fr\/es\/#\/schema\/logo\/image\/\"}}]}<\/script>\n<!-- \/ Yoast SEO plugin. -->","yoast_head_json":{"title":"Laboratorios\/ Investigaci\u00f3n - Tesalys","robots":{"index":"index","follow":"follow","max-snippet":"max-snippet:-1","max-image-preview":"max-image-preview:large","max-video-preview":"max-video-preview:-1"},"canonical":"https:\/\/www.tesalys.fr\/es\/laboratorio\/","og_locale":"es_ES","og_type":"article","og_title":"Laboratorios\/ Investigaci\u00f3n - Tesalys","og_description":"Residuos de actividades sanitarias con riesgo infeccioso altamente contaminados Las actividades de investigaci\u00f3n y an\u00e1lisis producen residuos con un riesgo infeccioso particularmente alto debido a la presencia de elementos pat\u00f3genos, a veces en altas concentraciones. Algunas instalaciones tambi\u00e9n pueden producir desechos biocontaminados que contengan o puedan contener microorganismos altamente pat\u00f3genos, tales como: Microorganismos de las [&hellip;]","og_url":"https:\/\/www.tesalys.fr\/es\/laboratorio\/","og_site_name":"Tesalys","article_modified_time":"2021-02-26T11:47:46+00:00","og_image":[{"width":2560,"height":1920,"url":"https:\/\/www.tesalys.fr\/wp-content\/uploads\/2021\/02\/medical-laboratory-specialist-with-a-test-tube-ZXHKJ6B-scaled.jpg","type":"image\/jpeg"}],"twitter_card":"summary_large_image","twitter_misc":{"Tiempo de lectura":"4 minutos"},"schema":{"@context":"https:\/\/schema.org","@graph":[{"@type":"WebPage","@id":"https:\/\/www.tesalys.fr\/es\/laboratorio\/","url":"https:\/\/www.tesalys.fr\/es\/laboratorio\/","name":"Laboratorios\/ Investigaci\u00f3n - Tesalys","isPartOf":{"@id":"https:\/\/www.tesalys.fr\/es\/#website"},"primaryImageOfPage":{"@id":"https:\/\/www.tesalys.fr\/es\/laboratorio\/#primaryimage"},"image":{"@id":"https:\/\/www.tesalys.fr\/es\/laboratorio\/#primaryimage"},"thumbnailUrl":"https:\/\/www.tesalys.fr\/wp-content\/uploads\/2021\/02\/medical-laboratory-specialist-with-a-test-tube-ZXHKJ6B-scaled.jpg","datePublished":"2020-12-10T16:24:30+00:00","dateModified":"2021-02-26T11:47:46+00:00","inLanguage":"es","potentialAction":[{"@type":"ReadAction","target":["https:\/\/www.tesalys.fr\/es\/laboratorio\/"]}]},{"@type":"ImageObject","inLanguage":"es","@id":"https:\/\/www.tesalys.fr\/es\/laboratorio\/#primaryimage","url":"https:\/\/www.tesalys.fr\/wp-content\/uploads\/2021\/02\/medical-laboratory-specialist-with-a-test-tube-ZXHKJ6B-scaled.jpg","contentUrl":"https:\/\/www.tesalys.fr\/wp-content\/uploads\/2021\/02\/medical-laboratory-specialist-with-a-test-tube-ZXHKJ6B-scaled.jpg","width":2560,"height":1920,"caption":"Medical laboratory specialist wering protective gear with a blood test tube"},{"@type":"WebSite","@id":"https:\/\/www.tesalys.fr\/es\/#website","url":"https:\/\/www.tesalys.fr\/es\/","name":"Tesalys","description":"Soluciones de tratamiento para residuos de riesgo infeccioso","publisher":{"@id":"https:\/\/www.tesalys.fr\/es\/#organization"},"potentialAction":[{"@type":"SearchAction","target":{"@type":"EntryPoint","urlTemplate":"https:\/\/www.tesalys.fr\/es\/?s={search_term_string}"},"query-input":{"@type":"PropertyValueSpecification","valueRequired":true,"valueName":"search_term_string"}}],"inLanguage":"es"},{"@type":"Organization","@id":"https:\/\/www.tesalys.fr\/es\/#organization","name":"TESALYS","url":"https:\/\/www.tesalys.fr\/es\/","logo":{"@type":"ImageObject","inLanguage":"es","@id":"https:\/\/www.tesalys.fr\/es\/#\/schema\/logo\/image\/","url":"https:\/\/www.tesalys.fr\/wp-content\/uploads\/2020\/12\/tesalys-logo-header.jpg","contentUrl":"https:\/\/www.tesalys.fr\/wp-content\/uploads\/2020\/12\/tesalys-logo-header.jpg","width":200,"height":74,"caption":"TESALYS"},"image":{"@id":"https:\/\/www.tesalys.fr\/es\/#\/schema\/logo\/image\/"}}]}},"uagb_featured_image_src":{"full":["https:\/\/www.tesalys.fr\/wp-content\/uploads\/2021\/02\/medical-laboratory-specialist-with-a-test-tube-ZXHKJ6B-scaled.jpg",2560,1920,false],"thumbnail":["https:\/\/www.tesalys.fr\/wp-content\/uploads\/2021\/02\/medical-laboratory-specialist-with-a-test-tube-ZXHKJ6B-scaled-150x150.jpg",150,150,true],"medium":["https:\/\/www.tesalys.fr\/wp-content\/uploads\/2021\/02\/medical-laboratory-specialist-with-a-test-tube-ZXHKJ6B-scaled-300x225.jpg",300,225,true],"medium_large":["https:\/\/www.tesalys.fr\/wp-content\/uploads\/2021\/02\/medical-laboratory-specialist-with-a-test-tube-ZXHKJ6B-scaled-768x576.jpg",768,576,true],"large":["https:\/\/www.tesalys.fr\/wp-content\/uploads\/2021\/02\/medical-laboratory-specialist-with-a-test-tube-ZXHKJ6B-scaled-1024x768.jpg",1024,768,true],"1536x1536":["https:\/\/www.tesalys.fr\/wp-content\/uploads\/2021\/02\/medical-laboratory-specialist-with-a-test-tube-ZXHKJ6B-scaled-1536x1152.jpg",1536,1152,true],"2048x2048":["https:\/\/www.tesalys.fr\/wp-content\/uploads\/2021\/02\/medical-laboratory-specialist-with-a-test-tube-ZXHKJ6B-scaled-2048x1536.jpg",2048,1536,true],"home-actu":["https:\/\/www.tesalys.fr\/wp-content\/uploads\/2021\/02\/medical-laboratory-specialist-with-a-test-tube-ZXHKJ6B-scaled-455x280.jpg",455,280,true],"home-carousel":["https:\/\/www.tesalys.fr\/wp-content\/uploads\/2021\/02\/medical-laboratory-specialist-with-a-test-tube-ZXHKJ6B-scaled-1920x550.jpg",1920,550,true],"home-avantage":["https:\/\/www.tesalys.fr\/wp-content\/uploads\/2021\/02\/medical-laboratory-specialist-with-a-test-tube-ZXHKJ6B-scaled-140x105.jpg",140,105,true],"home-destinataire":["https:\/\/www.tesalys.fr\/wp-content\/uploads\/2021\/02\/medical-laboratory-specialist-with-a-test-tube-ZXHKJ6B-scaled-110x83.jpg",110,83,true],"produit-title":["https:\/\/www.tesalys.fr\/wp-content\/uploads\/2021\/02\/medical-laboratory-specialist-with-a-test-tube-ZXHKJ6B-scaled-450x338.jpg",450,338,true],"produit-title-800x800":["https:\/\/www.tesalys.fr\/wp-content\/uploads\/2021\/02\/medical-laboratory-specialist-with-a-test-tube-ZXHKJ6B-scaled-800x800.jpg",800,800,true],"produit-repeatable":["https:\/\/www.tesalys.fr\/wp-content\/uploads\/2021\/02\/medical-laboratory-specialist-with-a-test-tube-ZXHKJ6B-scaled-800x600.jpg",800,600,true]},"uagb_author_info":{"display_name":"digeek","author_link":"https:\/\/www.tesalys.fr\/es\/author\/digeek\/"},"uagb_comment_info":0,"uagb_excerpt":"Residuos de actividades sanitarias con riesgo infeccioso altamente contaminados Las actividades de investigaci\u00f3n y an\u00e1lisis producen residuos con un riesgo infeccioso particularmente alto debido a la presencia de elementos pat\u00f3genos, a veces en altas concentraciones. Algunas instalaciones tambi\u00e9n pueden producir desechos biocontaminados que contengan o puedan contener microorganismos altamente pat\u00f3genos, tales como: Microorganismos de las&hellip;","_links":{"self":[{"href":"https:\/\/www.tesalys.fr\/es\/wp-json\/wp\/v2\/pages\/352","targetHints":{"allow":["GET"]}}],"collection":[{"href":"https:\/\/www.tesalys.fr\/es\/wp-json\/wp\/v2\/pages"}],"about":[{"href":"https:\/\/www.tesalys.fr\/es\/wp-json\/wp\/v2\/types\/page"}],"author":[{"embeddable":true,"href":"https:\/\/www.tesalys.fr\/es\/wp-json\/wp\/v2\/users\/1"}],"replies":[{"embeddable":true,"href":"https:\/\/www.tesalys.fr\/es\/wp-json\/wp\/v2\/comments?post=352"}],"version-history":[{"count":0,"href":"https:\/\/www.tesalys.fr\/es\/wp-json\/wp\/v2\/pages\/352\/revisions"}],"wp:featuredmedia":[{"embeddable":true,"href":"https:\/\/www.tesalys.fr\/es\/wp-json\/wp\/v2\/media\/1282"}],"wp:attachment":[{"href":"https:\/\/www.tesalys.fr\/es\/wp-json\/wp\/v2\/media?parent=352"}],"curies":[{"name":"wp","href":"https:\/\/api.w.org\/{rel}","templated":true}]}}