{"id":369,"date":"2020-12-10T17:35:48","date_gmt":"2020-12-10T16:35:48","guid":{"rendered":"https:\/\/www.tesalys.fr\/?page_id=369"},"modified":"2022-11-25T15:41:37","modified_gmt":"2022-11-25T14:41:37","slug":"reclutamiento","status":"publish","type":"page","link":"https:\/\/www.tesalys.fr\/es\/reclutamiento\/","title":{"rendered":"Contrataci\u00f3n"},"content":{"rendered":"\n<div style=\"height:50px\" aria-hidden=\"true\" class=\"wp-block-spacer\"><\/div>\n\n\n\n<div class=\"wp-block-getwid-section\"><div class=\"wp-block-getwid-section__wrapper\" style=\"margin-left:0px;margin-right:0px;padding-top:30px;padding-left:30px;padding-right:30px\"><div class=\"wp-block-getwid-section__inner-wrapper\"><div class=\"wp-block-getwid-section__background-holder\"><div class=\"wp-block-getwid-section__background has-background has-bleu-clair-background-color\"><\/div><div class=\"wp-block-getwid-section__foreground\"><\/div><\/div><div class=\"wp-block-getwid-section__content\"><div class=\"wp-block-getwid-section__inner-content\">\n<h2 class=\"wp-block-heading\">T\u00e9cnico montador (<strong>Contrato<\/strong>&nbsp;indefinido)<\/h2>\n\n\n\n<p>TESALYS (www.tesalys.fr) est un fabricant fran\u00e7ais d\u2019\u00e9quipements pour le traitement des d\u00e9chets \u00e0 risque infectieux \u00e0 destination des h\u00f4pitaux, laboratoires et centres m\u00e9dicaux. Pr\u00e9sent dans le monde entier, nous sommes \u00e0 la recherche d\u2019un (1) <strong>TECHNICIEN MONTEUR<\/strong> :<\/p>\n\n\n\n<p><strong>Description du poste&nbsp;:<\/strong><br>Bas\u00e9 \u00e0 St-Jean, pr\u00e8s de Toulouse (31), vous participerez au montage des prototypes, des machines de pr\u00e9s\u00e9rie et des machines en routine de production.<\/p>\n\n\n\n<p><strong>Vos missions&nbsp;:<br><\/strong>\u25cf Montage des machines \u00e0 partir de la documentation fournie par le bureau d\u2019\u00e9tude (plans, sch\u00e9mas \u00e9lectriques, sch\u00e9mas fluidiques..).<br>\u25cf Assurer le d\u00e9marrage et la mise au point des machines<br>\u25cf R\u00e9glages, mises au point et tests<br>\u25cf Participation active au transfert en production des prototypes<br>\u25cf Participation aux actions correctives et am\u00e9liorations.<\/p>\n\n\n\n<p>Nous souhaitons rencontrer des candidats H\/F ayant des connaissances en m\u00e9canique et \u00e9lectricit\u00e9, sachant pratiquer les usinages simples (per\u00e7age, taraudage, fraisage\u2026) et connaissant la norme ISO9001.<br>Si vous \u00eates \u00e0 l\u2019\u00e9coute et disponible, vous \u00eates r\u00e9actif et proactif pour r\u00e9soudre les probl\u00e8mes. Vous savez travailler en \u00e9quipe, vous \u00eates autonome, rigoureux et m\u00e9thodique.<br>N\u2019h\u00e9sitez pas \u00e0 postuler afin de rejoindre une \u00e9quipe dynamique&nbsp;!<\/p>\n\n\n\n<p>Le poste est \u00e0 pouvoir rapidement.<br><strong>Type de contrat&nbsp;: CDI.<\/strong><\/p>\n\n\n\n<p>Merci d&#8217;adresser votre candidature&nbsp;par email &#8211;&nbsp;lettre de motivation + CV \u00e0&nbsp;: Madame C\u00e9lia RODRIGUEZ<br><a href=\"mailto:celia.rodriguez@tesalys.fr\">celia.rodriguez@tesalys.fr<\/a><br>Merci d\u2019indiquer avec votre candidature la r\u00e9f\u00e9rence suivante&nbsp;:<br><strong>Tesalys&nbsp;\u2013 r\u00e9f&nbsp;:&nbsp;22-11-TECHMONTEUR<\/strong><\/p>\n<\/div><\/div><\/div><\/div><\/div>\n\n\n\n<div style=\"height:30px\" aria-hidden=\"true\" class=\"wp-block-spacer\"><\/div>\n\n\n\n<div class=\"wp-block-getwid-section\"><div class=\"wp-block-getwid-section__wrapper\" style=\"margin-left:0px;margin-right:0px;padding-top:30px;padding-left:30px;padding-right:30px\"><div class=\"wp-block-getwid-section__inner-wrapper\"><div class=\"wp-block-getwid-section__background-holder\"><div class=\"wp-block-getwid-section__background has-background has-bleu-clair-background-color\"><\/div><div class=\"wp-block-getwid-section__foreground\"><\/div><\/div><div class=\"wp-block-getwid-section__content\"><div class=\"wp-block-getwid-section__inner-content\">\n<h2 class=\"wp-block-heading\">T\u00e9cnico de servicio itinerante (<strong>Contrato<\/strong>&nbsp;indefinido)<\/h2>\n\n\n\n<p>TESALYS (www.tesalys.fr) est un fabricant fran\u00e7ais d\u2019\u00e9quipements pour le traitement des d\u00e9chets \u00e0 risque infectieux \u00e0 destination des h\u00f4pitaux, laboratoires et centres m\u00e9dicaux. Pr\u00e9sent dans le monde entier, nous sommes \u00e0 la recherche d\u2019un (1) <strong>TECHNICIEN SAV ITINERANT<\/strong> :<\/p>\n\n\n\n<p><strong>Description du poste&nbsp;:<\/strong><br>Bas\u00e9 \u00e0 St-Jean, pr\u00e8s de Toulouse (31), vous effectuez r\u00e9guli\u00e8rement des d\u00e9placements dans le monde entier. <\/p>\n\n\n\n<p><strong>Vos missions&nbsp;:<\/strong><br>\u25cf Vous \u00eates le garant du bon fonctionnement du parc de machines install\u00e9es,<br>\u25cf Vous assurez la maintenance pr\u00e9ventive ou curative des \u00e9quipements,<br>\u25cf Vous g\u00e9rez les r\u00e9clamations clients et vous vous assurez de leur traitement en interne,<br>\u25cf Vous assurez la bonne formation des \u00e9quipes techniques des distributeurs,<br>\u25cf Vous \u00eates mobile sur la France et \u00e0 l\u2019\u00e9tranger,<br>\u25cf Vous tenez un r\u00f4le majeur dans la satisfaction et la fid\u00e9lisation desclients gr\u00e2ce \u00e0 une bonne attitude commerciale,<br>\u25cf Vous \u00eates le repr\u00e9sentant de TESALYS chez nos clients et veillez \u00e0 la bonne image de l\u2019entreprise.<\/p>\n\n\n\n<p>Si vous d\u00e9tenez des connaissances techniques des \u00e9quipements, vous avez des connaissances en m\u00e9canique et \u00e9lectricit\u00e9 (une habilitation \u00e9lectrique BT serait appr\u00e9ci\u00e9e), vous maitrisez les outils bureautiques et les logiciels CRM, ERP, GMAO, vous connaissez la norme ISO9001\u2026<\/p>\n\n\n\n<p>Si vous \u00eates autonome et savez vous adapter dans un environnement non familier, vous savez n\u00e9gocier avec les clients, vous \u00eates \u00e0 l\u2019\u00e9coute et disponible, vous \u00eates r\u00e9actif et savez travailler en \u00e9quipe\u2026 N\u2019h\u00e9sitez pas \u00e0 rejoindre notre \u00e9quipe dynamique&nbsp;!<\/p>\n\n\n\n<p>La ma\u00eetrise de l\u2019anglais est indispensable, une troisi\u00e8me langue serait appr\u00e9ci\u00e9e.<\/p>\n\n\n\n<p>Le poste est \u00e0 pouvoir rapidement.<br><strong>Type de contrat&nbsp;: CDI.<\/strong><\/p>\n\n\n\n<p>Merci d&#8217;adresser votre candidature&nbsp;par email&nbsp;&#8211;&nbsp;lettre de motivation + CV \u00e0&nbsp;: Madame C\u00e9lia RODRIGUEZ<br><a href=\"mailto:celia.rodriguez@tesalys.fr\">celia.rodriguez@tesalys.fr<\/a><br>Merci d\u2019indiquer avec votre candidature la r\u00e9f\u00e9rence suivante&nbsp;:<br><strong>Tesalys&nbsp;\u2013 r\u00e9f&nbsp;:&nbsp;22-11-TECHSAV<\/strong><\/p>\n<\/div><\/div><\/div><\/div><\/div>\n\n\n\n<div style=\"height:30px\" aria-hidden=\"true\" class=\"wp-block-spacer\"><\/div>\n\n\n\n<div class=\"wp-block-getwid-section\"><div class=\"wp-block-getwid-section__wrapper\" style=\"margin-left:0px;margin-right:0px;padding-top:30px;padding-left:30px;padding-right:30px\"><div class=\"wp-block-getwid-section__inner-wrapper\"><div class=\"wp-block-getwid-section__background-holder\"><div class=\"wp-block-getwid-section__background has-background has-bleu-clair-background-color\"><\/div><div class=\"wp-block-getwid-section__foreground\"><\/div><\/div><div class=\"wp-block-getwid-section__content\"><div class=\"wp-block-getwid-section__inner-content\">\n<h2 class=\"wp-block-heading\">Responsable del servicio de postventa internacional (<strong>Contrato<\/strong>&nbsp;indefinido)<\/h2>\n\n\n\n<p>TESALYS (www.tesalys.fr) est un fabricant fran\u00e7ais d\u2019\u00e9quipements pour le traitement des d\u00e9chets \u00e0 risque infectieux \u00e0 destination des h\u00f4pitaux, laboratoires et centres m\u00e9dicaux. Pr\u00e9sent dans le monde entier, nous sommes \u00e0 la recherche d\u2019un (1) <strong>RESPONSABLE SAV INTERNATIONAL<\/strong> :<\/p>\n\n\n\n<p><strong>Description du poste&nbsp;:<\/strong><br>Bas\u00e9 \u00e0 St-Jean, pr\u00e8s de Toulouse (31)<\/p>\n\n\n\n<p><strong>Vos missions&nbsp;:<\/strong><br>\u25cf Avec votre \u00e9quipe, vous prenez en charge la relation avec nos clients et distributeurs du monde entier apr\u00e8s la livraison de nos \u00e9quipements,<br>\u25cf Vous \u00eates le garant du bon fonctionnement du parc de machines install\u00e9es,<br>\u25cf Vous g\u00e9rez les demandes d\u2019intervention, r\u00e9clamations clients et vous assurez de leur planification et traitement,<br>\u25cf Vous avez la charge du suivi et d\u00e9veloppement du chiffre d\u2019affaires de notre activit\u00e9 apr\u00e8s-vente (consommables, pi\u00e8ces d\u00e9tach\u00e9es, prestations d\u2019installation, maintenance, formation, \u2026)<br>\u25cf Vous animez et encadrez une \u00e9quipe de techniciens charg\u00e9s de la r\u00e9paration et de la maintenance des \u00e9quipements,<br>\u25cf Vous vous assurez de la bonne formation des \u00e9quipes techniques en interne et de nos distributeurs et clients.<br>\u25cf Vous \u00eates force de proposition pour l\u2019am\u00e9lioration de notre gamme de produits<br>\u25cf Vous veillez au respect de la qualit\u00e9, des co\u00fbts et des d\u00e9lais d\u2019intervention de maintenance dans un souci permanent de satisfaire le client,<\/p>\n\n\n\n<p>Si vous d\u00e9tenez des connaissances techniques des \u00e9quipements, vous avez des connaissances en m\u00e9canique, vous maitrisez les outils bureautiques et les logiciels de CRM, ERP, GMAO, vous connaissez la norme ISO9001\u2026<\/p>\n\n\n\n<p>Si vous \u00eates autonome et vous savez vous adapter dans un environnement non familier, vous savez n\u00e9gocier avec les clients, vous \u00eates \u00e0 l\u2019\u00e9coute et disponible, vous \u00eates r\u00e9actif et savez travailler en \u00e9quipe\u2026 et surtout, vous avez de bonne capacit\u00e9s commerciales et manag\u00e9riales&nbsp;!<\/p>\n\n\n\n<p>N\u2019h\u00e9sitez pas \u00e0 rejoindre notre \u00e9quipe dynamique\u00a0!<\/p>\n\n\n\n<p>La ma\u00eetrise de l\u2019anglais est indispensable, une troisi\u00e8me langue serait appr\u00e9ci\u00e9e.<\/p>\n\n\n\n<p>Des d\u00e9placements peuvent \u00eatre \u00e0 pr\u00e9voir, en France comme \u00e0 l\u2019\u00e9tranger.<\/p>\n\n\n\n<p>Le poste est \u00e0 pouvoir rapidement.<br><strong>Type de contrat&nbsp;: CDI.<\/strong><\/p>\n\n\n\n<p>Merci d&#8217;adresser votre candidature&nbsp;par email&nbsp;&#8211;&nbsp;lettre de motivation + CV \u00e0&nbsp;: Madame C\u00e9lia RODRIGUEZ<br><a href=\"mailto:celia.rodriguez@tesalys.fr\">celia.rodriguez@tesalys.fr<\/a><br>Merci d\u2019indiquer avec votre candidature la r\u00e9f\u00e9rence suivante&nbsp;:<br><strong>Tesalys&nbsp;\u2013 r\u00e9f&nbsp;:&nbsp;22-11-RESPSAV<\/strong><\/p>\n<\/div><\/div><\/div><\/div><\/div>\n\n\n\n<div style=\"height:30px\" aria-hidden=\"true\" class=\"wp-block-spacer\"><\/div>\n\n\n\n<div class=\"wp-block-getwid-section\"><div class=\"wp-block-getwid-section__wrapper\" style=\"margin-left:0px;margin-right:0px;padding-top:30px;padding-left:30px;padding-right:30px\"><div class=\"wp-block-getwid-section__inner-wrapper\"><div class=\"wp-block-getwid-section__background-holder\"><div class=\"wp-block-getwid-section__background has-background has-bleu-clair-background-color\"><\/div><div class=\"wp-block-getwid-section__foreground\"><\/div><\/div><div class=\"wp-block-getwid-section__content\"><div class=\"wp-block-getwid-section__inner-content\">\n<h2 class=\"wp-block-heading\">International Business Developper<\/h2>\n\n\n\n<p>TESALYS (www.tesalys.fr) est un fabricant fran\u00e7ais d\u2019\u00e9quipements pour le traitement des d\u00e9chets \u00e0 risque infectieux \u00e0 destination des h\u00f4pitaux, laboratoires et centres m\u00e9dicaux. Pr\u00e9sent dans le monde entier, nous sommes \u00e0 la recherche d\u2019un(e) (1) <strong>INTERNATIONAL<\/strong> <strong>BUSINESS DEVELOPER <\/strong>:<\/p>\n\n\n\n<p><strong>Description du poste\u00a0:<\/strong><br>Bas\u00e9 \u00e0 St-Jean, pr\u00e8s de Toulouse (31), vous contribuerez au d\u00e9veloppement des ventes de notre r\u00e9seau de distributeurs et clients (actuellement pr\u00e9sents dans 65 pays), dans les zones g\u00e9ographiques et segments de client\u00e8le d\u00e9finis. Nous cherchons actuellement une personne en charge de la zone Afrique\/Maghreb\/Asie Centrale.<\/p>\n\n\n\n<p><strong>Vos missions\u00a0:<\/strong><br>\u25cf Analyser les march\u00e9s cibles et la strat\u00e9gie, identifier les opportunit\u00e9s et \u00e9tablir le plan d\u2019action commercial,<br>\u25cf Prospecter pour \u00e9tendre le r\u00e9seau de distribution et donner du support aux distributeurs pour d\u00e9velopper le chiffre d\u2019affaires,<br>\u25cf Identifier et suivre des appels d\u2019offres aupr\u00e8s des organismes internationaux (UNDP, WHO, \u2026) et des ing\u00e9nieries, ensembliers et centrales d\u2019achats participant \u00e0 ces projets.<br>\u25cf Assurer l\u2019ensemble de la d\u00e9marche commerciale aupr\u00e8s des distributeurs et des clients finaux (appels d\u2019offres, devis, suivi dans le logiciel de CRM, \u2026)<br>\u25cf Contribuer \u00e0 d\u00e9finir la politique de communication (salons, congr\u00e8s, publicit\u00e9, r\u00e9seaux sociaux, \u2026) et participer activement au marketing op\u00e9rationnel,<br>\u25cf Interagir avec les autres services de la soci\u00e9t\u00e9 (apr\u00e8s-vente, production, R&amp;D, finance, \u2026) afin d\u2019assurer la satisfaction des clients sur le court et le long-terme.<\/p>\n\n\n\n<p>Nous souhaitons rencontrer des candidats H\/F de formation sup. en commerce international, de pr\u00e9f\u00e9rence avec 3-5 ans d\u2019exp\u00e9rience terrain dans un environnement international ou des stages\/VIE r\u00e9alis\u00e9s \u00e0 l\u2019\u00e9tranger.<\/p>\n\n\n\n<p>Vous \u00eates autonome, rigoureux et fa\u00eetes preuve d\u2019un excellent sens du relationnel. Le fran\u00e7ais et l\u2019anglais seront vos langues de travail (une troisi\u00e8me langue \u00e9trang\u00e8re serait un plus).<\/p>\n\n\n\n<p>Le poste est \u00e0 pourvoir d\u00e8s Janvier 2023. <\/p>\n\n\n\n<p>D\u00e9placements en France et \u00e0 l\u2019\u00e9tranger \u00e0 pr\u00e9voir (pouvant \u00eatre de longue dur\u00e9e).<\/p>\n\n\n\n<p>Merci d&#8217;adresser votre candidature\u00a0par email\u00a0&#8211;\u00a0lettre de motivation + CV + photo (optionnelle) \u00e0\u00a0: Madame C\u00e9lia RODRIGUEZ<br><a href=\"mailto:celia.rodriguez@tesalys.fr\">celia.rodriguez@tesalys.fr<\/a><br>Merci d\u2019indiquer avec votre candidature la r\u00e9f\u00e9rence suivante\u00a0:<br><strong>Tesalys\u00a0\u2013 r\u00e9f\u00a0:\u00a022-11-BDEXPORT<\/strong><\/p>\n<\/div><\/div><\/div><\/div><\/div>\n","protected":false},"excerpt":{"rendered":"","protected":false},"author":1,"featured_media":1245,"parent":0,"menu_order":0,"comment_status":"closed","ping_status":"closed","template":"","meta":{"_uag_custom_page_level_css":"","footnotes":""},"class_list":["post-369","page","type-page","status-publish","has-post-thumbnail","hentry"],"yoast_head":"<!-- This site is optimized with the Yoast SEO plugin v26.8 - https:\/\/yoast.com\/product\/yoast-seo-wordpress\/ -->\n<title>Contrataci\u00f3n - Tesalys<\/title>\n<meta name=\"robots\" content=\"index, follow, max-snippet:-1, max-image-preview:large, max-video-preview:-1\" \/>\n<link rel=\"canonical\" href=\"https:\/\/www.tesalys.fr\/es\/reclutamiento\/\" \/>\n<meta property=\"og:locale\" content=\"es_ES\" \/>\n<meta property=\"og:type\" content=\"article\" \/>\n<meta property=\"og:title\" content=\"Contrataci\u00f3n - Tesalys\" \/>\n<meta property=\"og:url\" content=\"https:\/\/www.tesalys.fr\/es\/reclutamiento\/\" \/>\n<meta property=\"og:site_name\" content=\"Tesalys\" \/>\n<meta property=\"article:modified_time\" content=\"2022-11-25T14:41:37+00:00\" \/>\n<meta property=\"og:image\" content=\"https:\/\/www.tesalys.fr\/wp-content\/uploads\/2021\/02\/ambiances-39-scaled.jpg\" \/>\n\t<meta property=\"og:image:width\" content=\"2560\" \/>\n\t<meta property=\"og:image:height\" content=\"1709\" \/>\n\t<meta property=\"og:image:type\" content=\"image\/jpeg\" \/>\n<meta name=\"twitter:card\" content=\"summary_large_image\" \/>\n<meta name=\"twitter:label1\" content=\"Tiempo de lectura\" \/>\n\t<meta name=\"twitter:data1\" content=\"7 minutos\" \/>\n<script type=\"application\/ld+json\" class=\"yoast-schema-graph\">{\"@context\":\"https:\/\/schema.org\",\"@graph\":[{\"@type\":\"WebPage\",\"@id\":\"https:\/\/www.tesalys.fr\/es\/reclutamiento\/\",\"url\":\"https:\/\/www.tesalys.fr\/es\/reclutamiento\/\",\"name\":\"Contrataci\u00f3n - Tesalys\",\"isPartOf\":{\"@id\":\"https:\/\/www.tesalys.fr\/es\/#website\"},\"primaryImageOfPage\":{\"@id\":\"https:\/\/www.tesalys.fr\/es\/reclutamiento\/#primaryimage\"},\"image\":{\"@id\":\"https:\/\/www.tesalys.fr\/es\/reclutamiento\/#primaryimage\"},\"thumbnailUrl\":\"https:\/\/www.tesalys.fr\/wp-content\/uploads\/2021\/02\/ambiances-39-scaled.jpg\",\"datePublished\":\"2020-12-10T16:35:48+00:00\",\"dateModified\":\"2022-11-25T14:41:37+00:00\",\"inLanguage\":\"es\",\"potentialAction\":[{\"@type\":\"ReadAction\",\"target\":[\"https:\/\/www.tesalys.fr\/es\/reclutamiento\/\"]}]},{\"@type\":\"ImageObject\",\"inLanguage\":\"es\",\"@id\":\"https:\/\/www.tesalys.fr\/es\/reclutamiento\/#primaryimage\",\"url\":\"https:\/\/www.tesalys.fr\/wp-content\/uploads\/2021\/02\/ambiances-39-scaled.jpg\",\"contentUrl\":\"https:\/\/www.tesalys.fr\/wp-content\/uploads\/2021\/02\/ambiances-39-scaled.jpg\",\"width\":2560,\"height\":1709,\"caption\":\"Rejoignez l'\u00e9quipe TESALYS\"},{\"@type\":\"WebSite\",\"@id\":\"https:\/\/www.tesalys.fr\/es\/#website\",\"url\":\"https:\/\/www.tesalys.fr\/es\/\",\"name\":\"Tesalys\",\"description\":\"Soluciones de tratamiento para residuos de riesgo infeccioso\",\"publisher\":{\"@id\":\"https:\/\/www.tesalys.fr\/es\/#organization\"},\"potentialAction\":[{\"@type\":\"SearchAction\",\"target\":{\"@type\":\"EntryPoint\",\"urlTemplate\":\"https:\/\/www.tesalys.fr\/es\/?s={search_term_string}\"},\"query-input\":{\"@type\":\"PropertyValueSpecification\",\"valueRequired\":true,\"valueName\":\"search_term_string\"}}],\"inLanguage\":\"es\"},{\"@type\":\"Organization\",\"@id\":\"https:\/\/www.tesalys.fr\/es\/#organization\",\"name\":\"TESALYS\",\"url\":\"https:\/\/www.tesalys.fr\/es\/\",\"logo\":{\"@type\":\"ImageObject\",\"inLanguage\":\"es\",\"@id\":\"https:\/\/www.tesalys.fr\/es\/#\/schema\/logo\/image\/\",\"url\":\"https:\/\/www.tesalys.fr\/wp-content\/uploads\/2020\/12\/tesalys-logo-header.jpg\",\"contentUrl\":\"https:\/\/www.tesalys.fr\/wp-content\/uploads\/2020\/12\/tesalys-logo-header.jpg\",\"width\":200,\"height\":74,\"caption\":\"TESALYS\"},\"image\":{\"@id\":\"https:\/\/www.tesalys.fr\/es\/#\/schema\/logo\/image\/\"}}]}<\/script>\n<!-- \/ Yoast SEO plugin. -->","yoast_head_json":{"title":"Contrataci\u00f3n - Tesalys","robots":{"index":"index","follow":"follow","max-snippet":"max-snippet:-1","max-image-preview":"max-image-preview:large","max-video-preview":"max-video-preview:-1"},"canonical":"https:\/\/www.tesalys.fr\/es\/reclutamiento\/","og_locale":"es_ES","og_type":"article","og_title":"Contrataci\u00f3n - Tesalys","og_url":"https:\/\/www.tesalys.fr\/es\/reclutamiento\/","og_site_name":"Tesalys","article_modified_time":"2022-11-25T14:41:37+00:00","og_image":[{"width":2560,"height":1709,"url":"https:\/\/www.tesalys.fr\/wp-content\/uploads\/2021\/02\/ambiances-39-scaled.jpg","type":"image\/jpeg"}],"twitter_card":"summary_large_image","twitter_misc":{"Tiempo de lectura":"7 minutos"},"schema":{"@context":"https:\/\/schema.org","@graph":[{"@type":"WebPage","@id":"https:\/\/www.tesalys.fr\/es\/reclutamiento\/","url":"https:\/\/www.tesalys.fr\/es\/reclutamiento\/","name":"Contrataci\u00f3n - Tesalys","isPartOf":{"@id":"https:\/\/www.tesalys.fr\/es\/#website"},"primaryImageOfPage":{"@id":"https:\/\/www.tesalys.fr\/es\/reclutamiento\/#primaryimage"},"image":{"@id":"https:\/\/www.tesalys.fr\/es\/reclutamiento\/#primaryimage"},"thumbnailUrl":"https:\/\/www.tesalys.fr\/wp-content\/uploads\/2021\/02\/ambiances-39-scaled.jpg","datePublished":"2020-12-10T16:35:48+00:00","dateModified":"2022-11-25T14:41:37+00:00","inLanguage":"es","potentialAction":[{"@type":"ReadAction","target":["https:\/\/www.tesalys.fr\/es\/reclutamiento\/"]}]},{"@type":"ImageObject","inLanguage":"es","@id":"https:\/\/www.tesalys.fr\/es\/reclutamiento\/#primaryimage","url":"https:\/\/www.tesalys.fr\/wp-content\/uploads\/2021\/02\/ambiances-39-scaled.jpg","contentUrl":"https:\/\/www.tesalys.fr\/wp-content\/uploads\/2021\/02\/ambiances-39-scaled.jpg","width":2560,"height":1709,"caption":"Rejoignez l'\u00e9quipe TESALYS"},{"@type":"WebSite","@id":"https:\/\/www.tesalys.fr\/es\/#website","url":"https:\/\/www.tesalys.fr\/es\/","name":"Tesalys","description":"Soluciones de tratamiento para residuos de riesgo infeccioso","publisher":{"@id":"https:\/\/www.tesalys.fr\/es\/#organization"},"potentialAction":[{"@type":"SearchAction","target":{"@type":"EntryPoint","urlTemplate":"https:\/\/www.tesalys.fr\/es\/?s={search_term_string}"},"query-input":{"@type":"PropertyValueSpecification","valueRequired":true,"valueName":"search_term_string"}}],"inLanguage":"es"},{"@type":"Organization","@id":"https:\/\/www.tesalys.fr\/es\/#organization","name":"TESALYS","url":"https:\/\/www.tesalys.fr\/es\/","logo":{"@type":"ImageObject","inLanguage":"es","@id":"https:\/\/www.tesalys.fr\/es\/#\/schema\/logo\/image\/","url":"https:\/\/www.tesalys.fr\/wp-content\/uploads\/2020\/12\/tesalys-logo-header.jpg","contentUrl":"https:\/\/www.tesalys.fr\/wp-content\/uploads\/2020\/12\/tesalys-logo-header.jpg","width":200,"height":74,"caption":"TESALYS"},"image":{"@id":"https:\/\/www.tesalys.fr\/es\/#\/schema\/logo\/image\/"}}]}},"uagb_featured_image_src":{"full":["https:\/\/www.tesalys.fr\/wp-content\/uploads\/2021\/02\/ambiances-39-scaled.jpg",2560,1709,false],"thumbnail":["https:\/\/www.tesalys.fr\/wp-content\/uploads\/2021\/02\/ambiances-39-scaled-150x150.jpg",150,150,true],"medium":["https:\/\/www.tesalys.fr\/wp-content\/uploads\/2021\/02\/ambiances-39-scaled-300x200.jpg",300,200,true],"medium_large":["https:\/\/www.tesalys.fr\/wp-content\/uploads\/2021\/02\/ambiances-39-scaled-768x513.jpg",768,513,true],"large":["https:\/\/www.tesalys.fr\/wp-content\/uploads\/2021\/02\/ambiances-39-scaled-1024x684.jpg",1024,684,true],"1536x1536":["https:\/\/www.tesalys.fr\/wp-content\/uploads\/2021\/02\/ambiances-39-scaled-1536x1025.jpg",1536,1025,true],"2048x2048":["https:\/\/www.tesalys.fr\/wp-content\/uploads\/2021\/02\/ambiances-39-scaled-2048x1367.jpg",2048,1367,true],"home-actu":["https:\/\/www.tesalys.fr\/wp-content\/uploads\/2021\/02\/ambiances-39-scaled-455x280.jpg",455,280,true],"home-carousel":["https:\/\/www.tesalys.fr\/wp-content\/uploads\/2021\/02\/ambiances-39-scaled-1920x550.jpg",1920,550,true],"home-avantage":["https:\/\/www.tesalys.fr\/wp-content\/uploads\/2021\/02\/ambiances-39-scaled-140x93.jpg",140,93,true],"home-destinataire":["https:\/\/www.tesalys.fr\/wp-content\/uploads\/2021\/02\/ambiances-39-scaled-110x73.jpg",110,73,true],"produit-title":["https:\/\/www.tesalys.fr\/wp-content\/uploads\/2021\/02\/ambiances-39-scaled-450x300.jpg",450,300,true],"produit-title-800x800":["https:\/\/www.tesalys.fr\/wp-content\/uploads\/2021\/02\/ambiances-39-scaled-800x800.jpg",800,800,true],"produit-repeatable":["https:\/\/www.tesalys.fr\/wp-content\/uploads\/2021\/02\/ambiances-39-scaled-800x600.jpg",800,600,true]},"uagb_author_info":{"display_name":"digeek","author_link":"https:\/\/www.tesalys.fr\/es\/author\/digeek\/"},"uagb_comment_info":0,"uagb_excerpt":null,"_links":{"self":[{"href":"https:\/\/www.tesalys.fr\/es\/wp-json\/wp\/v2\/pages\/369","targetHints":{"allow":["GET"]}}],"collection":[{"href":"https:\/\/www.tesalys.fr\/es\/wp-json\/wp\/v2\/pages"}],"about":[{"href":"https:\/\/www.tesalys.fr\/es\/wp-json\/wp\/v2\/types\/page"}],"author":[{"embeddable":true,"href":"https:\/\/www.tesalys.fr\/es\/wp-json\/wp\/v2\/users\/1"}],"replies":[{"embeddable":true,"href":"https:\/\/www.tesalys.fr\/es\/wp-json\/wp\/v2\/comments?post=369"}],"version-history":[{"count":0,"href":"https:\/\/www.tesalys.fr\/es\/wp-json\/wp\/v2\/pages\/369\/revisions"}],"wp:featuredmedia":[{"embeddable":true,"href":"https:\/\/www.tesalys.fr\/es\/wp-json\/wp\/v2\/media\/1245"}],"wp:attachment":[{"href":"https:\/\/www.tesalys.fr\/es\/wp-json\/wp\/v2\/media?parent=369"}],"curies":[{"name":"wp","href":"https:\/\/api.w.org\/{rel}","templated":true}]}}