{"id":377,"date":"2020-12-10T17:37:35","date_gmt":"2020-12-10T16:37:35","guid":{"rendered":"https:\/\/www.tesalys.fr\/?page_id=377"},"modified":"2021-04-27T09:14:10","modified_gmt":"2021-04-27T07:14:10","slug":"impacto-medioambiental","status":"publish","type":"page","link":"https:\/\/www.tesalys.fr\/es\/impacto-medioambiental\/","title":{"rendered":"Impacto medioambiental"},"content":{"rendered":"\n<h1 class=\"wp-block-heading\"><\/h1>\n\n\n\n<p><strong>\u00bfSab\u00eda que si utiliz\u00e1ramos nuestras m\u00e1quinas de tratamiento de los residuos infecciosos in situ a la escala de un pa\u00eds como Francia podr\u00edamos evitar el equivalente a las emisiones de CO2 que generan 1.300.000 aviones volando de Par\u00eds a Londres y vuelta?<\/strong><\/p>\n\n\n\n<figure class=\"wp-block-embed is-type-video is-provider-youtube wp-block-embed-youtube wp-embed-aspect-16-9 wp-has-aspect-ratio\"><div class=\"wp-block-embed__wrapper\">\n<iframe title=\"Tesalys, la revoluci\u00f3n verde\" width=\"1140\" height=\"641\" src=\"https:\/\/www.youtube.com\/embed\/oDb3x5PTEJI?feature=oembed\" frameborder=\"0\" allow=\"accelerometer; autoplay; clipboard-write; encrypted-media; gyroscope; picture-in-picture\" allowfullscreen><\/iframe>\n<\/div><\/figure>\n\n\n\n<p>La gesti\u00f3n de los residuos infecciosos durante los episodios epid\u00e9micos (Covid-19, SARS, \u00c9bola, &#8230;) es un reto para la salud p\u00fablica.<br>Tesalys ofrece soluciones seguras para la recolecci\u00f3n, el almacenamiento y la destrucci\u00f3n de los residuos infecciosos in situ en establecimientos sanitarios y laboratorios. Permiten gestionar los riesgos biol\u00f3gicos importantes, as\u00ed como el excedente de estos desechos generado durante los episodios epid\u00e9micos.<br><strong>Las soluciones de Tesalys son f\u00e1ciles de implantar y de uso, est\u00e1n cient\u00edficamente probadas y permiten proteger al cuerpo m\u00e9dico, a los pacientes y al medio ambiente.<\/strong><\/p>\n\n\n\n<div style=\"height:50px\" aria-hidden=\"true\" class=\"wp-block-spacer\"><\/div>\n\n\n\n<h1 class=\"has-text-align-center wp-block-heading\">Effecto sobre las emisiones de CO2<\/h1>\n\n\n\n<div style=\"height:50px\" aria-hidden=\"true\" class=\"wp-block-spacer\"><\/div>\n\n\n\n<div class=\"wp-block-columns is-layout-flex wp-container-core-columns-is-layout-1 wp-block-columns-is-layout-flex\">\n<div class=\"wp-block-column is-layout-flow wp-block-column-is-layout-flow\">\n<div class=\"wp-block-image is-style-default\"><figure class=\"aligncenter size-large\"><img decoding=\"async\" width=\"1024\" height=\"576\" src=\"https:\/\/www.tesalys.fr\/wp-content\/uploads\/2021\/02\/Plan-de-travail-1-100-1-1024x576.jpg\" alt=\"\" class=\"wp-image-1707\" srcset=\"https:\/\/www.tesalys.fr\/wp-content\/uploads\/2021\/02\/Plan-de-travail-1-100-1-1024x576.jpg 1024w, https:\/\/www.tesalys.fr\/wp-content\/uploads\/2021\/02\/Plan-de-travail-1-100-1-300x169.jpg 300w, https:\/\/www.tesalys.fr\/wp-content\/uploads\/2021\/02\/Plan-de-travail-1-100-1-768x432.jpg 768w, https:\/\/www.tesalys.fr\/wp-content\/uploads\/2021\/02\/Plan-de-travail-1-100-1-1536x864.jpg 1536w, https:\/\/www.tesalys.fr\/wp-content\/uploads\/2021\/02\/Plan-de-travail-1-100-1-140x79.jpg 140w, https:\/\/www.tesalys.fr\/wp-content\/uploads\/2021\/02\/Plan-de-travail-1-100-1-110x62.jpg 110w, https:\/\/www.tesalys.fr\/wp-content\/uploads\/2021\/02\/Plan-de-travail-1-100-1-450x253.jpg 450w, https:\/\/www.tesalys.fr\/wp-content\/uploads\/2021\/02\/Plan-de-travail-1-100-1.jpg 1920w\" sizes=\"(max-width: 1024px) 100vw, 1024px\" \/><\/figure><\/div>\n<\/div>\n\n\n\n<div class=\"wp-block-column is-layout-flow wp-block-column-is-layout-flow\">\n<p>El tratamiento <strong>in situ reduce significativamente las emisiones de di\u00f3xido de carbono<\/strong> procedentes del transporte, que puede recorrer hasta cientos de kil\u00f3metros. <br>Los residuos obtenidos tras el tratamiento por nuestras m\u00e1quinas pueden asimilarse a los residuos dom\u00e9sticos, lo que permite su compactaci\u00f3n, adem\u00e1s de <strong>la importante reducci\u00f3n de volumen del 60 al 80% gracias a la trituraci\u00f3n.<\/strong><\/p>\n\n\n\n<p>La utilizaci\u00f3n de nuestras m\u00e1quinas y su instalaci\u00f3n in situ favorecen la reducci\u00f3n de la producci\u00f3n de DASRI mediante la sensibilizaci\u00f3n de los equipos asistenciales y la reestructuraci\u00f3n del flujo de DASRI.<\/p>\n\n\n\n<p><strong>Una gesti\u00f3n r\u00e1pida y eficaz de los residuos y un gesto considerable para nuestro planeta, es el reto que Tesalys se compromete en conseguir.<\/strong><\/p>\n<\/div>\n<\/div>\n","protected":false},"excerpt":{"rendered":"<p>\u00bfSab\u00eda que si utiliz\u00e1ramos nuestras m\u00e1quinas de tratamiento de los residuos infecciosos in situ a la escala de un pa\u00eds como Francia podr\u00edamos evitar el equivalente a las emisiones de CO2 que generan 1.300.000 aviones volando de Par\u00eds a Londres y vuelta? La gesti\u00f3n de los residuos infecciosos durante los episodios epid\u00e9micos (Covid-19, SARS, \u00c9bola, [&hellip;]<\/p>\n","protected":false},"author":1,"featured_media":1505,"parent":0,"menu_order":0,"comment_status":"closed","ping_status":"closed","template":"","meta":{"_uag_custom_page_level_css":"","footnotes":""},"class_list":["post-377","page","type-page","status-publish","has-post-thumbnail","hentry"],"yoast_head":"<!-- This site is optimized with the Yoast SEO plugin v26.8 - https:\/\/yoast.com\/product\/yoast-seo-wordpress\/ -->\n<title>Impacto medioambiental - Tesalys<\/title>\n<meta name=\"robots\" content=\"index, follow, max-snippet:-1, max-image-preview:large, max-video-preview:-1\" \/>\n<link rel=\"canonical\" href=\"https:\/\/www.tesalys.fr\/es\/impacto-medioambiental\/\" \/>\n<meta property=\"og:locale\" content=\"es_ES\" \/>\n<meta property=\"og:type\" content=\"article\" \/>\n<meta property=\"og:title\" content=\"Impacto medioambiental - Tesalys\" \/>\n<meta property=\"og:description\" content=\"\u00bfSab\u00eda que si utiliz\u00e1ramos nuestras m\u00e1quinas de tratamiento de los residuos infecciosos in situ a la escala de un pa\u00eds como Francia podr\u00edamos evitar el equivalente a las emisiones de CO2 que generan 1.300.000 aviones volando de Par\u00eds a Londres y vuelta? La gesti\u00f3n de los residuos infecciosos durante los episodios epid\u00e9micos (Covid-19, SARS, \u00c9bola, [&hellip;]\" \/>\n<meta property=\"og:url\" content=\"https:\/\/www.tesalys.fr\/es\/impacto-medioambiental\/\" \/>\n<meta property=\"og:site_name\" content=\"Tesalys\" \/>\n<meta property=\"article:modified_time\" content=\"2021-04-27T07:14:10+00:00\" \/>\n<meta property=\"og:image\" content=\"https:\/\/www.tesalys.fr\/wp-content\/uploads\/2021\/02\/sergio-souza-_PsQHUYhw-Q-unsplash-1024x683.png\" \/>\n\t<meta property=\"og:image:width\" content=\"1024\" \/>\n\t<meta property=\"og:image:height\" content=\"683\" \/>\n\t<meta property=\"og:image:type\" content=\"image\/png\" \/>\n<meta name=\"twitter:card\" content=\"summary_large_image\" \/>\n<meta name=\"twitter:label1\" content=\"Tiempo de lectura\" \/>\n\t<meta name=\"twitter:data1\" content=\"2 minutos\" \/>\n<script type=\"application\/ld+json\" class=\"yoast-schema-graph\">{\"@context\":\"https:\/\/schema.org\",\"@graph\":[{\"@type\":\"WebPage\",\"@id\":\"https:\/\/www.tesalys.fr\/es\/impacto-medioambiental\/\",\"url\":\"https:\/\/www.tesalys.fr\/es\/impacto-medioambiental\/\",\"name\":\"Impacto medioambiental - Tesalys\",\"isPartOf\":{\"@id\":\"https:\/\/www.tesalys.fr\/es\/#website\"},\"primaryImageOfPage\":{\"@id\":\"https:\/\/www.tesalys.fr\/es\/impacto-medioambiental\/#primaryimage\"},\"image\":{\"@id\":\"https:\/\/www.tesalys.fr\/es\/impacto-medioambiental\/#primaryimage\"},\"thumbnailUrl\":\"https:\/\/www.tesalys.fr\/wp-content\/uploads\/2021\/02\/sergio-souza-_PsQHUYhw-Q-unsplash.png\",\"datePublished\":\"2020-12-10T16:37:35+00:00\",\"dateModified\":\"2021-04-27T07:14:10+00:00\",\"inLanguage\":\"es\",\"potentialAction\":[{\"@type\":\"ReadAction\",\"target\":[\"https:\/\/www.tesalys.fr\/es\/impacto-medioambiental\/\"]}]},{\"@type\":\"ImageObject\",\"inLanguage\":\"es\",\"@id\":\"https:\/\/www.tesalys.fr\/es\/impacto-medioambiental\/#primaryimage\",\"url\":\"https:\/\/www.tesalys.fr\/wp-content\/uploads\/2021\/02\/sergio-souza-_PsQHUYhw-Q-unsplash.png\",\"contentUrl\":\"https:\/\/www.tesalys.fr\/wp-content\/uploads\/2021\/02\/sergio-souza-_PsQHUYhw-Q-unsplash.png\",\"width\":2560,\"height\":1707,\"caption\":\"DASRI et environnement\"},{\"@type\":\"WebSite\",\"@id\":\"https:\/\/www.tesalys.fr\/es\/#website\",\"url\":\"https:\/\/www.tesalys.fr\/es\/\",\"name\":\"Tesalys\",\"description\":\"Soluciones de tratamiento para residuos de riesgo infeccioso\",\"publisher\":{\"@id\":\"https:\/\/www.tesalys.fr\/es\/#organization\"},\"potentialAction\":[{\"@type\":\"SearchAction\",\"target\":{\"@type\":\"EntryPoint\",\"urlTemplate\":\"https:\/\/www.tesalys.fr\/es\/?s={search_term_string}\"},\"query-input\":{\"@type\":\"PropertyValueSpecification\",\"valueRequired\":true,\"valueName\":\"search_term_string\"}}],\"inLanguage\":\"es\"},{\"@type\":\"Organization\",\"@id\":\"https:\/\/www.tesalys.fr\/es\/#organization\",\"name\":\"TESALYS\",\"url\":\"https:\/\/www.tesalys.fr\/es\/\",\"logo\":{\"@type\":\"ImageObject\",\"inLanguage\":\"es\",\"@id\":\"https:\/\/www.tesalys.fr\/es\/#\/schema\/logo\/image\/\",\"url\":\"https:\/\/www.tesalys.fr\/wp-content\/uploads\/2020\/12\/tesalys-logo-header.jpg\",\"contentUrl\":\"https:\/\/www.tesalys.fr\/wp-content\/uploads\/2020\/12\/tesalys-logo-header.jpg\",\"width\":200,\"height\":74,\"caption\":\"TESALYS\"},\"image\":{\"@id\":\"https:\/\/www.tesalys.fr\/es\/#\/schema\/logo\/image\/\"}}]}<\/script>\n<!-- \/ Yoast SEO plugin. -->","yoast_head_json":{"title":"Impacto medioambiental - Tesalys","robots":{"index":"index","follow":"follow","max-snippet":"max-snippet:-1","max-image-preview":"max-image-preview:large","max-video-preview":"max-video-preview:-1"},"canonical":"https:\/\/www.tesalys.fr\/es\/impacto-medioambiental\/","og_locale":"es_ES","og_type":"article","og_title":"Impacto medioambiental - Tesalys","og_description":"\u00bfSab\u00eda que si utiliz\u00e1ramos nuestras m\u00e1quinas de tratamiento de los residuos infecciosos in situ a la escala de un pa\u00eds como Francia podr\u00edamos evitar el equivalente a las emisiones de CO2 que generan 1.300.000 aviones volando de Par\u00eds a Londres y vuelta? La gesti\u00f3n de los residuos infecciosos durante los episodios epid\u00e9micos (Covid-19, SARS, \u00c9bola, [&hellip;]","og_url":"https:\/\/www.tesalys.fr\/es\/impacto-medioambiental\/","og_site_name":"Tesalys","article_modified_time":"2021-04-27T07:14:10+00:00","og_image":[{"width":1024,"height":683,"url":"https:\/\/www.tesalys.fr\/wp-content\/uploads\/2021\/02\/sergio-souza-_PsQHUYhw-Q-unsplash-1024x683.png","type":"image\/png"}],"twitter_card":"summary_large_image","twitter_misc":{"Tiempo de lectura":"2 minutos"},"schema":{"@context":"https:\/\/schema.org","@graph":[{"@type":"WebPage","@id":"https:\/\/www.tesalys.fr\/es\/impacto-medioambiental\/","url":"https:\/\/www.tesalys.fr\/es\/impacto-medioambiental\/","name":"Impacto medioambiental - Tesalys","isPartOf":{"@id":"https:\/\/www.tesalys.fr\/es\/#website"},"primaryImageOfPage":{"@id":"https:\/\/www.tesalys.fr\/es\/impacto-medioambiental\/#primaryimage"},"image":{"@id":"https:\/\/www.tesalys.fr\/es\/impacto-medioambiental\/#primaryimage"},"thumbnailUrl":"https:\/\/www.tesalys.fr\/wp-content\/uploads\/2021\/02\/sergio-souza-_PsQHUYhw-Q-unsplash.png","datePublished":"2020-12-10T16:37:35+00:00","dateModified":"2021-04-27T07:14:10+00:00","inLanguage":"es","potentialAction":[{"@type":"ReadAction","target":["https:\/\/www.tesalys.fr\/es\/impacto-medioambiental\/"]}]},{"@type":"ImageObject","inLanguage":"es","@id":"https:\/\/www.tesalys.fr\/es\/impacto-medioambiental\/#primaryimage","url":"https:\/\/www.tesalys.fr\/wp-content\/uploads\/2021\/02\/sergio-souza-_PsQHUYhw-Q-unsplash.png","contentUrl":"https:\/\/www.tesalys.fr\/wp-content\/uploads\/2021\/02\/sergio-souza-_PsQHUYhw-Q-unsplash.png","width":2560,"height":1707,"caption":"DASRI et environnement"},{"@type":"WebSite","@id":"https:\/\/www.tesalys.fr\/es\/#website","url":"https:\/\/www.tesalys.fr\/es\/","name":"Tesalys","description":"Soluciones de tratamiento para residuos de riesgo infeccioso","publisher":{"@id":"https:\/\/www.tesalys.fr\/es\/#organization"},"potentialAction":[{"@type":"SearchAction","target":{"@type":"EntryPoint","urlTemplate":"https:\/\/www.tesalys.fr\/es\/?s={search_term_string}"},"query-input":{"@type":"PropertyValueSpecification","valueRequired":true,"valueName":"search_term_string"}}],"inLanguage":"es"},{"@type":"Organization","@id":"https:\/\/www.tesalys.fr\/es\/#organization","name":"TESALYS","url":"https:\/\/www.tesalys.fr\/es\/","logo":{"@type":"ImageObject","inLanguage":"es","@id":"https:\/\/www.tesalys.fr\/es\/#\/schema\/logo\/image\/","url":"https:\/\/www.tesalys.fr\/wp-content\/uploads\/2020\/12\/tesalys-logo-header.jpg","contentUrl":"https:\/\/www.tesalys.fr\/wp-content\/uploads\/2020\/12\/tesalys-logo-header.jpg","width":200,"height":74,"caption":"TESALYS"},"image":{"@id":"https:\/\/www.tesalys.fr\/es\/#\/schema\/logo\/image\/"}}]}},"uagb_featured_image_src":{"full":["https:\/\/www.tesalys.fr\/wp-content\/uploads\/2021\/02\/sergio-souza-_PsQHUYhw-Q-unsplash.png",2560,1707,false],"thumbnail":["https:\/\/www.tesalys.fr\/wp-content\/uploads\/2021\/02\/sergio-souza-_PsQHUYhw-Q-unsplash-150x150.png",150,150,true],"medium":["https:\/\/www.tesalys.fr\/wp-content\/uploads\/2021\/02\/sergio-souza-_PsQHUYhw-Q-unsplash-300x200.png",300,200,true],"medium_large":["https:\/\/www.tesalys.fr\/wp-content\/uploads\/2021\/02\/sergio-souza-_PsQHUYhw-Q-unsplash-768x512.png",768,512,true],"large":["https:\/\/www.tesalys.fr\/wp-content\/uploads\/2021\/02\/sergio-souza-_PsQHUYhw-Q-unsplash-1024x683.png",1024,683,true],"1536x1536":["https:\/\/www.tesalys.fr\/wp-content\/uploads\/2021\/02\/sergio-souza-_PsQHUYhw-Q-unsplash-1536x1024.png",1536,1024,true],"2048x2048":["https:\/\/www.tesalys.fr\/wp-content\/uploads\/2021\/02\/sergio-souza-_PsQHUYhw-Q-unsplash-2048x1366.png",2048,1366,true],"home-actu":["https:\/\/www.tesalys.fr\/wp-content\/uploads\/2021\/02\/sergio-souza-_PsQHUYhw-Q-unsplash-455x280.png",455,280,true],"home-carousel":["https:\/\/www.tesalys.fr\/wp-content\/uploads\/2021\/02\/sergio-souza-_PsQHUYhw-Q-unsplash-1920x550.png",1920,550,true],"home-avantage":["https:\/\/www.tesalys.fr\/wp-content\/uploads\/2021\/02\/sergio-souza-_PsQHUYhw-Q-unsplash-140x93.png",140,93,true],"home-destinataire":["https:\/\/www.tesalys.fr\/wp-content\/uploads\/2021\/02\/sergio-souza-_PsQHUYhw-Q-unsplash-110x73.png",110,73,true],"produit-title":["https:\/\/www.tesalys.fr\/wp-content\/uploads\/2021\/02\/sergio-souza-_PsQHUYhw-Q-unsplash-450x300.png",450,300,true],"produit-title-800x800":["https:\/\/www.tesalys.fr\/wp-content\/uploads\/2021\/02\/sergio-souza-_PsQHUYhw-Q-unsplash-800x800.png",800,800,true],"produit-repeatable":["https:\/\/www.tesalys.fr\/wp-content\/uploads\/2021\/02\/sergio-souza-_PsQHUYhw-Q-unsplash-800x600.png",800,600,true]},"uagb_author_info":{"display_name":"digeek","author_link":"https:\/\/www.tesalys.fr\/es\/author\/digeek\/"},"uagb_comment_info":0,"uagb_excerpt":"\u00bfSab\u00eda que si utiliz\u00e1ramos nuestras m\u00e1quinas de tratamiento de los residuos infecciosos in situ a la escala de un pa\u00eds como Francia podr\u00edamos evitar el equivalente a las emisiones de CO2 que generan 1.300.000 aviones volando de Par\u00eds a Londres y vuelta? La gesti\u00f3n de los residuos infecciosos durante los episodios epid\u00e9micos (Covid-19, SARS, \u00c9bola,&hellip;","_links":{"self":[{"href":"https:\/\/www.tesalys.fr\/es\/wp-json\/wp\/v2\/pages\/377","targetHints":{"allow":["GET"]}}],"collection":[{"href":"https:\/\/www.tesalys.fr\/es\/wp-json\/wp\/v2\/pages"}],"about":[{"href":"https:\/\/www.tesalys.fr\/es\/wp-json\/wp\/v2\/types\/page"}],"author":[{"embeddable":true,"href":"https:\/\/www.tesalys.fr\/es\/wp-json\/wp\/v2\/users\/1"}],"replies":[{"embeddable":true,"href":"https:\/\/www.tesalys.fr\/es\/wp-json\/wp\/v2\/comments?post=377"}],"version-history":[{"count":0,"href":"https:\/\/www.tesalys.fr\/es\/wp-json\/wp\/v2\/pages\/377\/revisions"}],"wp:featuredmedia":[{"embeddable":true,"href":"https:\/\/www.tesalys.fr\/es\/wp-json\/wp\/v2\/media\/1505"}],"wp:attachment":[{"href":"https:\/\/www.tesalys.fr\/es\/wp-json\/wp\/v2\/media?parent=377"}],"curies":[{"name":"wp","href":"https:\/\/api.w.org\/{rel}","templated":true}]}}