{"id":414,"date":"2020-12-10T17:47:57","date_gmt":"2020-12-10T16:47:57","guid":{"rendered":"https:\/\/www.tesalys.fr\/?page_id=414"},"modified":"2026-04-13T14:09:07","modified_gmt":"2026-04-13T12:09:07","slug":"politica-de-confidencialidad","status":"publish","type":"page","link":"https:\/\/www.tesalys.fr\/es\/politica-de-confidencialidad\/","title":{"rendered":"Politica de privacidad"},"content":{"rendered":"\n<h4 class=\"wp-block-heading\"><\/h4>\n\n\n\n<p><\/p>\n\n\n\n<h4 class=\"wp-block-heading\">Utilisation des donn\u00e9es personnelles collect\u00e9es<\/h4>\n\n\n\n<h5 class=\"wp-block-heading\">Comentarios<\/h5>\n\n\n\n<p>Quand vous laissez un commentaire sur notre site web, les donn\u00e9es inscrites dans le formulaire de commentaire, mais aussi votre adresse IP et l\u2019agent utilisateur de votre navigateur sont collect\u00e9s pour nous aider \u00e0 la d\u00e9tection des commentaires ind\u00e9sirables.<\/p>\n\n\n\n<p>Une cha\u00eene anonymis\u00e9e cr\u00e9\u00e9e \u00e0 partir de votre adresse de messagerie (\u00e9galement appel\u00e9e hash) peut \u00eatre envoy\u00e9e au service Gravatar pour v\u00e9rifier si vous utilisez ce dernier. Les clauses de confidentialit\u00e9 du service Gravatar sont disponibles ici&nbsp;: https:\/\/automattic.com\/privacy\/. Apr\u00e8s validation de votre commentaire, votre photo de profil sera visible publiquement \u00e0 cot\u00e9 de votre commentaire.<\/p>\n\n\n\n<h5 class=\"wp-block-heading\">M\u00e9dias<\/h5>\n\n\n\n<p>Si vous \u00eates un utilisateur ou une utilisatrice enregistr\u00e9\u00b7e et que vous t\u00e9l\u00e9versez des images sur le site web, nous vous conseillons d\u2019\u00e9viter de t\u00e9l\u00e9verser des images contenant des donn\u00e9es EXIF de coordonn\u00e9es GPS. Les visiteurs de votre site web peuvent t\u00e9l\u00e9charger et extraire des donn\u00e9es de localisation depuis ces images.<\/p>\n\n\n\n<h5 class=\"wp-block-heading\">Formulaires de contact<\/h5>\n\n\n\n<p>Le caract\u00e8re obligatoire ou facultatif des donn\u00e9es vous est signal\u00e9 lors de la collecte par un ast\u00e9risque. Certaines donn\u00e9es sont collect\u00e9es automatiquement du fait de vos actions sur le site.<\/p>\n\n\n\n<p>Nous collectons des donn\u00e9es de connexions et donn\u00e9es de navigation.<\/p>\n\n\n\n<p>Nous collectons aussi, au travers du formulaire de contact :<\/p>\n\n\n\n<ul class=\"wp-block-list\">\n<li>Entreprise<\/li>\n\n\n\n<li>Nom<\/li>\n\n\n\n<li>Pr\u00e9nom<\/li>\n\n\n\n<li>Fonction<\/li>\n\n\n\n<li>Adresse<\/li>\n\n\n\n<li>Code postal<\/li>\n\n\n\n<li>Ville<\/li>\n\n\n\n<li>Pays<\/li>\n\n\n\n<li>Adresse de courrier \u00e9lectronique<\/li>\n\n\n\n<li>Num\u00e9ro de t\u00e9l\u00e9phone<\/li>\n\n\n\n<li>Toute demande particuli\u00e8re que vous pourriez nous adresser<\/li>\n<\/ul>\n\n\n\n<h4 class=\"wp-block-heading\">Cookies<\/h4>\n\n\n\n<p>Si vous d\u00e9posez un commentaire sur notre site, il vous sera propos\u00e9 d\u2019enregistrer votre nom, adresse de messagerie et site web dans des cookies. C\u2019est uniquement pour votre confort afin de ne pas avoir \u00e0 saisir ces informations si vous d\u00e9posez un autre commentaire plus tard. Ces cookies expirent au bout d\u2019un an.<\/p>\n\n\n\n<p>Si vous vous rendez sur la page de connexion, un cookie temporaire sera cr\u00e9\u00e9 afin de d\u00e9terminer si votre navigateur accepte les cookies. Il ne contient pas de donn\u00e9es personnelles et sera supprim\u00e9 automatiquement \u00e0 la fermeture de votre navigateur.<\/p>\n\n\n\n<p>Lorsque vous vous connecterez, nous mettrons en place un certain nombre de cookies pour enregistrer vos informations de connexion et vos pr\u00e9f\u00e9rences d\u2019\u00e9cran. La dur\u00e9e de vie d\u2019un cookie de connexion est de deux jours, celle d\u2019un cookie d\u2019option d\u2019\u00e9cran est d\u2019un an. Si vous cochez \u00ab&nbsp;Se souvenir de moi&nbsp;\u00bb, votre cookie de connexion sera conserv\u00e9 pendant deux semaines. Si vous vous d\u00e9connectez de votre compte, le cookie de connexion sera effac\u00e9.<\/p>\n\n\n\n<p>En modifiant ou en publiant une publication, un cookie suppl\u00e9mentaire sera enregistr\u00e9 dans votre navigateur. Ce cookie ne comprend aucune donn\u00e9e personnelle. Il indique simplement l\u2019ID de la publication que vous venez de modifier. Il expire au bout d\u2019un jour.<\/p>\n\n\n\n<h4 class=\"wp-block-heading\">Contenu embarqu\u00e9 depuis d\u2019autres sites<\/h4>\n\n\n\n<p>Les articles de ce site peuvent inclure des contenus int\u00e9gr\u00e9s (par exemple des vid\u00e9os, images, articles\u2026). Le contenu int\u00e9gr\u00e9 depuis d\u2019autres sites se comporte de la m\u00eame mani\u00e8re que si le visiteur se rendait sur cet autre site.<\/p>\n\n\n\n<p>Ces sites web pourraient collecter des donn\u00e9es sur vous, utiliser des cookies, embarquer des outils de suivis tiers, suivre vos interactions avec ces contenus embarqu\u00e9s si vous disposez d\u2019un compte connect\u00e9 sur leur site web.<\/p>\n\n\n\n<h4 class=\"wp-block-heading\">Statistiques et mesures d\u2019audience<\/h4>\n\n\n\n<p>Nous pouvons utiliser des donn\u00e9es \u00e0 des fins de statistiques pour analyser l\u2019activit\u00e9 de notre site et am\u00e9liorer les services que nous proposons. Nous effectuons des mesures d\u2019audience, nous mesurons par exemple le nombre de pages vues, le nombre de visites du site, ainsi que l\u2019activit\u00e9 des visiteurs sur le site et leur fr\u00e9quence de retour.<\/p>\n\n\n\n<h4 class=\"wp-block-heading\">Utilisation et transmission de vos donn\u00e9es personnelles<\/h4>\n\n\n\n<p>Tesalys est susceptible d\u2019utiliser vos donn\u00e9es Personnelles pour les finalit\u00e9s suivantes :<\/p>\n\n\n\n<p><strong>La relation client<\/strong><br>Nous avons besoin des informations qui vous concernent pour r\u00e9aliser vos devis, assurer la gestion de vos commandes et les suites de celle-ci.<br>La personnalisation des messages que nous vous adressons<br>Les donn\u00e9es vous concernant nous permettent d\u2019am\u00e9liorer et personnaliser les services que nous vous proposons et les communications que nous vous adressons. Par exemple : nous vous pouvons vous adresser des emails personnalis\u00e9s.<\/p>\n\n\n\n<p><strong>La s\u00e9curit\u00e9 de notre site<\/strong><br>Nous collectons certaines donn\u00e9es de navigation pour nous permettre d\u2019assurer la s\u00e9curit\u00e9 de nos services et de d\u00e9tecter, d\u2019\u00e9viter ou de retracer toute tentative de malveillance ou d\u2019intrusion informatique ou toute violation des conditions d\u2019utilisation de nos Services.<\/p>\n\n\n\n<p><strong>Statistiques et performances de notre site<\/strong><br>Les donn\u00e9es statistiques sont exploit\u00e9es par le service Google Analytics<\/p>\n\n\n\n<h4 class=\"wp-block-heading\">Dur\u00e9es de stockage de vos donn\u00e9es<\/h4>\n\n\n\n<p>Si vous laissez un commentaire, le commentaire et ses m\u00e9tadonn\u00e9es sont conserv\u00e9s ind\u00e9finiment. Cela permet de reconna\u00eetre et approuver automatiquement les commentaires suivants au lieu de les laisser dans la file de mod\u00e9ration.<\/p>\n\n\n\n<p>Pour les utilisateurs et utilisatrices qui s\u2019enregistrent sur notre site (si cela est possible), nous stockons \u00e9galement les donn\u00e9es personnelles indiqu\u00e9es dans leur profil. Tous les utilisateurs et utilisatrices peuvent voir, modifier ou supprimer leurs informations personnelles \u00e0 tout moment (\u00e0 l\u2019exception de leur nom d\u2019utilisateur\u00b7ice). Les gestionnaires du site peuvent aussi voir et modifier ces informations.<\/p>\n\n\n\n<h4 class=\"wp-block-heading\">Les droits que vous avez sur vos donn\u00e9es<\/h4>\n\n\n\n<p>Si vous avez un compte ou si vous avez laiss\u00e9 des commentaires sur le site, vous pouvez demander \u00e0 recevoir un fichier contenant toutes les donn\u00e9es personnelles que nous poss\u00e9dons \u00e0 votre sujet, incluant celles que vous nous avez fournies. Vous pouvez \u00e9galement demander la suppression des donn\u00e9es personnelles vous concernant. Cela ne prend pas en compte les donn\u00e9es stock\u00e9es \u00e0 des fins administratives, l\u00e9gales ou pour des raisons de s\u00e9curit\u00e9.<\/p>\n\n\n\n<h4 class=\"wp-block-heading\">Transmission de vos donn\u00e9es personnelles<\/h4>\n\n\n\n<p>Les commentaires des visiteurs peuvent \u00eatre v\u00e9rifi\u00e9s \u00e0 l\u2019aide d\u2019un service automatis\u00e9 de d\u00e9tection des commentaires ind\u00e9sirables.<\/p>\n\n\n\n<h4 class=\"wp-block-heading\">Informations de contact<\/h4>\n\n\n\n<p>Le responsable du traitement est la soci\u00e9t\u00e9 TESALYS ayant son si\u00e8ge social au 8, rue du Cass\u00e9 31240 Saint-Jean (Toulouse) \u2013France.<br>T\u00e9l : +33 5 62 10 18 91<\/p>\n\n\n\n<p><strong>Email : rgpd@tesalys.fr<\/strong><\/p>\n\n\n\n<h4 class=\"wp-block-heading\">Informations suppl\u00e9mentaires<\/h4>\n\n\n\n<h5 class=\"wp-block-heading\">Comment nous prot\u00e9geons vos donn\u00e9es<\/h5>\n\n\n\n<p>Tesalys s\u2019engage \u00e0 mettre en \u0153uvre les mesures techniques et organisationnelles appropri\u00e9es afin de garantir un niveau de s\u00e9curit\u00e9 adapt\u00e9 au type de donn\u00e9es ainsi qu\u2019aux risques identifi\u00e9s.<br>Ces mesures sont d\u00e9finies en prenant en compte les connaissances actuelles, le contexte et les finalit\u00e9s du traitement des donn\u00e9es.<br>Le stockage physique des donn\u00e9es est effectu\u00e9 selon les proc\u00e9dures d\u00e9crites par l\u2019h\u00e9bergeur OVH (ex : https:\/\/www.ovh.com\/fr\/apropos\/datacentres.xml).<br>La transmission et l\u2019enregistrement des donn\u00e9es, sont effectu\u00e9es dans le strict respect des normes de s\u00e9curit\u00e9 num\u00e9riques, notamment garanties par le protocole SSL (Secure Socket Layer).<br>Le SSL permet d\u2019\u00e9changer des informations entre 2 terminaux informatiques de fa\u00e7on s\u00fbre, garantissant :<\/p>\n\n\n\n<ul class=\"wp-block-list\">\n<li>La confidentialit\u00e9, en rendant impossible l\u2019espionnage ou l\u2019interception des informations \u00e9chang\u00e9es.<\/li>\n\n\n\n<li>L\u2019int\u00e9grit\u00e9 des donn\u00e9es, qu\u2019il est impossible de corrompre lors de la transaction.<\/li>\n\n\n\n<li>L\u2019authentification s\u2019assurant de l\u2019identit\u00e9 du programme, de la personne ou de l\u2019entreprise avec laquelle on communique.<\/li>\n<\/ul>\n\n\n\n<p>\u00c0 cela s\u2019ajoutent les mesures de protections d\u00e9crites dans la charte de s\u00e9curit\u00e9 de l\u2019h\u00e9bergeur OVH (ex : https:\/\/www.ovh.com\/fr\/apropos\/securite.xml).<\/p>\n\n\n\n<p>Des proc\u00e9dures de sauvegarde sont syst\u00e9matiquement mises en place afin de garantir l\u2019int\u00e9grit\u00e9 et la conservation des donn\u00e9es sous la responsabilit\u00e9 de la soci\u00e9t\u00e9 OVH.<\/p>\n\n\n\n<h5 class=\"wp-block-heading\">Proc\u00e9dures mises en \u0153uvre en cas de fuite de donn\u00e9es<\/h5>\n\n\n\n<p>Nous rapportons imm\u00e9diatement l\u2019incident aupr\u00e8s de la Commission Nationale Informatique et Libert\u00e9s (CNIL) et prendrons toutes les mesures n\u00e9cessaires au renforcement de la protection de vos donn\u00e9es personnelles.<\/p>\n\n\n\n<p>Aussi, un rapport d\u2019incident vous sera communiqu\u00e9 afin de vous pr\u00e9ciser la nature des donn\u00e9es compromises.<\/p>\n\n\n\n<h5 class=\"wp-block-heading\">Op\u00e9rations de marketing automatis\u00e9 et\/ou de profilage r\u00e9alis\u00e9es \u00e0 l\u2019aide des donn\u00e9es personnelles<\/h5>\n\n\n\n<p>Nous r\u00e9alisons r\u00e9guli\u00e8rement des op\u00e9rations d\u2019emailins afin de vous tenir inform\u00e9s de notre actualit\u00e9. Ces emailings sont soumis \u00e0 votre consentement et vous avez toujours la possibilit\u00e9 de vous d\u00e9sinscrire \u00e0 tous moments gr\u00e2ce au lien de d\u00e9sinscription pr\u00e9sent dans nos communications.<\/p>\n","protected":false},"excerpt":{"rendered":"<p>Utilisation des donn\u00e9es personnelles collect\u00e9es Comentarios Quand vous laissez un commentaire sur notre site web, les donn\u00e9es inscrites dans le formulaire de commentaire, mais aussi votre adresse IP et l\u2019agent utilisateur de votre navigateur sont collect\u00e9s pour nous aider \u00e0 la d\u00e9tection des commentaires ind\u00e9sirables. Une cha\u00eene anonymis\u00e9e cr\u00e9\u00e9e \u00e0 partir de votre adresse de [&hellip;]<\/p>\n","protected":false},"author":1,"featured_media":1809,"parent":0,"menu_order":7,"comment_status":"closed","ping_status":"open","template":"","meta":{"_uag_custom_page_level_css":"","footnotes":""},"class_list":["post-414","page","type-page","status-publish","has-post-thumbnail","hentry"],"yoast_head":"<!-- This site is optimized with the Yoast SEO plugin v26.8 - https:\/\/yoast.com\/product\/yoast-seo-wordpress\/ -->\n<title>Politica de privacidad - Tesalys<\/title>\n<meta name=\"robots\" content=\"index, follow, max-snippet:-1, max-image-preview:large, max-video-preview:-1\" \/>\n<link rel=\"canonical\" href=\"https:\/\/www.tesalys.fr\/es\/politica-de-confidencialidad\/\" \/>\n<meta property=\"og:locale\" content=\"es_ES\" \/>\n<meta property=\"og:type\" content=\"article\" \/>\n<meta property=\"og:title\" content=\"Politica de privacidad - Tesalys\" \/>\n<meta property=\"og:description\" content=\"Utilisation des donn\u00e9es personnelles collect\u00e9es Comentarios Quand vous laissez un commentaire sur notre site web, les donn\u00e9es inscrites dans le formulaire de commentaire, mais aussi votre adresse IP et l\u2019agent utilisateur de votre navigateur sont collect\u00e9s pour nous aider \u00e0 la d\u00e9tection des commentaires ind\u00e9sirables. Une cha\u00eene anonymis\u00e9e cr\u00e9\u00e9e \u00e0 partir de votre adresse de [&hellip;]\" \/>\n<meta property=\"og:url\" content=\"https:\/\/www.tesalys.fr\/es\/politica-de-confidencialidad\/\" \/>\n<meta property=\"og:site_name\" content=\"Tesalys\" \/>\n<meta property=\"article:modified_time\" content=\"2026-04-13T12:09:07+00:00\" \/>\n<meta property=\"og:image\" content=\"https:\/\/www.tesalys.fr\/wp-content\/uploads\/2021\/02\/ambiances-55-scaled.jpg\" \/>\n\t<meta property=\"og:image:width\" content=\"2560\" \/>\n\t<meta property=\"og:image:height\" content=\"1709\" \/>\n\t<meta property=\"og:image:type\" content=\"image\/jpeg\" \/>\n<meta name=\"twitter:card\" content=\"summary_large_image\" \/>\n<meta name=\"twitter:label1\" content=\"Tiempo de lectura\" \/>\n\t<meta name=\"twitter:data1\" content=\"7 minutos\" \/>\n<script type=\"application\/ld+json\" class=\"yoast-schema-graph\">{\"@context\":\"https:\/\/schema.org\",\"@graph\":[{\"@type\":\"WebPage\",\"@id\":\"https:\/\/www.tesalys.fr\/es\/politica-de-confidencialidad\/\",\"url\":\"https:\/\/www.tesalys.fr\/es\/politica-de-confidencialidad\/\",\"name\":\"Politica de privacidad - Tesalys\",\"isPartOf\":{\"@id\":\"https:\/\/www.tesalys.fr\/es\/#website\"},\"primaryImageOfPage\":{\"@id\":\"https:\/\/www.tesalys.fr\/es\/politica-de-confidencialidad\/#primaryimage\"},\"image\":{\"@id\":\"https:\/\/www.tesalys.fr\/es\/politica-de-confidencialidad\/#primaryimage\"},\"thumbnailUrl\":\"https:\/\/www.tesalys.fr\/wp-content\/uploads\/2021\/02\/ambiances-55-scaled.jpg\",\"datePublished\":\"2020-12-10T16:47:57+00:00\",\"dateModified\":\"2026-04-13T12:09:07+00:00\",\"inLanguage\":\"es\",\"potentialAction\":[{\"@type\":\"ReadAction\",\"target\":[\"https:\/\/www.tesalys.fr\/es\/politica-de-confidencialidad\/\"]}]},{\"@type\":\"ImageObject\",\"inLanguage\":\"es\",\"@id\":\"https:\/\/www.tesalys.fr\/es\/politica-de-confidencialidad\/#primaryimage\",\"url\":\"https:\/\/www.tesalys.fr\/wp-content\/uploads\/2021\/02\/ambiances-55-scaled.jpg\",\"contentUrl\":\"https:\/\/www.tesalys.fr\/wp-content\/uploads\/2021\/02\/ambiances-55-scaled.jpg\",\"width\":2560,\"height\":1709},{\"@type\":\"WebSite\",\"@id\":\"https:\/\/www.tesalys.fr\/es\/#website\",\"url\":\"https:\/\/www.tesalys.fr\/es\/\",\"name\":\"Tesalys\",\"description\":\"Soluciones de tratamiento para residuos de riesgo infeccioso\",\"publisher\":{\"@id\":\"https:\/\/www.tesalys.fr\/es\/#organization\"},\"potentialAction\":[{\"@type\":\"SearchAction\",\"target\":{\"@type\":\"EntryPoint\",\"urlTemplate\":\"https:\/\/www.tesalys.fr\/es\/?s={search_term_string}\"},\"query-input\":{\"@type\":\"PropertyValueSpecification\",\"valueRequired\":true,\"valueName\":\"search_term_string\"}}],\"inLanguage\":\"es\"},{\"@type\":\"Organization\",\"@id\":\"https:\/\/www.tesalys.fr\/es\/#organization\",\"name\":\"TESALYS\",\"url\":\"https:\/\/www.tesalys.fr\/es\/\",\"logo\":{\"@type\":\"ImageObject\",\"inLanguage\":\"es\",\"@id\":\"https:\/\/www.tesalys.fr\/es\/#\/schema\/logo\/image\/\",\"url\":\"https:\/\/www.tesalys.fr\/wp-content\/uploads\/2020\/12\/tesalys-logo-header.jpg\",\"contentUrl\":\"https:\/\/www.tesalys.fr\/wp-content\/uploads\/2020\/12\/tesalys-logo-header.jpg\",\"width\":200,\"height\":74,\"caption\":\"TESALYS\"},\"image\":{\"@id\":\"https:\/\/www.tesalys.fr\/es\/#\/schema\/logo\/image\/\"}}]}<\/script>\n<!-- \/ Yoast SEO plugin. -->","yoast_head_json":{"title":"Politica de privacidad - Tesalys","robots":{"index":"index","follow":"follow","max-snippet":"max-snippet:-1","max-image-preview":"max-image-preview:large","max-video-preview":"max-video-preview:-1"},"canonical":"https:\/\/www.tesalys.fr\/es\/politica-de-confidencialidad\/","og_locale":"es_ES","og_type":"article","og_title":"Politica de privacidad - Tesalys","og_description":"Utilisation des donn\u00e9es personnelles collect\u00e9es Comentarios Quand vous laissez un commentaire sur notre site web, les donn\u00e9es inscrites dans le formulaire de commentaire, mais aussi votre adresse IP et l\u2019agent utilisateur de votre navigateur sont collect\u00e9s pour nous aider \u00e0 la d\u00e9tection des commentaires ind\u00e9sirables. Une cha\u00eene anonymis\u00e9e cr\u00e9\u00e9e \u00e0 partir de votre adresse de [&hellip;]","og_url":"https:\/\/www.tesalys.fr\/es\/politica-de-confidencialidad\/","og_site_name":"Tesalys","article_modified_time":"2026-04-13T12:09:07+00:00","og_image":[{"width":2560,"height":1709,"url":"https:\/\/www.tesalys.fr\/wp-content\/uploads\/2021\/02\/ambiances-55-scaled.jpg","type":"image\/jpeg"}],"twitter_card":"summary_large_image","twitter_misc":{"Tiempo de lectura":"7 minutos"},"schema":{"@context":"https:\/\/schema.org","@graph":[{"@type":"WebPage","@id":"https:\/\/www.tesalys.fr\/es\/politica-de-confidencialidad\/","url":"https:\/\/www.tesalys.fr\/es\/politica-de-confidencialidad\/","name":"Politica de privacidad - Tesalys","isPartOf":{"@id":"https:\/\/www.tesalys.fr\/es\/#website"},"primaryImageOfPage":{"@id":"https:\/\/www.tesalys.fr\/es\/politica-de-confidencialidad\/#primaryimage"},"image":{"@id":"https:\/\/www.tesalys.fr\/es\/politica-de-confidencialidad\/#primaryimage"},"thumbnailUrl":"https:\/\/www.tesalys.fr\/wp-content\/uploads\/2021\/02\/ambiances-55-scaled.jpg","datePublished":"2020-12-10T16:47:57+00:00","dateModified":"2026-04-13T12:09:07+00:00","inLanguage":"es","potentialAction":[{"@type":"ReadAction","target":["https:\/\/www.tesalys.fr\/es\/politica-de-confidencialidad\/"]}]},{"@type":"ImageObject","inLanguage":"es","@id":"https:\/\/www.tesalys.fr\/es\/politica-de-confidencialidad\/#primaryimage","url":"https:\/\/www.tesalys.fr\/wp-content\/uploads\/2021\/02\/ambiances-55-scaled.jpg","contentUrl":"https:\/\/www.tesalys.fr\/wp-content\/uploads\/2021\/02\/ambiances-55-scaled.jpg","width":2560,"height":1709},{"@type":"WebSite","@id":"https:\/\/www.tesalys.fr\/es\/#website","url":"https:\/\/www.tesalys.fr\/es\/","name":"Tesalys","description":"Soluciones de tratamiento para residuos de riesgo infeccioso","publisher":{"@id":"https:\/\/www.tesalys.fr\/es\/#organization"},"potentialAction":[{"@type":"SearchAction","target":{"@type":"EntryPoint","urlTemplate":"https:\/\/www.tesalys.fr\/es\/?s={search_term_string}"},"query-input":{"@type":"PropertyValueSpecification","valueRequired":true,"valueName":"search_term_string"}}],"inLanguage":"es"},{"@type":"Organization","@id":"https:\/\/www.tesalys.fr\/es\/#organization","name":"TESALYS","url":"https:\/\/www.tesalys.fr\/es\/","logo":{"@type":"ImageObject","inLanguage":"es","@id":"https:\/\/www.tesalys.fr\/es\/#\/schema\/logo\/image\/","url":"https:\/\/www.tesalys.fr\/wp-content\/uploads\/2020\/12\/tesalys-logo-header.jpg","contentUrl":"https:\/\/www.tesalys.fr\/wp-content\/uploads\/2020\/12\/tesalys-logo-header.jpg","width":200,"height":74,"caption":"TESALYS"},"image":{"@id":"https:\/\/www.tesalys.fr\/es\/#\/schema\/logo\/image\/"}}]}},"uagb_featured_image_src":{"full":["https:\/\/www.tesalys.fr\/wp-content\/uploads\/2021\/02\/ambiances-55-scaled.jpg",2560,1709,false],"thumbnail":["https:\/\/www.tesalys.fr\/wp-content\/uploads\/2021\/02\/ambiances-55-scaled-150x150.jpg",150,150,true],"medium":["https:\/\/www.tesalys.fr\/wp-content\/uploads\/2021\/02\/ambiances-55-scaled-300x200.jpg",300,200,true],"medium_large":["https:\/\/www.tesalys.fr\/wp-content\/uploads\/2021\/02\/ambiances-55-scaled-768x513.jpg",768,513,true],"large":["https:\/\/www.tesalys.fr\/wp-content\/uploads\/2021\/02\/ambiances-55-scaled-1024x684.jpg",1024,684,true],"1536x1536":["https:\/\/www.tesalys.fr\/wp-content\/uploads\/2021\/02\/ambiances-55-scaled-1536x1025.jpg",1536,1025,true],"2048x2048":["https:\/\/www.tesalys.fr\/wp-content\/uploads\/2021\/02\/ambiances-55-scaled-2048x1367.jpg",2048,1367,true],"home-actu":["https:\/\/www.tesalys.fr\/wp-content\/uploads\/2021\/02\/ambiances-55-scaled-455x280.jpg",455,280,true],"home-carousel":["https:\/\/www.tesalys.fr\/wp-content\/uploads\/2021\/02\/ambiances-55-scaled-1920x550.jpg",1920,550,true],"home-avantage":["https:\/\/www.tesalys.fr\/wp-content\/uploads\/2021\/02\/ambiances-55-scaled-140x93.jpg",140,93,true],"home-destinataire":["https:\/\/www.tesalys.fr\/wp-content\/uploads\/2021\/02\/ambiances-55-scaled-110x73.jpg",110,73,true],"produit-title":["https:\/\/www.tesalys.fr\/wp-content\/uploads\/2021\/02\/ambiances-55-scaled-450x300.jpg",450,300,true],"produit-title-800x800":["https:\/\/www.tesalys.fr\/wp-content\/uploads\/2021\/02\/ambiances-55-scaled-800x800.jpg",800,800,true],"produit-repeatable":["https:\/\/www.tesalys.fr\/wp-content\/uploads\/2021\/02\/ambiances-55-scaled-800x600.jpg",800,600,true]},"uagb_author_info":{"display_name":"digeek","author_link":"https:\/\/www.tesalys.fr\/es\/author\/digeek\/"},"uagb_comment_info":0,"uagb_excerpt":"Utilisation des donn\u00e9es personnelles collect\u00e9es Comentarios Quand vous laissez un commentaire sur notre site web, les donn\u00e9es inscrites dans le formulaire de commentaire, mais aussi votre adresse IP et l\u2019agent utilisateur de votre navigateur sont collect\u00e9s pour nous aider \u00e0 la d\u00e9tection des commentaires ind\u00e9sirables. Une cha\u00eene anonymis\u00e9e cr\u00e9\u00e9e \u00e0 partir de votre adresse de&hellip;","_links":{"self":[{"href":"https:\/\/www.tesalys.fr\/es\/wp-json\/wp\/v2\/pages\/414","targetHints":{"allow":["GET"]}}],"collection":[{"href":"https:\/\/www.tesalys.fr\/es\/wp-json\/wp\/v2\/pages"}],"about":[{"href":"https:\/\/www.tesalys.fr\/es\/wp-json\/wp\/v2\/types\/page"}],"author":[{"embeddable":true,"href":"https:\/\/www.tesalys.fr\/es\/wp-json\/wp\/v2\/users\/1"}],"replies":[{"embeddable":true,"href":"https:\/\/www.tesalys.fr\/es\/wp-json\/wp\/v2\/comments?post=414"}],"version-history":[{"count":1,"href":"https:\/\/www.tesalys.fr\/es\/wp-json\/wp\/v2\/pages\/414\/revisions"}],"predecessor-version":[{"id":4908,"href":"https:\/\/www.tesalys.fr\/es\/wp-json\/wp\/v2\/pages\/414\/revisions\/4908"}],"wp:featuredmedia":[{"embeddable":true,"href":"https:\/\/www.tesalys.fr\/es\/wp-json\/wp\/v2\/media\/1809"}],"wp:attachment":[{"href":"https:\/\/www.tesalys.fr\/es\/wp-json\/wp\/v2\/media?parent=414"}],"curies":[{"name":"wp","href":"https:\/\/api.w.org\/{rel}","templated":true}]}}